{"id":1166,"date":"2017-11-27T11:55:57","date_gmt":"2017-11-27T10:55:57","guid":{"rendered":"http:\/\/www.metodomontorsi.it\/?page_id=1166"},"modified":"2021-12-29T12:04:28","modified_gmt":"2021-12-29T11:04:28","slug":"avvertenze-per-il-paziente","status":"publish","type":"page","link":"https:\/\/www.metodomontorsi.it\/fr\/avertissement-patients","title":{"rendered":"Avertissement pour les patients"},"content":{"rendered":"<p>La m\u00e9thode Montorsi se diff\u00e9rencie de la m\u00e9thode fran\u00e7aise ainsi que d&rsquo;autres m\u00e9thodes similaires en ce qui concerne son principe de fonctionnement, les mat\u00e9riaux et la m\u00e9thode d&rsquo;utilisation de ces derniers.<\/p>\n<p><strong>Seuls les m\u00e9decins qui sont cit\u00e9s dans <a href=\"http:\/\/www.metodomontorsi.it\/medici-acom-abilitati\">la liste du site<\/a><\/strong> ont particip\u00e9 \u00e0 la Formation \u00e0 la m\u00e9thode Montorsi (ont r\u00e9ussi l&rsquo;examen final) et peuvent utiliser l&rsquo;ACOM\u00ae et sont aptes \u00e0 l&rsquo;utiliser de fa\u00e7on orthodoxe.<\/p>\n<p>Les m\u00e9decins qui ne sont pas pr\u00e9sents <a href=\"http:\/\/www.metodomontorsi.it\/medici-acom-abilitati\">dans notre liste<\/a> ou qui utilisent d&rsquo;autres mat\u00e9riaux (Sodis, Ortho Tain, etc.) n&rsquo;ont aucun droit \u00e0 pr\u00e9tendre \u00e0 l&rsquo;utilisation de la m\u00e9thode Montorsi &#8211; ACOM (d&rsquo;autant plus que ACOM est une marque d\u00e9pos\u00e9e \u00ae et il est prot\u00e9g\u00e9 par le Copyright \u00a9).<\/p>\n<p><div class=\"alert mediplus alert-info\" role=\"alert\"><i class=\"fa fa-info-circle\"><\/i>&nbsp;En cas de doute sur la m\u00e9thode utilis\u00e9e par le praticien, veuillez appeler directement Mme Lucia Montorsi au +39 328 401 60 67 pour v\u00e9rifier la fiabilit\u00e9 du protocole utilis\u00e9.<\/div><\/p>","protected":false},"excerpt":{"rendered":"<p>La m\u00e9thode Montorsi se diff\u00e9rencie de la m\u00e9thode fran\u00e7aise ainsi que d&rsquo;autres m\u00e9thodes similaires en ce qui concerne son principe de fonctionnement, les mat\u00e9riaux et la m\u00e9thode d&rsquo;utilisation de ces derniers. Seuls les m\u00e9decins qui sont cit\u00e9s dans la liste du site ont particip\u00e9 \u00e0 la Formation \u00e0 la m\u00e9thode Montorsi (ont r\u00e9ussi l&rsquo;examen final)<\/p>\n","protected":false},"author":2,"featured_media":0,"parent":0,"menu_order":0,"comment_status":"closed","ping_status":"closed","template":"","meta":{"footnotes":""},"class_list":["post-1166","page","type-page","status-publish","hentry"],"yoast_head":"<!-- This site is optimized with the Yoast SEO plugin v27.4 - https:\/\/yoast.com\/product\/yoast-seo-wordpress\/ -->\r\n<title>Avertissement pour les patients &#8226; M\u00e9thode Montorsi Harmonisateurs cr\u00e2nio-occlusaux<\/title>\r\n<meta name=\"robots\" content=\"index, follow, max-snippet:-1, max-image-preview:large, max-video-preview:-1\" \/>\r\n<link rel=\"canonical\" href=\"https:\/\/www.metodomontorsi.it\/avvertenze-per-il-paziente\" \/>\r\n<meta property=\"og:locale\" content=\"fr_FR\" \/>\r\n<meta property=\"og:type\" content=\"article\" \/>\r\n<meta property=\"og:title\" content=\"Avertissement pour les patients &#8226; M\u00e9thode Montorsi Harmonisateurs cr\u00e2nio-occlusaux\" \/>\r\n<meta property=\"og:description\" content=\"La m\u00e9thode Montorsi se diff\u00e9rencie de la m\u00e9thode fran\u00e7aise ainsi que d&rsquo;autres m\u00e9thodes similaires en ce qui concerne son principe de fonctionnement, les mat\u00e9riaux et la m\u00e9thode d&rsquo;utilisation de ces derniers. Seuls les m\u00e9decins qui sont cit\u00e9s dans la liste du site ont particip\u00e9 \u00e0 la Formation \u00e0 la m\u00e9thode Montorsi (ont r\u00e9ussi l&rsquo;examen final)\" \/>\r\n<meta property=\"og:url\" content=\"https:\/\/www.metodomontorsi.it\/avvertenze-per-il-paziente\" \/>\r\n<meta property=\"og:site_name\" content=\"M\u00e9thode Montorsi Harmonisateurs cr\u00e2nio-occlusaux\" \/>\r\n<meta property=\"article:modified_time\" content=\"2021-12-29T11:04:28+00:00\" \/>\r\n<meta name=\"twitter:card\" content=\"summary_large_image\" \/>\r\n<meta name=\"twitter:label1\" content=\"Dur\u00e9e de lecture estim\u00e9e\" \/>\n\t<meta name=\"twitter:data1\" content=\"1 minute\" \/>\r\n<script type=\"application\/ld+json\" class=\"yoast-schema-graph\">{\"@context\":\"https:\\\/\\\/schema.org\",\"@graph\":[{\"@type\":\"WebPage\",\"@id\":\"https:\\\/\\\/www.metodomontorsi.it\\\/avvertenze-per-il-paziente\",\"url\":\"https:\\\/\\\/www.metodomontorsi.it\\\/avvertenze-per-il-paziente\",\"name\":\"Avertissement pour les patients &#8226; M\u00e9thode Montorsi Harmonisateurs cr\u00e2nio-occlusaux\",\"isPartOf\":{\"@id\":\"https:\\\/\\\/www.metodomontorsi.it\\\/#website\"},\"datePublished\":\"2017-11-27T10:55:57+00:00\",\"dateModified\":\"2021-12-29T11:04:28+00:00\",\"breadcrumb\":{\"@id\":\"https:\\\/\\\/www.metodomontorsi.it\\\/avvertenze-per-il-paziente#breadcrumb\"},\"inLanguage\":\"fr-FR\",\"potentialAction\":[{\"@type\":\"ReadAction\",\"target\":[\"https:\\\/\\\/www.metodomontorsi.it\\\/avvertenze-per-il-paziente\"]}]},{\"@type\":\"BreadcrumbList\",\"@id\":\"https:\\\/\\\/www.metodomontorsi.it\\\/avvertenze-per-il-paziente#breadcrumb\",\"itemListElement\":[{\"@type\":\"ListItem\",\"position\":1,\"name\":\"Home\",\"item\":\"https:\\\/\\\/www.metodomontorsi.it\\\/\"},{\"@type\":\"ListItem\",\"position\":2,\"name\":\"Avvertenze per il paziente\"}]},{\"@type\":\"WebSite\",\"@id\":\"https:\\\/\\\/www.metodomontorsi.it\\\/#website\",\"url\":\"https:\\\/\\\/www.metodomontorsi.it\\\/\",\"name\":\"M\u00e9thode Montorsi Harmonisateurs cr\u00e2nio-occlusaux\",\"description\":\"ACOM\u00ae harmonisateurs cr\u00e2nio-occlusaux montorsi\",\"publisher\":{\"@id\":\"https:\\\/\\\/www.metodomontorsi.it\\\/#organization\"},\"potentialAction\":[{\"@type\":\"SearchAction\",\"target\":{\"@type\":\"EntryPoint\",\"urlTemplate\":\"https:\\\/\\\/www.metodomontorsi.it\\\/?s={search_term_string}\"},\"query-input\":{\"@type\":\"PropertyValueSpecification\",\"valueRequired\":true,\"valueName\":\"search_term_string\"}}],\"inLanguage\":\"fr-FR\"},{\"@type\":\"Organization\",\"@id\":\"https:\\\/\\\/www.metodomontorsi.it\\\/#organization\",\"name\":\"ACOM - Metodo Montorsi\",\"url\":\"https:\\\/\\\/www.metodomontorsi.it\\\/\",\"logo\":{\"@type\":\"ImageObject\",\"inLanguage\":\"fr-FR\",\"@id\":\"https:\\\/\\\/www.metodomontorsi.it\\\/#\\\/schema\\\/logo\\\/image\\\/\",\"url\":\"http:\\\/\\\/www.metodomontorsi.it\\\/wp-content\\\/uploads\\\/2018\\\/02\\\/acom-metodo-montorsi-logo.png\",\"contentUrl\":\"http:\\\/\\\/www.metodomontorsi.it\\\/wp-content\\\/uploads\\\/2018\\\/02\\\/acom-metodo-montorsi-logo.png\",\"width\":160,\"height\":72,\"caption\":\"ACOM - Metodo Montorsi\"},\"image\":{\"@id\":\"https:\\\/\\\/www.metodomontorsi.it\\\/#\\\/schema\\\/logo\\\/image\\\/\"}}]}<\/script>\r\n<!-- \/ Yoast SEO plugin. -->","yoast_head_json":{"title":"Avertissement pour les patients &#8226; M\u00e9thode Montorsi Harmonisateurs cr\u00e2nio-occlusaux","robots":{"index":"index","follow":"follow","max-snippet":"max-snippet:-1","max-image-preview":"max-image-preview:large","max-video-preview":"max-video-preview:-1"},"canonical":"https:\/\/www.metodomontorsi.it\/avvertenze-per-il-paziente","og_locale":"fr_FR","og_type":"article","og_title":"Avertissement pour les patients &#8226; M\u00e9thode Montorsi Harmonisateurs cr\u00e2nio-occlusaux","og_description":"La m\u00e9thode Montorsi se diff\u00e9rencie de la m\u00e9thode fran\u00e7aise ainsi que d&rsquo;autres m\u00e9thodes similaires en ce qui concerne son principe de fonctionnement, les mat\u00e9riaux et la m\u00e9thode d&rsquo;utilisation de ces derniers. Seuls les m\u00e9decins qui sont cit\u00e9s dans la liste du site ont particip\u00e9 \u00e0 la Formation \u00e0 la m\u00e9thode Montorsi (ont r\u00e9ussi l&rsquo;examen final)","og_url":"https:\/\/www.metodomontorsi.it\/avvertenze-per-il-paziente","og_site_name":"M\u00e9thode Montorsi Harmonisateurs cr\u00e2nio-occlusaux","article_modified_time":"2021-12-29T11:04:28+00:00","twitter_card":"summary_large_image","twitter_misc":{"Dur\u00e9e de lecture estim\u00e9e":"1 minute"},"schema":{"@context":"https:\/\/schema.org","@graph":[{"@type":"WebPage","@id":"https:\/\/www.metodomontorsi.it\/avvertenze-per-il-paziente","url":"https:\/\/www.metodomontorsi.it\/avvertenze-per-il-paziente","name":"Avertissement pour les patients &#8226; M\u00e9thode Montorsi Harmonisateurs cr\u00e2nio-occlusaux","isPartOf":{"@id":"https:\/\/www.metodomontorsi.it\/#website"},"datePublished":"2017-11-27T10:55:57+00:00","dateModified":"2021-12-29T11:04:28+00:00","breadcrumb":{"@id":"https:\/\/www.metodomontorsi.it\/avvertenze-per-il-paziente#breadcrumb"},"inLanguage":"fr-FR","potentialAction":[{"@type":"ReadAction","target":["https:\/\/www.metodomontorsi.it\/avvertenze-per-il-paziente"]}]},{"@type":"BreadcrumbList","@id":"https:\/\/www.metodomontorsi.it\/avvertenze-per-il-paziente#breadcrumb","itemListElement":[{"@type":"ListItem","position":1,"name":"Home","item":"https:\/\/www.metodomontorsi.it\/"},{"@type":"ListItem","position":2,"name":"Avvertenze per il paziente"}]},{"@type":"WebSite","@id":"https:\/\/www.metodomontorsi.it\/#website","url":"https:\/\/www.metodomontorsi.it\/","name":"M\u00e9thode Montorsi Harmonisateurs cr\u00e2nio-occlusaux","description":"ACOM\u00ae harmonisateurs cr\u00e2nio-occlusaux montorsi","publisher":{"@id":"https:\/\/www.metodomontorsi.it\/#organization"},"potentialAction":[{"@type":"SearchAction","target":{"@type":"EntryPoint","urlTemplate":"https:\/\/www.metodomontorsi.it\/?s={search_term_string}"},"query-input":{"@type":"PropertyValueSpecification","valueRequired":true,"valueName":"search_term_string"}}],"inLanguage":"fr-FR"},{"@type":"Organization","@id":"https:\/\/www.metodomontorsi.it\/#organization","name":"ACOM - Metodo Montorsi","url":"https:\/\/www.metodomontorsi.it\/","logo":{"@type":"ImageObject","inLanguage":"fr-FR","@id":"https:\/\/www.metodomontorsi.it\/#\/schema\/logo\/image\/","url":"http:\/\/www.metodomontorsi.it\/wp-content\/uploads\/2018\/02\/acom-metodo-montorsi-logo.png","contentUrl":"http:\/\/www.metodomontorsi.it\/wp-content\/uploads\/2018\/02\/acom-metodo-montorsi-logo.png","width":160,"height":72,"caption":"ACOM - Metodo Montorsi"},"image":{"@id":"https:\/\/www.metodomontorsi.it\/#\/schema\/logo\/image\/"}}]}},"_links":{"self":[{"href":"https:\/\/www.metodomontorsi.it\/fr\/wp-json\/wp\/v2\/pages\/1166","targetHints":{"allow":["GET"]}}],"collection":[{"href":"https:\/\/www.metodomontorsi.it\/fr\/wp-json\/wp\/v2\/pages"}],"about":[{"href":"https:\/\/www.metodomontorsi.it\/fr\/wp-json\/wp\/v2\/types\/page"}],"author":[{"embeddable":true,"href":"https:\/\/www.metodomontorsi.it\/fr\/wp-json\/wp\/v2\/users\/2"}],"replies":[{"embeddable":true,"href":"https:\/\/www.metodomontorsi.it\/fr\/wp-json\/wp\/v2\/comments?post=1166"}],"version-history":[{"count":15,"href":"https:\/\/www.metodomontorsi.it\/fr\/wp-json\/wp\/v2\/pages\/1166\/revisions"}],"predecessor-version":[{"id":1809,"href":"https:\/\/www.metodomontorsi.it\/fr\/wp-json\/wp\/v2\/pages\/1166\/revisions\/1809"}],"wp:attachment":[{"href":"https:\/\/www.metodomontorsi.it\/fr\/wp-json\/wp\/v2\/media?parent=1166"}],"curies":[{"name":"wp","href":"https:\/\/api.w.org\/{rel}","templated":true}]}}