{"id":1214,"date":"2017-11-27T13:21:35","date_gmt":"2017-11-27T12:21:35","guid":{"rendered":"http:\/\/www.metodomontorsi.it\/?page_id=1214"},"modified":"2021-12-27T16:19:51","modified_gmt":"2021-12-27T15:19:51","slug":"secondo-quale-meccanismo-metodo-montorsi-acom-funziona","status":"publish","type":"page","link":"https:\/\/www.metodomontorsi.it\/fr\/pourquoi-methode-montorsi-acom-fonctionne","title":{"rendered":"Selon quel m\u00e9canisme fonctionne la m\u00e9thode Montorsi ACOM\u00ae\u00a0?"},"content":{"rendered":"<p>Ce qui est le plus surprenant c&rsquo;est qu&rsquo;un activateur aussi puissant ait \u00e9t\u00e9 n\u00e9glig\u00e9 pendant autant de temps, mais la raison en est peut-\u00eatre le manque de \u00ab\u00a0grantsmanship\u00a0\u00bb soit \u00ab\u00a0l&rsquo;art de faire une demande de financement\u00a0\u00bb de la part des cr\u00e9ateurs. Cependant, si pour cela un chercheur doit d\u00e9crire \u00e0 l&rsquo;avance ce qu&rsquo;il s&rsquo;attend \u00e0 d\u00e9couvrir, comment il va le faire et \u00e0 quel co\u00fbt, il semble bien que cela limite la recherche de ceux qui \u00ab\u00a0voient\u00a0\u00bb ce que les autres ne voient pas.<\/p>\n<p>Il y a de nombreuses ann\u00e9es, j&rsquo;ai personnellement pressenti que derri\u00e8re cette m\u00e9thode, il y avait d&rsquo;\u00e9normes potentiels non encore \u00e9tudi\u00e9s, ni m\u00eame \u00ab\u00a0imagin\u00e9s\u00a0\u00bb.<\/p>\n<p>Il y a plusieurs ann\u00e9es j&rsquo;ai commenc\u00e9 \u00e0 utiliser ces activateurs, au d\u00e9but presque comme un observateur de leurs effets \u00e9tonnants. Puis j&rsquo;ai commenc\u00e9 \u00e0 les \u00e9tudier et surtout \u00e0 essayer de comprendre pourquoi cela fonctionne ce qui, aussi incroyable que cela paraisse, n&rsquo;avait jamais \u00e9t\u00e9 expliqu\u00e9 de mani\u00e8re exhaustive.<\/p>\n<p>Il a \u00e9t\u00e9 observ\u00e9 que l&rsquo;extraordinaire effet orthop\u00e9dique cr\u00e2nio-occlusal donn\u00e9 par la visco\u00e9lasticit\u00e9 du mat\u00e9riau qui le compose et le repositionnement de la mandibule associ\u00e9 \u00e0 l&rsquo;action sur la m\u00e2choire sup\u00e9rieure provoque un \u00ab\u00a0effet de retour harmonieux\u00a0\u00bb sur les sutures cr\u00e2niennes avec une action de pouss\u00e9e sur les \u00ab\u00a0vecteurs\u00a0\u00bb des dents (qui sont aussi les vecteurs de croissance) qui convergent sur l&rsquo;apophyse crista-galli, point de d\u00e9part des membranes intracr\u00e2niennes de tension r\u00e9ciproque.<\/p>\n<p>Le concept est le suivant\u00a0: il existe une correspondance biunivoque entre l&rsquo;ost\u00e9opathie cr\u00e2nienne et l&rsquo;occlusion dentaire. C\u2019est la raison pour laquelle souvent (dans plus de 60% des cas) l&rsquo;orthodontie utilisant des appareils m\u00e9talliques et\/ou rigides provoque un d\u00e9s\u00e9quilibre \u00ab\u00a0contraint\u00a0\u00bb qui pr\u00e9dispose \u00e0 un d\u00e9s\u00e9quilibre que l&rsquo;organisme a tendance \u00e0 manifester dans d&rsquo;autres parties du corps. La colonne vert\u00e9brale, dont les vert\u00e8bres cervicales sont en continuit\u00e9 avec les os du cr\u00e2ne, est l&rsquo;organe tout indiqu\u00e9 pour favoriser les compensations qui peuvent, comme on l&rsquo;a vu, \u00e9voluer vers une scoliose.<br \/>\nLes images suivantes clarifient le concept de l&rsquo;action de pouss\u00e9e sur les vecteurs des dents\u00a0:<\/p>\n<hr \/>\n<p align=\"left\"><div class=\"row mediplus\"><div class=\" col-lg-4 col-md-12 col-sm-12 col-xs-12\"><img loading=\"lazy\" decoding=\"async\" class=\"aligncenter\" src=\"http:\/\/souletbesombes.it\/immagini\/cranio-occlusione.1.jpg\" width=\"142\" height=\"180\" border=\"0\" hspace=\"4\" \/><\/div><div class=\" col-lg-4 col-md-12 col-sm-12 col-xs-12\"><img decoding=\"async\" class=\"aligncenter\" src=\"http:\/\/souletbesombes.it\/immagini\/cranio-occlusione.2.gif\" border=\"0\" hspace=\"4\" \/><\/div><div class=\" col-lg-4 col-md-12 col-sm-12 col-xs-12\"><img loading=\"lazy\" decoding=\"async\" class=\"aligncenter\" src=\"http:\/\/souletbesombes.it\/immagini\/cranio-occlusione.3.gif\" width=\"191\" height=\"181\" border=\"0\" hspace=\"4\" \/><\/div><\/div><\/p>\n<hr \/>\n<p>\u00c0 la lumi\u00e8re de ce qui pr\u00e9c\u00e8de, il est \u00e9galement possible de comprendre le m\u00e9canisme d&rsquo;action du bruxisme\u00a0: lorsqu&rsquo;il y a des probl\u00e8mes occlusaux et que les membranes de tension r\u00e9ciproque sont en tension anormale, un m\u00e9canisme de d\u00e9fense s&rsquo;instaure visant \u00e0 d\u00e9charger ces tensions \u00e0 travers les dents, mais l&rsquo;usure des dents qui en r\u00e9sulte a tendance \u00e0 g\u00e9n\u00e9rer un cercle vicieux aggravant de plus en plus la situation.<\/p>\n<p>Ce m\u00e9canisme explique \u00e9galement pourquoi les patients en dysfonctionnement ont tendance \u00e0 casser les appareils orthodontiques et \u00e0 avoir des \u00ab\u00a0bagues\u00a0\u00bb orthodontiques qui se d\u00e9tachent continuellement, puisque les forces appliqu\u00e9es sur chaque dent entrent en conflit avec l\u2019\u00e9quilibre de la disposition des dents, intrins\u00e8que \u00e0 ce centre de forces. Voil\u00e0 la raison pour laquelle dans l&rsquo;orthodontie les r\u00e9cidives sont d&rsquo;autant plus \u00e9videntes que la position finale dict\u00e9e par la th\u00e9rapie orthodontique est loin de l&rsquo;\u00e9quilibre correct des forces.<\/p>\n<p>Dans ma pratique et mes observations, j&rsquo;ai constat\u00e9 que les sympt\u00f4mes les plus fr\u00e9quents associ\u00e9s \u00e0 la th\u00e9rapie orthodontique et, syst\u00e9matiquement ignor\u00e9s par l&rsquo;orthodontiste, sont les cauchemars ou l&rsquo;absence totale de r\u00eaves, les ph\u00e9nom\u00e8nes psychiques excessifs ou d\u00e9sagr\u00e9ables avec hyperactivit\u00e9, les difficult\u00e9s de concentration, la diminution de la cr\u00e9ativit\u00e9 et les probl\u00e8mes aux oreilles et aux yeux. Ces sympt\u00f4mes sont les m\u00eames qui, dans la m\u00e9decine \u00e9nerg\u00e9tique chinoise, correspondent au 6\u00e8me Chakra (le 3\u00e8me \u0153il) qui produit le contr\u00f4le de la conscience. Ce Chakra a son si\u00e8ge au niveau de la crista-galli et ces sympt\u00f4mes sont les premiers \u00e0 \u00eatre \u00e9liminer, quand ils sont pr\u00e9sents, par le passage de l&rsquo;orthodontie m\u00e9canique \u00e0 la m\u00e9thode Montorsi.<\/p>\n<p>Malheureusement, les P\u00e9diatres, M\u00e9decins g\u00e9n\u00e9ralistes, Orthop\u00e9distes, Dentistes et Orthodontistes continuent d&rsquo;ignorer la \u00ab\u00a0m\u00e9decine de l&rsquo;\u00e9vidence\u00a0\u00bb, se cachant derri\u00e8re des concepts de scientificit\u00e9 de plus en plus difficiles \u00e0 d\u00e9fendre.<\/p>","protected":false},"excerpt":{"rendered":"<p>Ce qui est le plus surprenant c&rsquo;est qu&rsquo;un activateur aussi puissant ait \u00e9t\u00e9 n\u00e9glig\u00e9 pendant autant de temps, mais la raison en est peut-\u00eatre le manque de \u00ab\u00a0grantsmanship\u00a0\u00bb soit \u00ab\u00a0l&rsquo;art de faire une demande de financement\u00a0\u00bb de la part des cr\u00e9ateurs. Cependant, si pour cela un chercheur doit d\u00e9crire \u00e0 l&rsquo;avance ce qu&rsquo;il s&rsquo;attend \u00e0<\/p>\n","protected":false},"author":2,"featured_media":0,"parent":0,"menu_order":0,"comment_status":"closed","ping_status":"closed","template":"","meta":{"footnotes":""},"class_list":["post-1214","page","type-page","status-publish","hentry"],"yoast_head":"<!-- This site is optimized with the Yoast SEO plugin v27.4 - https:\/\/yoast.com\/product\/yoast-seo-wordpress\/ -->\r\n<title>Perch\u00e9 il Metodo Montorsi funziona? | Metodo Montorsi ACOM\u00ae<\/title>\r\n<meta name=\"description\" content=\"Il concetto del Metodo Montorsi \u00e8 che vi \u00e8 una corrispondenza biunivoca tra osteopatia craniale ed occlusione dentale. Leggi e approfondisci l&#039;argomento.\" \/>\r\n<meta name=\"robots\" content=\"index, follow, max-snippet:-1, max-image-preview:large, max-video-preview:-1\" \/>\r\n<link rel=\"canonical\" href=\"https:\/\/www.metodomontorsi.it\/perche-metodo-montorsi-funziona\" \/>\r\n<meta property=\"og:locale\" content=\"fr_FR\" \/>\r\n<meta property=\"og:type\" content=\"article\" \/>\r\n<meta property=\"og:title\" content=\"Perch\u00e9 il Metodo Montorsi funziona? | Metodo Montorsi ACOM\u00ae\" \/>\r\n<meta property=\"og:description\" content=\"Il concetto del Metodo Montorsi \u00e8 che vi \u00e8 una corrispondenza biunivoca tra osteopatia craniale ed occlusione dentale. Leggi e approfondisci l&#039;argomento.\" \/>\r\n<meta property=\"og:url\" content=\"https:\/\/www.metodomontorsi.it\/perche-metodo-montorsi-funziona\" \/>\r\n<meta property=\"og:site_name\" content=\"M\u00e9thode Montorsi Harmonisateurs cr\u00e2nio-occlusaux\" \/>\r\n<meta property=\"article:modified_time\" content=\"2021-12-27T15:19:51+00:00\" \/>\r\n<meta property=\"og:image\" content=\"http:\/\/souletbesombes.it\/immagini\/cranio-occlusione.1.jpg\" \/>\r\n<meta name=\"twitter:card\" content=\"summary_large_image\" \/>\r\n<meta name=\"twitter:label1\" content=\"Dur\u00e9e de lecture estim\u00e9e\" \/>\n\t<meta name=\"twitter:data1\" content=\"10 minutes\" \/>\r\n<script type=\"application\/ld+json\" class=\"yoast-schema-graph\">{\"@context\":\"https:\\\/\\\/schema.org\",\"@graph\":[{\"@type\":\"WebPage\",\"@id\":\"https:\\\/\\\/www.metodomontorsi.it\\\/perche-metodo-montorsi-funziona\",\"url\":\"https:\\\/\\\/www.metodomontorsi.it\\\/perche-metodo-montorsi-funziona\",\"name\":\"Perch\u00e9 il Metodo Montorsi funziona? | Metodo Montorsi ACOM\u00ae\",\"isPartOf\":{\"@id\":\"https:\\\/\\\/www.metodomontorsi.it\\\/#website\"},\"primaryImageOfPage\":{\"@id\":\"https:\\\/\\\/www.metodomontorsi.it\\\/perche-metodo-montorsi-funziona#primaryimage\"},\"image\":{\"@id\":\"https:\\\/\\\/www.metodomontorsi.it\\\/perche-metodo-montorsi-funziona#primaryimage\"},\"thumbnailUrl\":\"http:\\\/\\\/souletbesombes.it\\\/immagini\\\/cranio-occlusione.1.jpg\",\"datePublished\":\"2017-11-27T12:21:35+00:00\",\"dateModified\":\"2021-12-27T15:19:51+00:00\",\"description\":\"Il concetto del Metodo Montorsi \u00e8 che vi \u00e8 una corrispondenza biunivoca tra osteopatia craniale ed occlusione dentale. Leggi e approfondisci l'argomento.\",\"breadcrumb\":{\"@id\":\"https:\\\/\\\/www.metodomontorsi.it\\\/perche-metodo-montorsi-funziona#breadcrumb\"},\"inLanguage\":\"fr-FR\",\"potentialAction\":[{\"@type\":\"ReadAction\",\"target\":[\"https:\\\/\\\/www.metodomontorsi.it\\\/perche-metodo-montorsi-funziona\"]}]},{\"@type\":\"ImageObject\",\"inLanguage\":\"fr-FR\",\"@id\":\"https:\\\/\\\/www.metodomontorsi.it\\\/perche-metodo-montorsi-funziona#primaryimage\",\"url\":\"http:\\\/\\\/souletbesombes.it\\\/immagini\\\/cranio-occlusione.1.jpg\",\"contentUrl\":\"http:\\\/\\\/souletbesombes.it\\\/immagini\\\/cranio-occlusione.1.jpg\"},{\"@type\":\"BreadcrumbList\",\"@id\":\"https:\\\/\\\/www.metodomontorsi.it\\\/perche-metodo-montorsi-funziona#breadcrumb\",\"itemListElement\":[{\"@type\":\"ListItem\",\"position\":1,\"name\":\"Home\",\"item\":\"https:\\\/\\\/www.metodomontorsi.it\\\/\"},{\"@type\":\"ListItem\",\"position\":2,\"name\":\"Secondo quale meccanismo il Metodo Montorsi Acom\u00ae funziona?\"}]},{\"@type\":\"WebSite\",\"@id\":\"https:\\\/\\\/www.metodomontorsi.it\\\/#website\",\"url\":\"https:\\\/\\\/www.metodomontorsi.it\\\/\",\"name\":\"M\u00e9thode Montorsi Harmonisateurs cr\u00e2nio-occlusaux\",\"description\":\"ACOM\u00ae harmonisateurs cr\u00e2nio-occlusaux montorsi\",\"publisher\":{\"@id\":\"https:\\\/\\\/www.metodomontorsi.it\\\/#organization\"},\"potentialAction\":[{\"@type\":\"SearchAction\",\"target\":{\"@type\":\"EntryPoint\",\"urlTemplate\":\"https:\\\/\\\/www.metodomontorsi.it\\\/?s={search_term_string}\"},\"query-input\":{\"@type\":\"PropertyValueSpecification\",\"valueRequired\":true,\"valueName\":\"search_term_string\"}}],\"inLanguage\":\"fr-FR\"},{\"@type\":\"Organization\",\"@id\":\"https:\\\/\\\/www.metodomontorsi.it\\\/#organization\",\"name\":\"ACOM - Metodo Montorsi\",\"url\":\"https:\\\/\\\/www.metodomontorsi.it\\\/\",\"logo\":{\"@type\":\"ImageObject\",\"inLanguage\":\"fr-FR\",\"@id\":\"https:\\\/\\\/www.metodomontorsi.it\\\/#\\\/schema\\\/logo\\\/image\\\/\",\"url\":\"http:\\\/\\\/www.metodomontorsi.it\\\/wp-content\\\/uploads\\\/2018\\\/02\\\/acom-metodo-montorsi-logo.png\",\"contentUrl\":\"http:\\\/\\\/www.metodomontorsi.it\\\/wp-content\\\/uploads\\\/2018\\\/02\\\/acom-metodo-montorsi-logo.png\",\"width\":160,\"height\":72,\"caption\":\"ACOM - Metodo Montorsi\"},\"image\":{\"@id\":\"https:\\\/\\\/www.metodomontorsi.it\\\/#\\\/schema\\\/logo\\\/image\\\/\"}}]}<\/script>\r\n<!-- \/ Yoast SEO plugin. -->","yoast_head_json":{"title":"Perch\u00e9 il Metodo Montorsi funziona? | Metodo Montorsi ACOM\u00ae","description":"Il concetto del Metodo Montorsi \u00e8 che vi \u00e8 una corrispondenza biunivoca tra osteopatia craniale ed occlusione dentale. Leggi e approfondisci l'argomento.","robots":{"index":"index","follow":"follow","max-snippet":"max-snippet:-1","max-image-preview":"max-image-preview:large","max-video-preview":"max-video-preview:-1"},"canonical":"https:\/\/www.metodomontorsi.it\/perche-metodo-montorsi-funziona","og_locale":"fr_FR","og_type":"article","og_title":"Perch\u00e9 il Metodo Montorsi funziona? | Metodo Montorsi ACOM\u00ae","og_description":"Il concetto del Metodo Montorsi \u00e8 che vi \u00e8 una corrispondenza biunivoca tra osteopatia craniale ed occlusione dentale. Leggi e approfondisci l'argomento.","og_url":"https:\/\/www.metodomontorsi.it\/perche-metodo-montorsi-funziona","og_site_name":"M\u00e9thode Montorsi Harmonisateurs cr\u00e2nio-occlusaux","article_modified_time":"2021-12-27T15:19:51+00:00","og_image":[{"url":"http:\/\/souletbesombes.it\/immagini\/cranio-occlusione.1.jpg","type":"","width":"","height":""}],"twitter_card":"summary_large_image","twitter_misc":{"Dur\u00e9e de lecture estim\u00e9e":"10 minutes"},"schema":{"@context":"https:\/\/schema.org","@graph":[{"@type":"WebPage","@id":"https:\/\/www.metodomontorsi.it\/perche-metodo-montorsi-funziona","url":"https:\/\/www.metodomontorsi.it\/perche-metodo-montorsi-funziona","name":"Perch\u00e9 il Metodo Montorsi funziona? | Metodo Montorsi ACOM\u00ae","isPartOf":{"@id":"https:\/\/www.metodomontorsi.it\/#website"},"primaryImageOfPage":{"@id":"https:\/\/www.metodomontorsi.it\/perche-metodo-montorsi-funziona#primaryimage"},"image":{"@id":"https:\/\/www.metodomontorsi.it\/perche-metodo-montorsi-funziona#primaryimage"},"thumbnailUrl":"http:\/\/souletbesombes.it\/immagini\/cranio-occlusione.1.jpg","datePublished":"2017-11-27T12:21:35+00:00","dateModified":"2021-12-27T15:19:51+00:00","description":"Il concetto del Metodo Montorsi \u00e8 che vi \u00e8 una corrispondenza biunivoca tra osteopatia craniale ed occlusione dentale. Leggi e approfondisci l'argomento.","breadcrumb":{"@id":"https:\/\/www.metodomontorsi.it\/perche-metodo-montorsi-funziona#breadcrumb"},"inLanguage":"fr-FR","potentialAction":[{"@type":"ReadAction","target":["https:\/\/www.metodomontorsi.it\/perche-metodo-montorsi-funziona"]}]},{"@type":"ImageObject","inLanguage":"fr-FR","@id":"https:\/\/www.metodomontorsi.it\/perche-metodo-montorsi-funziona#primaryimage","url":"http:\/\/souletbesombes.it\/immagini\/cranio-occlusione.1.jpg","contentUrl":"http:\/\/souletbesombes.it\/immagini\/cranio-occlusione.1.jpg"},{"@type":"BreadcrumbList","@id":"https:\/\/www.metodomontorsi.it\/perche-metodo-montorsi-funziona#breadcrumb","itemListElement":[{"@type":"ListItem","position":1,"name":"Home","item":"https:\/\/www.metodomontorsi.it\/"},{"@type":"ListItem","position":2,"name":"Secondo quale meccanismo il Metodo Montorsi Acom\u00ae funziona?"}]},{"@type":"WebSite","@id":"https:\/\/www.metodomontorsi.it\/#website","url":"https:\/\/www.metodomontorsi.it\/","name":"M\u00e9thode Montorsi Harmonisateurs cr\u00e2nio-occlusaux","description":"ACOM\u00ae harmonisateurs cr\u00e2nio-occlusaux montorsi","publisher":{"@id":"https:\/\/www.metodomontorsi.it\/#organization"},"potentialAction":[{"@type":"SearchAction","target":{"@type":"EntryPoint","urlTemplate":"https:\/\/www.metodomontorsi.it\/?s={search_term_string}"},"query-input":{"@type":"PropertyValueSpecification","valueRequired":true,"valueName":"search_term_string"}}],"inLanguage":"fr-FR"},{"@type":"Organization","@id":"https:\/\/www.metodomontorsi.it\/#organization","name":"ACOM - Metodo Montorsi","url":"https:\/\/www.metodomontorsi.it\/","logo":{"@type":"ImageObject","inLanguage":"fr-FR","@id":"https:\/\/www.metodomontorsi.it\/#\/schema\/logo\/image\/","url":"http:\/\/www.metodomontorsi.it\/wp-content\/uploads\/2018\/02\/acom-metodo-montorsi-logo.png","contentUrl":"http:\/\/www.metodomontorsi.it\/wp-content\/uploads\/2018\/02\/acom-metodo-montorsi-logo.png","width":160,"height":72,"caption":"ACOM - Metodo Montorsi"},"image":{"@id":"https:\/\/www.metodomontorsi.it\/#\/schema\/logo\/image\/"}}]}},"_links":{"self":[{"href":"https:\/\/www.metodomontorsi.it\/fr\/wp-json\/wp\/v2\/pages\/1214","targetHints":{"allow":["GET"]}}],"collection":[{"href":"https:\/\/www.metodomontorsi.it\/fr\/wp-json\/wp\/v2\/pages"}],"about":[{"href":"https:\/\/www.metodomontorsi.it\/fr\/wp-json\/wp\/v2\/types\/page"}],"author":[{"embeddable":true,"href":"https:\/\/www.metodomontorsi.it\/fr\/wp-json\/wp\/v2\/users\/2"}],"replies":[{"embeddable":true,"href":"https:\/\/www.metodomontorsi.it\/fr\/wp-json\/wp\/v2\/comments?post=1214"}],"version-history":[{"count":14,"href":"https:\/\/www.metodomontorsi.it\/fr\/wp-json\/wp\/v2\/pages\/1214\/revisions"}],"predecessor-version":[{"id":1783,"href":"https:\/\/www.metodomontorsi.it\/fr\/wp-json\/wp\/v2\/pages\/1214\/revisions\/1783"}],"wp:attachment":[{"href":"https:\/\/www.metodomontorsi.it\/fr\/wp-json\/wp\/v2\/media?parent=1214"}],"curies":[{"name":"wp","href":"https:\/\/api.w.org\/{rel}","templated":true}]}}