{"id":1226,"date":"2017-11-27T15:36:38","date_gmt":"2017-11-27T14:36:38","guid":{"rendered":"http:\/\/www.metodomontorsi.it\/?page_id=1226"},"modified":"2021-12-28T11:44:30","modified_gmt":"2021-12-28T10:44:30","slug":"lequilibrio-bocca-corpo-psiche","status":"publish","type":"page","link":"https:\/\/www.metodomontorsi.it\/fr\/equilibre-bouche-corps-psyche","title":{"rendered":"l&rsquo;\u00e9quilibre entre la bouche, le corps et la psych\u00e9"},"content":{"rendered":"<p>\u00c0 travers l\u2019observation des relations entre une bouche qui n\u2019est pas en \u00e9quilibre et divers types de pathologies (mentionn\u00e9es ci-dessous), nous avons eu la confirmation de notre vision de l\u2019\u00e9quilibre de la bouche.<\/p>\n<ul>\n<li>maux de t\u00eate<\/li>\n<li>mal de dos<\/li>\n<li>douleurs articulaires<\/li>\n<li>hernie discale<\/li>\n<li>scoliose, cyphose, lordose<\/li>\n<li>fr\u00e9quents traumatismes li\u00e9s aux activit\u00e9s sportives<\/li>\n<li>stress<\/li>\n<li>d\u00e9pression<\/li>\n<li>Probl\u00e8mes ORL (angines, otites, pharyngites)<\/li>\n<li>asthme<\/li>\n<li>acouph\u00e8ne<\/li>\n<li>ecz\u00e9ma<\/li>\n<li>dermatite<\/li>\n<li>troubles du sommeil (y compris les cauchemars)<\/li>\n<li>difficult\u00e9 de concentration<\/li>\n<li>dyslexie<\/li>\n<li>allergies<\/li>\n<li>vertiges<\/li>\n<li>pathologies de l&rsquo;ATM (articulations temporo-mandibulaires)<\/li>\n<\/ul>\n<hr \/>\n<div class=\"row mediplus\"><div class=\" col-lg-4 col-md-12 col-sm-12 col-xs-12\"><br \/>\n<img loading=\"lazy\" decoding=\"async\" class=\"alignnone size-full wp-image-1230\" src=\"http:\/\/www.metodomontorsi.it\/wp-content\/uploads\/2017\/11\/riccardo.v.1.jpg\" alt=\"\" width=\"118\" height=\"196\" srcset=\"https:\/\/www.metodomontorsi.it\/wp-content\/uploads\/2017\/11\/riccardo.v.1.jpg 118w, https:\/\/www.metodomontorsi.it\/wp-content\/uploads\/2017\/11\/riccardo.v.1-24x40.jpg 24w, https:\/\/www.metodomontorsi.it\/wp-content\/uploads\/2017\/11\/riccardo.v.1-42x70.jpg 42w\" sizes=\"auto, (max-width: 118px) 100vw, 118px\" \/><br \/>\nRiccardo V. (19 ans)<br \/>\nau d\u00e9but de la th\u00e9rapie<br \/>\n<\/div><div class=\" col-lg-4 col-md-12 col-sm-12 col-xs-12\"><br \/>\n<img loading=\"lazy\" decoding=\"async\" class=\"alignnone size-full wp-image-1231\" src=\"http:\/\/www.metodomontorsi.it\/wp-content\/uploads\/2017\/11\/riccardo.v.2.jpg\" alt=\"\" width=\"116\" height=\"196\" srcset=\"https:\/\/www.metodomontorsi.it\/wp-content\/uploads\/2017\/11\/riccardo.v.2.jpg 116w, https:\/\/www.metodomontorsi.it\/wp-content\/uploads\/2017\/11\/riccardo.v.2-24x40.jpg 24w, https:\/\/www.metodomontorsi.it\/wp-content\/uploads\/2017\/11\/riccardo.v.2-41x70.jpg 41w\" sizes=\"auto, (max-width: 116px) 100vw, 116px\" \/><br \/>\nRiccardo V.<br \/>\napr\u00e8s 4 mois<br \/>\n<\/div><div class=\" col-lg-4 col-md-12 col-sm-12 col-xs-12\"><br \/>\n<img loading=\"lazy\" decoding=\"async\" class=\"alignnone size-full wp-image-1232\" src=\"http:\/\/www.metodomontorsi.it\/wp-content\/uploads\/2017\/11\/riccardo.v.3.jpg\" alt=\"\" width=\"117\" height=\"196\" srcset=\"https:\/\/www.metodomontorsi.it\/wp-content\/uploads\/2017\/11\/riccardo.v.3.jpg 117w, https:\/\/www.metodomontorsi.it\/wp-content\/uploads\/2017\/11\/riccardo.v.3-24x40.jpg 24w, https:\/\/www.metodomontorsi.it\/wp-content\/uploads\/2017\/11\/riccardo.v.3-42x70.jpg 42w\" sizes=\"auto, (max-width: 117px) 100vw, 117px\" \/><br \/>\nRiccardo V.<br \/>\napr\u00e8s 10 mois<br \/>\n<\/div><\/div>\n<hr \/>\n<p>La m\u00e9thode Montorsi est aussi efficace chez l&rsquo;adulte que chez l&rsquo;enfant o\u00f9, en plus des m\u00eames r\u00e9sultats remarquables, il y a tr\u00e8s souvent r\u00e9mission des sympt\u00f4mes.<\/p>\n<p>L&rsquo;occlusion est modifi\u00e9e de mani\u00e8re positive m\u00eame dans les cas d\u00e9j\u00e0 trait\u00e9s, depuis longtemps, par de l&rsquo;orthodontie qui a amen\u00e9 \u00e0 des r\u00e9sultats qui ne sont ni stables ni satisfaisants. Les trois cas pr\u00e9sent\u00e9s ci-dessous, o\u00f9 l\u2019on voit des photos apr\u00e8s plusieurs ann\u00e9es d&rsquo;orthodontie et les photos des r\u00e9sultats apr\u00e8s moins de deux ans de th\u00e9rapie avec <strong>l&rsquo;Harmonisateur Cr\u00e2nio-Occlusal Montorsi ACOM\u00ae<\/strong>, en sont un exemple.<\/p>\n<hr \/>\n<div class=\"row mediplus\"><div class=\" col-lg-4 col-md-12 col-sm-12 col-xs-12\"><br \/>\nMartina S. (14 ans) apr\u00e8s 4 ans d&rsquo;orthodontie et apr\u00e8s 18 mois d&rsquo;ACOM\u00ae<br \/>\n<img loading=\"lazy\" decoding=\"async\" class=\"alignnone wp-image-1237 size-full\" src=\"http:\/\/www.metodomontorsi.it\/wp-content\/uploads\/2017\/11\/Martina_S.jpg\" alt=\"\" width=\"171\" height=\"267\" srcset=\"https:\/\/www.metodomontorsi.it\/wp-content\/uploads\/2017\/11\/Martina_S.jpg 171w, https:\/\/www.metodomontorsi.it\/wp-content\/uploads\/2017\/11\/Martina_S-26x40.jpg 26w, https:\/\/www.metodomontorsi.it\/wp-content\/uploads\/2017\/11\/Martina_S-45x70.jpg 45w\" sizes=\"auto, (max-width: 171px) 100vw, 171px\" \/><br \/>\n<\/div><div class=\" col-lg-4 col-md-12 col-sm-12 col-xs-12\"><br \/>\nPatrizia D. (39 ans) apr\u00e8s une th\u00e9rapie orthodontique et apr\u00e8s 19 mois d&rsquo;ACOM\u00ae<br \/>\n<img loading=\"lazy\" decoding=\"async\" class=\"alignnone wp-image-1238 size-full\" src=\"http:\/\/www.metodomontorsi.it\/wp-content\/uploads\/2017\/11\/Patrizia_D.jpg\" alt=\"\" width=\"171\" height=\"267\" srcset=\"https:\/\/www.metodomontorsi.it\/wp-content\/uploads\/2017\/11\/Patrizia_D.jpg 171w, https:\/\/www.metodomontorsi.it\/wp-content\/uploads\/2017\/11\/Patrizia_D-26x40.jpg 26w, https:\/\/www.metodomontorsi.it\/wp-content\/uploads\/2017\/11\/Patrizia_D-45x70.jpg 45w\" sizes=\"auto, (max-width: 171px) 100vw, 171px\" \/><br \/>\n<\/div><div class=\" col-lg-4 col-md-12 col-sm-12 col-xs-12\"><\/p>\n<p>Alberto C. (39 ans) au d\u00e9but de la th\u00e9rapie ACOM\u00ae et apr\u00e8s 16 mois d&rsquo;ACOM\u00ae<br \/>\n<img loading=\"lazy\" decoding=\"async\" class=\"alignnone wp-image-1239 size-full\" src=\"http:\/\/www.metodomontorsi.it\/wp-content\/uploads\/2017\/11\/Alberto_C.jpg\" alt=\"\" width=\"171\" height=\"267\" srcset=\"https:\/\/www.metodomontorsi.it\/wp-content\/uploads\/2017\/11\/Alberto_C.jpg 171w, https:\/\/www.metodomontorsi.it\/wp-content\/uploads\/2017\/11\/Alberto_C-26x40.jpg 26w, https:\/\/www.metodomontorsi.it\/wp-content\/uploads\/2017\/11\/Alberto_C-45x70.jpg 45w\" sizes=\"auto, (max-width: 171px) 100vw, 171px\" \/><br \/>\n<\/div><\/div>\n<hr \/>\n<p><a href=\"https:\/\/www.metodomontorsi.it\/fr\/reequilibrage-systeme-tonique-postural\/\">Lire la suite<\/a><\/p>","protected":false},"excerpt":{"rendered":"<p>\u00c0 travers l\u2019observation des relations entre une bouche qui n\u2019est pas en \u00e9quilibre et divers types de pathologies (mentionn\u00e9es ci-dessous), nous avons eu la confirmation de notre vision de l\u2019\u00e9quilibre de la bouche. maux de t\u00eate mal de dos douleurs articulaires hernie discale scoliose, cyphose, lordose fr\u00e9quents traumatismes li\u00e9s aux activit\u00e9s sportives stress d\u00e9pression Probl\u00e8mes<\/p>\n","protected":false},"author":2,"featured_media":0,"parent":0,"menu_order":0,"comment_status":"closed","ping_status":"closed","template":"","meta":{"footnotes":""},"class_list":["post-1226","page","type-page","status-publish","hentry"],"yoast_head":"<!-- This site is optimized with the Yoast SEO plugin v27.4 - https:\/\/yoast.com\/product\/yoast-seo-wordpress\/ -->\r\n<title>l&#039;\u00e9quilibre entre la bouche, le corps et la psych\u00e9 &#8226; M\u00e9thode Montorsi Harmonisateurs cr\u00e2nio-occlusaux<\/title>\r\n<meta name=\"robots\" content=\"index, follow, max-snippet:-1, max-image-preview:large, max-video-preview:-1\" \/>\r\n<link rel=\"canonical\" href=\"https:\/\/www.metodomontorsi.it\/equilibrio-bocca-corpo-psiche\" \/>\r\n<meta property=\"og:locale\" content=\"fr_FR\" \/>\r\n<meta property=\"og:type\" content=\"article\" \/>\r\n<meta property=\"og:title\" content=\"l&#039;\u00e9quilibre entre la bouche, le corps et la psych\u00e9 &#8226; M\u00e9thode Montorsi Harmonisateurs cr\u00e2nio-occlusaux\" \/>\r\n<meta property=\"og:description\" content=\"\u00c0 travers l\u2019observation des relations entre une bouche qui n\u2019est pas en \u00e9quilibre et divers types de pathologies (mentionn\u00e9es ci-dessous), nous avons eu la confirmation de notre vision de l\u2019\u00e9quilibre de la bouche. maux de t\u00eate mal de dos douleurs articulaires hernie discale scoliose, cyphose, lordose fr\u00e9quents traumatismes li\u00e9s aux activit\u00e9s sportives stress d\u00e9pression Probl\u00e8mes\" \/>\r\n<meta property=\"og:url\" content=\"https:\/\/www.metodomontorsi.it\/equilibrio-bocca-corpo-psiche\" \/>\r\n<meta property=\"og:site_name\" content=\"M\u00e9thode Montorsi Harmonisateurs cr\u00e2nio-occlusaux\" \/>\r\n<meta property=\"article:modified_time\" content=\"2021-12-28T10:44:30+00:00\" \/>\r\n<meta property=\"og:image\" content=\"http:\/\/www.metodomontorsi.it\/wp-content\/uploads\/2017\/11\/riccardo.v.1.jpg\" \/>\r\n<meta name=\"twitter:card\" content=\"summary_large_image\" \/>\r\n<meta name=\"twitter:label1\" content=\"Dur\u00e9e de lecture estim\u00e9e\" \/>\n\t<meta name=\"twitter:data1\" content=\"3 minutes\" \/>\r\n<script type=\"application\/ld+json\" class=\"yoast-schema-graph\">{\"@context\":\"https:\\\/\\\/schema.org\",\"@graph\":[{\"@type\":\"WebPage\",\"@id\":\"https:\\\/\\\/www.metodomontorsi.it\\\/equilibrio-bocca-corpo-psiche\",\"url\":\"https:\\\/\\\/www.metodomontorsi.it\\\/equilibrio-bocca-corpo-psiche\",\"name\":\"l'\u00e9quilibre entre la bouche, le corps et la psych\u00e9 &#8226; M\u00e9thode Montorsi Harmonisateurs cr\u00e2nio-occlusaux\",\"isPartOf\":{\"@id\":\"https:\\\/\\\/www.metodomontorsi.it\\\/#website\"},\"primaryImageOfPage\":{\"@id\":\"https:\\\/\\\/www.metodomontorsi.it\\\/equilibrio-bocca-corpo-psiche#primaryimage\"},\"image\":{\"@id\":\"https:\\\/\\\/www.metodomontorsi.it\\\/equilibrio-bocca-corpo-psiche#primaryimage\"},\"thumbnailUrl\":\"http:\\\/\\\/www.metodomontorsi.it\\\/wp-content\\\/uploads\\\/2017\\\/11\\\/riccardo.v.1.jpg\",\"datePublished\":\"2017-11-27T14:36:38+00:00\",\"dateModified\":\"2021-12-28T10:44:30+00:00\",\"breadcrumb\":{\"@id\":\"https:\\\/\\\/www.metodomontorsi.it\\\/equilibrio-bocca-corpo-psiche#breadcrumb\"},\"inLanguage\":\"fr-FR\",\"potentialAction\":[{\"@type\":\"ReadAction\",\"target\":[\"https:\\\/\\\/www.metodomontorsi.it\\\/equilibrio-bocca-corpo-psiche\"]}]},{\"@type\":\"ImageObject\",\"inLanguage\":\"fr-FR\",\"@id\":\"https:\\\/\\\/www.metodomontorsi.it\\\/equilibrio-bocca-corpo-psiche#primaryimage\",\"url\":\"http:\\\/\\\/www.metodomontorsi.it\\\/wp-content\\\/uploads\\\/2017\\\/11\\\/riccardo.v.1.jpg\",\"contentUrl\":\"http:\\\/\\\/www.metodomontorsi.it\\\/wp-content\\\/uploads\\\/2017\\\/11\\\/riccardo.v.1.jpg\"},{\"@type\":\"BreadcrumbList\",\"@id\":\"https:\\\/\\\/www.metodomontorsi.it\\\/equilibrio-bocca-corpo-psiche#breadcrumb\",\"itemListElement\":[{\"@type\":\"ListItem\",\"position\":1,\"name\":\"Home\",\"item\":\"https:\\\/\\\/www.metodomontorsi.it\\\/\"},{\"@type\":\"ListItem\",\"position\":2,\"name\":\"L&#8217;equilibrio tra Bocca, Corpo e Psiche\"}]},{\"@type\":\"WebSite\",\"@id\":\"https:\\\/\\\/www.metodomontorsi.it\\\/#website\",\"url\":\"https:\\\/\\\/www.metodomontorsi.it\\\/\",\"name\":\"M\u00e9thode Montorsi Harmonisateurs cr\u00e2nio-occlusaux\",\"description\":\"ACOM\u00ae harmonisateurs cr\u00e2nio-occlusaux montorsi\",\"publisher\":{\"@id\":\"https:\\\/\\\/www.metodomontorsi.it\\\/#organization\"},\"potentialAction\":[{\"@type\":\"SearchAction\",\"target\":{\"@type\":\"EntryPoint\",\"urlTemplate\":\"https:\\\/\\\/www.metodomontorsi.it\\\/?s={search_term_string}\"},\"query-input\":{\"@type\":\"PropertyValueSpecification\",\"valueRequired\":true,\"valueName\":\"search_term_string\"}}],\"inLanguage\":\"fr-FR\"},{\"@type\":\"Organization\",\"@id\":\"https:\\\/\\\/www.metodomontorsi.it\\\/#organization\",\"name\":\"ACOM - Metodo Montorsi\",\"url\":\"https:\\\/\\\/www.metodomontorsi.it\\\/\",\"logo\":{\"@type\":\"ImageObject\",\"inLanguage\":\"fr-FR\",\"@id\":\"https:\\\/\\\/www.metodomontorsi.it\\\/#\\\/schema\\\/logo\\\/image\\\/\",\"url\":\"http:\\\/\\\/www.metodomontorsi.it\\\/wp-content\\\/uploads\\\/2018\\\/02\\\/acom-metodo-montorsi-logo.png\",\"contentUrl\":\"http:\\\/\\\/www.metodomontorsi.it\\\/wp-content\\\/uploads\\\/2018\\\/02\\\/acom-metodo-montorsi-logo.png\",\"width\":160,\"height\":72,\"caption\":\"ACOM - Metodo Montorsi\"},\"image\":{\"@id\":\"https:\\\/\\\/www.metodomontorsi.it\\\/#\\\/schema\\\/logo\\\/image\\\/\"}}]}<\/script>\r\n<!-- \/ Yoast SEO plugin. -->","yoast_head_json":{"title":"l'\u00e9quilibre entre la bouche, le corps et la psych\u00e9 &#8226; M\u00e9thode Montorsi Harmonisateurs cr\u00e2nio-occlusaux","robots":{"index":"index","follow":"follow","max-snippet":"max-snippet:-1","max-image-preview":"max-image-preview:large","max-video-preview":"max-video-preview:-1"},"canonical":"https:\/\/www.metodomontorsi.it\/equilibrio-bocca-corpo-psiche","og_locale":"fr_FR","og_type":"article","og_title":"l'\u00e9quilibre entre la bouche, le corps et la psych\u00e9 &#8226; M\u00e9thode Montorsi Harmonisateurs cr\u00e2nio-occlusaux","og_description":"\u00c0 travers l\u2019observation des relations entre une bouche qui n\u2019est pas en \u00e9quilibre et divers types de pathologies (mentionn\u00e9es ci-dessous), nous avons eu la confirmation de notre vision de l\u2019\u00e9quilibre de la bouche. maux de t\u00eate mal de dos douleurs articulaires hernie discale scoliose, cyphose, lordose fr\u00e9quents traumatismes li\u00e9s aux activit\u00e9s sportives stress d\u00e9pression Probl\u00e8mes","og_url":"https:\/\/www.metodomontorsi.it\/equilibrio-bocca-corpo-psiche","og_site_name":"M\u00e9thode Montorsi Harmonisateurs cr\u00e2nio-occlusaux","article_modified_time":"2021-12-28T10:44:30+00:00","og_image":[{"url":"http:\/\/www.metodomontorsi.it\/wp-content\/uploads\/2017\/11\/riccardo.v.1.jpg","type":"","width":"","height":""}],"twitter_card":"summary_large_image","twitter_misc":{"Dur\u00e9e de lecture estim\u00e9e":"3 minutes"},"schema":{"@context":"https:\/\/schema.org","@graph":[{"@type":"WebPage","@id":"https:\/\/www.metodomontorsi.it\/equilibrio-bocca-corpo-psiche","url":"https:\/\/www.metodomontorsi.it\/equilibrio-bocca-corpo-psiche","name":"l'\u00e9quilibre entre la bouche, le corps et la psych\u00e9 &#8226; M\u00e9thode Montorsi Harmonisateurs cr\u00e2nio-occlusaux","isPartOf":{"@id":"https:\/\/www.metodomontorsi.it\/#website"},"primaryImageOfPage":{"@id":"https:\/\/www.metodomontorsi.it\/equilibrio-bocca-corpo-psiche#primaryimage"},"image":{"@id":"https:\/\/www.metodomontorsi.it\/equilibrio-bocca-corpo-psiche#primaryimage"},"thumbnailUrl":"http:\/\/www.metodomontorsi.it\/wp-content\/uploads\/2017\/11\/riccardo.v.1.jpg","datePublished":"2017-11-27T14:36:38+00:00","dateModified":"2021-12-28T10:44:30+00:00","breadcrumb":{"@id":"https:\/\/www.metodomontorsi.it\/equilibrio-bocca-corpo-psiche#breadcrumb"},"inLanguage":"fr-FR","potentialAction":[{"@type":"ReadAction","target":["https:\/\/www.metodomontorsi.it\/equilibrio-bocca-corpo-psiche"]}]},{"@type":"ImageObject","inLanguage":"fr-FR","@id":"https:\/\/www.metodomontorsi.it\/equilibrio-bocca-corpo-psiche#primaryimage","url":"http:\/\/www.metodomontorsi.it\/wp-content\/uploads\/2017\/11\/riccardo.v.1.jpg","contentUrl":"http:\/\/www.metodomontorsi.it\/wp-content\/uploads\/2017\/11\/riccardo.v.1.jpg"},{"@type":"BreadcrumbList","@id":"https:\/\/www.metodomontorsi.it\/equilibrio-bocca-corpo-psiche#breadcrumb","itemListElement":[{"@type":"ListItem","position":1,"name":"Home","item":"https:\/\/www.metodomontorsi.it\/"},{"@type":"ListItem","position":2,"name":"L&#8217;equilibrio tra Bocca, Corpo e Psiche"}]},{"@type":"WebSite","@id":"https:\/\/www.metodomontorsi.it\/#website","url":"https:\/\/www.metodomontorsi.it\/","name":"M\u00e9thode Montorsi Harmonisateurs cr\u00e2nio-occlusaux","description":"ACOM\u00ae harmonisateurs cr\u00e2nio-occlusaux montorsi","publisher":{"@id":"https:\/\/www.metodomontorsi.it\/#organization"},"potentialAction":[{"@type":"SearchAction","target":{"@type":"EntryPoint","urlTemplate":"https:\/\/www.metodomontorsi.it\/?s={search_term_string}"},"query-input":{"@type":"PropertyValueSpecification","valueRequired":true,"valueName":"search_term_string"}}],"inLanguage":"fr-FR"},{"@type":"Organization","@id":"https:\/\/www.metodomontorsi.it\/#organization","name":"ACOM - Metodo Montorsi","url":"https:\/\/www.metodomontorsi.it\/","logo":{"@type":"ImageObject","inLanguage":"fr-FR","@id":"https:\/\/www.metodomontorsi.it\/#\/schema\/logo\/image\/","url":"http:\/\/www.metodomontorsi.it\/wp-content\/uploads\/2018\/02\/acom-metodo-montorsi-logo.png","contentUrl":"http:\/\/www.metodomontorsi.it\/wp-content\/uploads\/2018\/02\/acom-metodo-montorsi-logo.png","width":160,"height":72,"caption":"ACOM - Metodo Montorsi"},"image":{"@id":"https:\/\/www.metodomontorsi.it\/#\/schema\/logo\/image\/"}}]}},"_links":{"self":[{"href":"https:\/\/www.metodomontorsi.it\/fr\/wp-json\/wp\/v2\/pages\/1226","targetHints":{"allow":["GET"]}}],"collection":[{"href":"https:\/\/www.metodomontorsi.it\/fr\/wp-json\/wp\/v2\/pages"}],"about":[{"href":"https:\/\/www.metodomontorsi.it\/fr\/wp-json\/wp\/v2\/types\/page"}],"author":[{"embeddable":true,"href":"https:\/\/www.metodomontorsi.it\/fr\/wp-json\/wp\/v2\/users\/2"}],"replies":[{"embeddable":true,"href":"https:\/\/www.metodomontorsi.it\/fr\/wp-json\/wp\/v2\/comments?post=1226"}],"version-history":[{"count":18,"href":"https:\/\/www.metodomontorsi.it\/fr\/wp-json\/wp\/v2\/pages\/1226\/revisions"}],"predecessor-version":[{"id":1790,"href":"https:\/\/www.metodomontorsi.it\/fr\/wp-json\/wp\/v2\/pages\/1226\/revisions\/1790"}],"wp:attachment":[{"href":"https:\/\/www.metodomontorsi.it\/fr\/wp-json\/wp\/v2\/media?parent=1226"}],"curies":[{"name":"wp","href":"https:\/\/api.w.org\/{rel}","templated":true}]}}