{"id":1247,"date":"2017-11-27T16:22:42","date_gmt":"2017-11-27T15:22:42","guid":{"rendered":"http:\/\/www.metodomontorsi.it\/?page_id=1247"},"modified":"2022-04-01T17:39:43","modified_gmt":"2022-04-01T15:39:43","slug":"riequilibrio-del-sistema-tonico-posturale","status":"publish","type":"page","link":"https:\/\/www.metodomontorsi.it\/fr\/reequilibrage-systeme-tonique-postural","title":{"rendered":"R\u00e9\u00e9quilibrage du syst\u00e8me tonique-postural"},"content":{"rendered":"<p>On a tendance \u00e0 mettre des appareils orthodontiques \u00e0 des enfants de plus en plus jeunes en pr\u00e9tendant faire de l&rsquo;\u00ab orthodontie interceptive \u00bb, mais cette pratique s&rsquo;av\u00e8re souvent, non seulement inutile, mais surtout n\u00e9faste en raison de l&rsquo;immaturit\u00e9 du syst\u00e8me tonique-postural. En tant qu&rsquo;appareils rigides plac\u00e9s sur les arcades dentaires, ils impliquent un d\u00e9s\u00e9quilibre \u00ab\u00a0contraint\u00a0\u00bb qui pr\u00e9dispose \u00e0 un d\u00e9s\u00e9quilibre que l&rsquo;organisme a tendance \u00e0 manifester dans d&rsquo;autres parties du corps. La colonne vert\u00e9brale, dont les vert\u00e8bres cervicales sont en continuit\u00e9 avec les os du cr\u00e2ne, est l&rsquo;organe tout indiqu\u00e9 pour favoriser les compensations qui peuvent, comme on l&rsquo;a vu, \u00e9voluer vers une scoliose.<\/p>\n<p>Un traitement orthodontique qui ne donne pas de r\u00e9sultats en 18-24 mois, mais dure au fil des ans, d\u00e9montre une \u00ab\u00a0r\u00e9sistance\u00a0\u00bb du corps \u00e0 des forces qui d\u00e9passent sa capacit\u00e9 d&rsquo;adaptation. C&rsquo;est le cas, par exemple, de Giovanni qui apr\u00e8s 3 ans et demi de \u00ab\u00a0traitement orthodontique fixe\u00a0\u00bb avait, en plus des mauvais r\u00e9sultats esth\u00e9tiques et fonctionnels, commenc\u00e9 \u00e0 marcher de mani\u00e8re dysharmonieuse, \u00e0 pr\u00e9senter des sympt\u00f4mes douloureux au niveau de la colonne vert\u00e9brale et \u00e0 avoir de fr\u00e9quents maux de t\u00eate.<\/p>\n<p>Le p\u00e8re, ayant prit connaissance de la m\u00e9thode Soulet-Besombe, a d\u00e9cid\u00e9 de suspendre le traitement orthodontique, de changer de direction et d&rsquo;utiliser cette m\u00e9thode\u00a0; le gar\u00e7on reprit rapidement une marche harmonieuse, vit ses sympt\u00f4mes dispara\u00eetre et obtint les r\u00e9sultats rapport\u00e9s ci-dessous.<\/p>\n<hr \/>\n<p align=\"left\"><div class=\"row mediplus\"><div class=\" col-lg-6 col-md-12 col-sm-12 col-xs-12\"><\/p>\n<p align=\"left\">Giovanni C. (15 ans) au d\u00e9but de la th\u00e9rapie et apr\u00e8s 3\u00bd ans d&rsquo;orthodontie<br \/>\n<img loading=\"lazy\" decoding=\"async\" class=\"alignnone size-full wp-image-1250\" src=\"http:\/\/www.metodomontorsi.it\/wp-content\/uploads\/2017\/11\/giovanni_c1.jpg\" alt=\"\" width=\"171\" height=\"267\" srcset=\"https:\/\/www.metodomontorsi.it\/wp-content\/uploads\/2017\/11\/giovanni_c1.jpg 171w, https:\/\/www.metodomontorsi.it\/wp-content\/uploads\/2017\/11\/giovanni_c1-26x40.jpg 26w, https:\/\/www.metodomontorsi.it\/wp-content\/uploads\/2017\/11\/giovanni_c1-45x70.jpg 45w\" sizes=\"auto, (max-width: 171px) 100vw, 171px\" \/><br \/>\n<\/div><div class=\" col-lg-6 col-md-12 col-sm-12 col-xs-12\"><\/p>\n<p align=\"left\">Giovanni C. apr\u00e8s 18 mois d&rsquo;ACOM\u00ae<\/p>\n<p align=\"left\">__<\/p>\n<p align=\"left\"><img loading=\"lazy\" decoding=\"async\" class=\"alignnone size-full wp-image-1251\" src=\"http:\/\/www.metodomontorsi.it\/wp-content\/uploads\/2017\/11\/giovanni_c2.jpg\" alt=\"\" width=\"171\" height=\"267\" srcset=\"https:\/\/www.metodomontorsi.it\/wp-content\/uploads\/2017\/11\/giovanni_c2.jpg 171w, https:\/\/www.metodomontorsi.it\/wp-content\/uploads\/2017\/11\/giovanni_c2-26x40.jpg 26w, https:\/\/www.metodomontorsi.it\/wp-content\/uploads\/2017\/11\/giovanni_c2-45x70.jpg 45w\" sizes=\"auto, (max-width: 171px) 100vw, 171px\" \/><\/p>\n<p align=\"left\"><\/div><\/div><\/p>\n<hr \/>\n<p align=\"left\"><div class=\"row mediplus\"><div class=\" col-lg-4 col-md-12 col-sm-12 col-xs-12\"><\/p>\n<p align=\"left\">Giovanni C. (15 ans) au d\u00e9but de la th\u00e9rapie et apr\u00e8s 3\u00bd ans d&rsquo;orthodontie et apr\u00e8s 18 mois d&rsquo;ACOM\u00ae<br \/>\n<img loading=\"lazy\" decoding=\"async\" class=\"alignnone size-full wp-image-1253\" src=\"http:\/\/www.metodomontorsi.it\/wp-content\/uploads\/2017\/11\/giovanni_c3.jpg\" alt=\"\" width=\"171\" height=\"317\" srcset=\"https:\/\/www.metodomontorsi.it\/wp-content\/uploads\/2017\/11\/giovanni_c3.jpg 171w, https:\/\/www.metodomontorsi.it\/wp-content\/uploads\/2017\/11\/giovanni_c3-148x275.jpg 148w, https:\/\/www.metodomontorsi.it\/wp-content\/uploads\/2017\/11\/giovanni_c3-22x40.jpg 22w, https:\/\/www.metodomontorsi.it\/wp-content\/uploads\/2017\/11\/giovanni_c3-38x70.jpg 38w\" sizes=\"auto, (max-width: 171px) 100vw, 171px\" \/><br \/>\n<\/div><div class=\" col-lg-4 col-md-12 col-sm-12 col-xs-12\"><\/p>\n<p align=\"left\">Giovanni C. (15 ans) au d\u00e9but de la th\u00e9rapie et apr\u00e8s 3\u00bd ans d&rsquo;orthodontie<br \/>\net apr\u00e8s 18 mois d&rsquo;ACOM\u00ae<br \/>\n<img loading=\"lazy\" decoding=\"async\" class=\"alignnone size-full wp-image-1254\" src=\"http:\/\/www.metodomontorsi.it\/wp-content\/uploads\/2017\/11\/giovanni_c4.jpg\" alt=\"\" width=\"171\" height=\"317\" srcset=\"https:\/\/www.metodomontorsi.it\/wp-content\/uploads\/2017\/11\/giovanni_c4.jpg 171w, https:\/\/www.metodomontorsi.it\/wp-content\/uploads\/2017\/11\/giovanni_c4-148x275.jpg 148w, https:\/\/www.metodomontorsi.it\/wp-content\/uploads\/2017\/11\/giovanni_c4-22x40.jpg 22w, https:\/\/www.metodomontorsi.it\/wp-content\/uploads\/2017\/11\/giovanni_c4-38x70.jpg 38w\" sizes=\"auto, (max-width: 171px) 100vw, 171px\" \/><br \/>\n<\/div><div class=\" col-lg-4 col-md-12 col-sm-12 col-xs-12\"><\/p>\n<p align=\"left\">Giovanni C. (15 ans) au d\u00e9but de la th\u00e9rapie et apr\u00e8s 3\u00bd ans d&rsquo;orthodontie et apr\u00e8s 18 mois d&rsquo;ACOM\u00ae<br \/>\n<img loading=\"lazy\" decoding=\"async\" class=\"alignnone size-full wp-image-1255\" src=\"http:\/\/www.metodomontorsi.it\/wp-content\/uploads\/2017\/11\/giovanni_c5.jpg\" alt=\"\" width=\"171\" height=\"317\" srcset=\"https:\/\/www.metodomontorsi.it\/wp-content\/uploads\/2017\/11\/giovanni_c5.jpg 171w, https:\/\/www.metodomontorsi.it\/wp-content\/uploads\/2017\/11\/giovanni_c5-148x275.jpg 148w, https:\/\/www.metodomontorsi.it\/wp-content\/uploads\/2017\/11\/giovanni_c5-22x40.jpg 22w, https:\/\/www.metodomontorsi.it\/wp-content\/uploads\/2017\/11\/giovanni_c5-38x70.jpg 38w\" sizes=\"auto, (max-width: 171px) 100vw, 171px\" \/><br \/>\n<\/div><\/div><\/p>\n<p align=\"left\"><a href=\"https:\/\/www.metodomontorsi.it\/fr\/harmonisation-cranio-occlusale\/\">Lire la suite<\/a><\/p>\n<p><\/p>","protected":false},"excerpt":{"rendered":"<p>On a tendance \u00e0 mettre des appareils orthodontiques \u00e0 des enfants de plus en plus jeunes en pr\u00e9tendant faire de l&rsquo;\u00ab orthodontie interceptive \u00bb, mais cette pratique s&rsquo;av\u00e8re souvent, non seulement inutile, mais surtout n\u00e9faste en raison de l&rsquo;immaturit\u00e9 du syst\u00e8me tonique-postural. En tant qu&rsquo;appareils rigides plac\u00e9s sur les arcades dentaires, ils impliquent un d\u00e9s\u00e9quilibre<\/p>\n","protected":false},"author":2,"featured_media":0,"parent":0,"menu_order":0,"comment_status":"closed","ping_status":"closed","template":"","meta":{"footnotes":""},"class_list":["post-1247","page","type-page","status-publish","hentry"],"yoast_head":"<!-- This site is optimized with the Yoast SEO plugin v27.4 - https:\/\/yoast.com\/product\/yoast-seo-wordpress\/ -->\r\n<title>R\u00e9\u00e9quilibrage du syst\u00e8me tonique-postural &#8226; M\u00e9thode Montorsi Harmonisateurs cr\u00e2nio-occlusaux<\/title>\r\n<meta name=\"robots\" content=\"index, follow, max-snippet:-1, max-image-preview:large, max-video-preview:-1\" \/>\r\n<link rel=\"canonical\" href=\"https:\/\/www.metodomontorsi.it\/riequilibrio-sistema-tonico-posturale\" \/>\r\n<meta property=\"og:locale\" content=\"fr_FR\" \/>\r\n<meta property=\"og:type\" content=\"article\" \/>\r\n<meta property=\"og:title\" content=\"R\u00e9\u00e9quilibrage du syst\u00e8me tonique-postural &#8226; M\u00e9thode Montorsi Harmonisateurs cr\u00e2nio-occlusaux\" \/>\r\n<meta property=\"og:description\" content=\"On a tendance \u00e0 mettre des appareils orthodontiques \u00e0 des enfants de plus en plus jeunes en pr\u00e9tendant faire de l&rsquo;\u00ab orthodontie interceptive \u00bb, mais cette pratique s&rsquo;av\u00e8re souvent, non seulement inutile, mais surtout n\u00e9faste en raison de l&rsquo;immaturit\u00e9 du syst\u00e8me tonique-postural. En tant qu&rsquo;appareils rigides plac\u00e9s sur les arcades dentaires, ils impliquent un d\u00e9s\u00e9quilibre\" \/>\r\n<meta property=\"og:url\" content=\"https:\/\/www.metodomontorsi.it\/riequilibrio-sistema-tonico-posturale\" \/>\r\n<meta property=\"og:site_name\" content=\"M\u00e9thode Montorsi Harmonisateurs cr\u00e2nio-occlusaux\" \/>\r\n<meta property=\"article:modified_time\" content=\"2022-04-01T15:39:43+00:00\" \/>\r\n<meta property=\"og:image\" content=\"http:\/\/www.metodomontorsi.it\/wp-content\/uploads\/2017\/11\/giovanni_c1.jpg\" \/>\r\n<meta name=\"twitter:card\" content=\"summary_large_image\" \/>\r\n<meta name=\"twitter:label1\" content=\"Dur\u00e9e de lecture estim\u00e9e\" \/>\n\t<meta name=\"twitter:data1\" content=\"3 minutes\" \/>\r\n<script type=\"application\/ld+json\" class=\"yoast-schema-graph\">{\"@context\":\"https:\\\/\\\/schema.org\",\"@graph\":[{\"@type\":\"WebPage\",\"@id\":\"https:\\\/\\\/www.metodomontorsi.it\\\/riequilibrio-sistema-tonico-posturale\",\"url\":\"https:\\\/\\\/www.metodomontorsi.it\\\/riequilibrio-sistema-tonico-posturale\",\"name\":\"R\u00e9\u00e9quilibrage du syst\u00e8me tonique-postural &#8226; M\u00e9thode Montorsi Harmonisateurs cr\u00e2nio-occlusaux\",\"isPartOf\":{\"@id\":\"https:\\\/\\\/www.metodomontorsi.it\\\/#website\"},\"primaryImageOfPage\":{\"@id\":\"https:\\\/\\\/www.metodomontorsi.it\\\/riequilibrio-sistema-tonico-posturale#primaryimage\"},\"image\":{\"@id\":\"https:\\\/\\\/www.metodomontorsi.it\\\/riequilibrio-sistema-tonico-posturale#primaryimage\"},\"thumbnailUrl\":\"http:\\\/\\\/www.metodomontorsi.it\\\/wp-content\\\/uploads\\\/2017\\\/11\\\/giovanni_c1.jpg\",\"datePublished\":\"2017-11-27T15:22:42+00:00\",\"dateModified\":\"2022-04-01T15:39:43+00:00\",\"breadcrumb\":{\"@id\":\"https:\\\/\\\/www.metodomontorsi.it\\\/riequilibrio-sistema-tonico-posturale#breadcrumb\"},\"inLanguage\":\"fr-FR\",\"potentialAction\":[{\"@type\":\"ReadAction\",\"target\":[\"https:\\\/\\\/www.metodomontorsi.it\\\/riequilibrio-sistema-tonico-posturale\"]}]},{\"@type\":\"ImageObject\",\"inLanguage\":\"fr-FR\",\"@id\":\"https:\\\/\\\/www.metodomontorsi.it\\\/riequilibrio-sistema-tonico-posturale#primaryimage\",\"url\":\"http:\\\/\\\/www.metodomontorsi.it\\\/wp-content\\\/uploads\\\/2017\\\/11\\\/giovanni_c1.jpg\",\"contentUrl\":\"http:\\\/\\\/www.metodomontorsi.it\\\/wp-content\\\/uploads\\\/2017\\\/11\\\/giovanni_c1.jpg\"},{\"@type\":\"BreadcrumbList\",\"@id\":\"https:\\\/\\\/www.metodomontorsi.it\\\/riequilibrio-sistema-tonico-posturale#breadcrumb\",\"itemListElement\":[{\"@type\":\"ListItem\",\"position\":1,\"name\":\"Home\",\"item\":\"https:\\\/\\\/www.metodomontorsi.it\\\/\"},{\"@type\":\"ListItem\",\"position\":2,\"name\":\"Riequilibrio del Sistema Tonico Posturale\"}]},{\"@type\":\"WebSite\",\"@id\":\"https:\\\/\\\/www.metodomontorsi.it\\\/#website\",\"url\":\"https:\\\/\\\/www.metodomontorsi.it\\\/\",\"name\":\"M\u00e9thode Montorsi Harmonisateurs cr\u00e2nio-occlusaux\",\"description\":\"ACOM\u00ae harmonisateurs cr\u00e2nio-occlusaux montorsi\",\"publisher\":{\"@id\":\"https:\\\/\\\/www.metodomontorsi.it\\\/#organization\"},\"potentialAction\":[{\"@type\":\"SearchAction\",\"target\":{\"@type\":\"EntryPoint\",\"urlTemplate\":\"https:\\\/\\\/www.metodomontorsi.it\\\/?s={search_term_string}\"},\"query-input\":{\"@type\":\"PropertyValueSpecification\",\"valueRequired\":true,\"valueName\":\"search_term_string\"}}],\"inLanguage\":\"fr-FR\"},{\"@type\":\"Organization\",\"@id\":\"https:\\\/\\\/www.metodomontorsi.it\\\/#organization\",\"name\":\"ACOM - Metodo Montorsi\",\"url\":\"https:\\\/\\\/www.metodomontorsi.it\\\/\",\"logo\":{\"@type\":\"ImageObject\",\"inLanguage\":\"fr-FR\",\"@id\":\"https:\\\/\\\/www.metodomontorsi.it\\\/#\\\/schema\\\/logo\\\/image\\\/\",\"url\":\"http:\\\/\\\/www.metodomontorsi.it\\\/wp-content\\\/uploads\\\/2018\\\/02\\\/acom-metodo-montorsi-logo.png\",\"contentUrl\":\"http:\\\/\\\/www.metodomontorsi.it\\\/wp-content\\\/uploads\\\/2018\\\/02\\\/acom-metodo-montorsi-logo.png\",\"width\":160,\"height\":72,\"caption\":\"ACOM - Metodo Montorsi\"},\"image\":{\"@id\":\"https:\\\/\\\/www.metodomontorsi.it\\\/#\\\/schema\\\/logo\\\/image\\\/\"}}]}<\/script>\r\n<!-- \/ Yoast SEO plugin. -->","yoast_head_json":{"title":"R\u00e9\u00e9quilibrage du syst\u00e8me tonique-postural &#8226; M\u00e9thode Montorsi Harmonisateurs cr\u00e2nio-occlusaux","robots":{"index":"index","follow":"follow","max-snippet":"max-snippet:-1","max-image-preview":"max-image-preview:large","max-video-preview":"max-video-preview:-1"},"canonical":"https:\/\/www.metodomontorsi.it\/riequilibrio-sistema-tonico-posturale","og_locale":"fr_FR","og_type":"article","og_title":"R\u00e9\u00e9quilibrage du syst\u00e8me tonique-postural &#8226; M\u00e9thode Montorsi Harmonisateurs cr\u00e2nio-occlusaux","og_description":"On a tendance \u00e0 mettre des appareils orthodontiques \u00e0 des enfants de plus en plus jeunes en pr\u00e9tendant faire de l&rsquo;\u00ab orthodontie interceptive \u00bb, mais cette pratique s&rsquo;av\u00e8re souvent, non seulement inutile, mais surtout n\u00e9faste en raison de l&rsquo;immaturit\u00e9 du syst\u00e8me tonique-postural. En tant qu&rsquo;appareils rigides plac\u00e9s sur les arcades dentaires, ils impliquent un d\u00e9s\u00e9quilibre","og_url":"https:\/\/www.metodomontorsi.it\/riequilibrio-sistema-tonico-posturale","og_site_name":"M\u00e9thode Montorsi Harmonisateurs cr\u00e2nio-occlusaux","article_modified_time":"2022-04-01T15:39:43+00:00","og_image":[{"url":"http:\/\/www.metodomontorsi.it\/wp-content\/uploads\/2017\/11\/giovanni_c1.jpg","type":"","width":"","height":""}],"twitter_card":"summary_large_image","twitter_misc":{"Dur\u00e9e de lecture estim\u00e9e":"3 minutes"},"schema":{"@context":"https:\/\/schema.org","@graph":[{"@type":"WebPage","@id":"https:\/\/www.metodomontorsi.it\/riequilibrio-sistema-tonico-posturale","url":"https:\/\/www.metodomontorsi.it\/riequilibrio-sistema-tonico-posturale","name":"R\u00e9\u00e9quilibrage du syst\u00e8me tonique-postural &#8226; M\u00e9thode Montorsi Harmonisateurs cr\u00e2nio-occlusaux","isPartOf":{"@id":"https:\/\/www.metodomontorsi.it\/#website"},"primaryImageOfPage":{"@id":"https:\/\/www.metodomontorsi.it\/riequilibrio-sistema-tonico-posturale#primaryimage"},"image":{"@id":"https:\/\/www.metodomontorsi.it\/riequilibrio-sistema-tonico-posturale#primaryimage"},"thumbnailUrl":"http:\/\/www.metodomontorsi.it\/wp-content\/uploads\/2017\/11\/giovanni_c1.jpg","datePublished":"2017-11-27T15:22:42+00:00","dateModified":"2022-04-01T15:39:43+00:00","breadcrumb":{"@id":"https:\/\/www.metodomontorsi.it\/riequilibrio-sistema-tonico-posturale#breadcrumb"},"inLanguage":"fr-FR","potentialAction":[{"@type":"ReadAction","target":["https:\/\/www.metodomontorsi.it\/riequilibrio-sistema-tonico-posturale"]}]},{"@type":"ImageObject","inLanguage":"fr-FR","@id":"https:\/\/www.metodomontorsi.it\/riequilibrio-sistema-tonico-posturale#primaryimage","url":"http:\/\/www.metodomontorsi.it\/wp-content\/uploads\/2017\/11\/giovanni_c1.jpg","contentUrl":"http:\/\/www.metodomontorsi.it\/wp-content\/uploads\/2017\/11\/giovanni_c1.jpg"},{"@type":"BreadcrumbList","@id":"https:\/\/www.metodomontorsi.it\/riequilibrio-sistema-tonico-posturale#breadcrumb","itemListElement":[{"@type":"ListItem","position":1,"name":"Home","item":"https:\/\/www.metodomontorsi.it\/"},{"@type":"ListItem","position":2,"name":"Riequilibrio del Sistema Tonico Posturale"}]},{"@type":"WebSite","@id":"https:\/\/www.metodomontorsi.it\/#website","url":"https:\/\/www.metodomontorsi.it\/","name":"M\u00e9thode Montorsi Harmonisateurs cr\u00e2nio-occlusaux","description":"ACOM\u00ae harmonisateurs cr\u00e2nio-occlusaux montorsi","publisher":{"@id":"https:\/\/www.metodomontorsi.it\/#organization"},"potentialAction":[{"@type":"SearchAction","target":{"@type":"EntryPoint","urlTemplate":"https:\/\/www.metodomontorsi.it\/?s={search_term_string}"},"query-input":{"@type":"PropertyValueSpecification","valueRequired":true,"valueName":"search_term_string"}}],"inLanguage":"fr-FR"},{"@type":"Organization","@id":"https:\/\/www.metodomontorsi.it\/#organization","name":"ACOM - Metodo Montorsi","url":"https:\/\/www.metodomontorsi.it\/","logo":{"@type":"ImageObject","inLanguage":"fr-FR","@id":"https:\/\/www.metodomontorsi.it\/#\/schema\/logo\/image\/","url":"http:\/\/www.metodomontorsi.it\/wp-content\/uploads\/2018\/02\/acom-metodo-montorsi-logo.png","contentUrl":"http:\/\/www.metodomontorsi.it\/wp-content\/uploads\/2018\/02\/acom-metodo-montorsi-logo.png","width":160,"height":72,"caption":"ACOM - Metodo Montorsi"},"image":{"@id":"https:\/\/www.metodomontorsi.it\/#\/schema\/logo\/image\/"}}]}},"_links":{"self":[{"href":"https:\/\/www.metodomontorsi.it\/fr\/wp-json\/wp\/v2\/pages\/1247","targetHints":{"allow":["GET"]}}],"collection":[{"href":"https:\/\/www.metodomontorsi.it\/fr\/wp-json\/wp\/v2\/pages"}],"about":[{"href":"https:\/\/www.metodomontorsi.it\/fr\/wp-json\/wp\/v2\/types\/page"}],"author":[{"embeddable":true,"href":"https:\/\/www.metodomontorsi.it\/fr\/wp-json\/wp\/v2\/users\/2"}],"replies":[{"embeddable":true,"href":"https:\/\/www.metodomontorsi.it\/fr\/wp-json\/wp\/v2\/comments?post=1247"}],"version-history":[{"count":14,"href":"https:\/\/www.metodomontorsi.it\/fr\/wp-json\/wp\/v2\/pages\/1247\/revisions"}],"predecessor-version":[{"id":1868,"href":"https:\/\/www.metodomontorsi.it\/fr\/wp-json\/wp\/v2\/pages\/1247\/revisions\/1868"}],"wp:attachment":[{"href":"https:\/\/www.metodomontorsi.it\/fr\/wp-json\/wp\/v2\/media?parent=1247"}],"curies":[{"name":"wp","href":"https:\/\/api.w.org\/{rel}","templated":true}]}}