{"id":1260,"date":"2017-11-27T16:57:44","date_gmt":"2017-11-27T15:57:44","guid":{"rendered":"http:\/\/www.metodomontorsi.it\/?page_id=1260"},"modified":"2021-12-27T15:19:19","modified_gmt":"2021-12-27T14:19:19","slug":"armonizzazione-cranio-occlusale","status":"publish","type":"page","link":"https:\/\/www.metodomontorsi.it\/fr\/harmonisation-cranio-occlusale","title":{"rendered":"Harmonisation cr\u00e2nio-occlusale"},"content":{"rendered":"<p><\/p>\n<p class=\"text2\" align=\"left\">Nous pr\u00e9sentons ici le cas d&rsquo;Alex, dont l&rsquo;orthodontiste a continu\u00e9 \u00e0 appliquer des tractions orthodontiques conventionnelles. Le r\u00e9sultat s&rsquo;\u00e9tant toujours av\u00e9r\u00e9 \u00eatre contraire aux attentes, avec une frustration tant pour elle que pour le patient, elle m&rsquo;a contact\u00e9 et nous avons d\u00e9cid\u00e9 de suspendre le traitement orthodontique et d&rsquo;utiliser la m\u00e9thode Montorsi ACOM\u00ae.<\/p>\n<hr \/>\n<p align=\"left\"><div class=\"row mediplus\"><div class=\" col-lg-6 col-md-12 col-sm-12 col-xs-12\"><\/p>\n<p align=\"left\">Alex S. (16 ans) apr\u00e8s une th\u00e9rapie orthodontique<br \/>\n<img loading=\"lazy\" decoding=\"async\" class=\"alignnone size-full wp-image-1263\" src=\"http:\/\/www.metodomontorsi.it\/wp-content\/uploads\/2017\/11\/alex_s1.jpg\" alt=\"\" width=\"171\" height=\"311\" srcset=\"https:\/\/www.metodomontorsi.it\/wp-content\/uploads\/2017\/11\/alex_s1.jpg 171w, https:\/\/www.metodomontorsi.it\/wp-content\/uploads\/2017\/11\/alex_s1-151x275.jpg 151w, https:\/\/www.metodomontorsi.it\/wp-content\/uploads\/2017\/11\/alex_s1-22x40.jpg 22w, https:\/\/www.metodomontorsi.it\/wp-content\/uploads\/2017\/11\/alex_s1-38x70.jpg 38w\" sizes=\"auto, (max-width: 171px) 100vw, 171px\" \/><br \/>\n<\/div><div class=\" col-lg-6 col-md-12 col-sm-12 col-xs-12\"><\/p>\n<p align=\"left\">Alex S. apr\u00e8s 4 mois d&rsquo;ACOM\u00ae<br \/>\n<img loading=\"lazy\" decoding=\"async\" class=\"alignnone size-full wp-image-1264\" src=\"http:\/\/www.metodomontorsi.it\/wp-content\/uploads\/2017\/11\/alex_s2.jpg\" alt=\"\" width=\"171\" height=\"311\" srcset=\"https:\/\/www.metodomontorsi.it\/wp-content\/uploads\/2017\/11\/alex_s2.jpg 171w, https:\/\/www.metodomontorsi.it\/wp-content\/uploads\/2017\/11\/alex_s2-151x275.jpg 151w, https:\/\/www.metodomontorsi.it\/wp-content\/uploads\/2017\/11\/alex_s2-22x40.jpg 22w, https:\/\/www.metodomontorsi.it\/wp-content\/uploads\/2017\/11\/alex_s2-38x70.jpg 38w\" sizes=\"auto, (max-width: 171px) 100vw, 171px\" \/><br \/>\n<\/div><\/div><\/p>\n<hr \/>\n<p>Apr\u00e8s<strong> quatre mois seulement<\/strong>, les changements au niveau du cr\u00e2ne et au niveau de l&rsquo;occlusion \u00e9taient si \u00e9vidents que cela a pouss\u00e9 cette coll\u00e8gue \u00e0 en savoir plus sur la m\u00e9thode. Cela lui a permis de comprendre les limites et les indications \u00e9ventuelles pour un traitement orthodontique ainsi que la possibilit\u00e9 d\u2019une collaboration efficace dont le seul but est le bien-\u00eatre du patient.<\/p>\n<hr \/>\n<p align=\"left\"><div class=\"row mediplus\"><div class=\" col-lg-4 col-md-12 col-sm-12 col-xs-12\"><\/p>\n<p align=\"left\">Alex S. (16 ans) 26\/03\/2007<br \/>\n<img loading=\"lazy\" decoding=\"async\" class=\"alignnone size-full wp-image-1266\" src=\"http:\/\/www.metodomontorsi.it\/wp-content\/uploads\/2017\/11\/alex_s3.jpg\" alt=\"\" width=\"201\" height=\"152\" srcset=\"https:\/\/www.metodomontorsi.it\/wp-content\/uploads\/2017\/11\/alex_s3.jpg 201w, https:\/\/www.metodomontorsi.it\/wp-content\/uploads\/2017\/11\/alex_s3-53x40.jpg 53w, https:\/\/www.metodomontorsi.it\/wp-content\/uploads\/2017\/11\/alex_s3-70x53.jpg 70w\" sizes=\"auto, (max-width: 201px) 100vw, 201px\" \/><br \/>\n<\/div><div class=\" col-lg-4 col-md-12 col-sm-12 col-xs-12\"><\/p>\n<p align=\"left\">Alex S. 23\/07\/2007<br \/>\n<img loading=\"lazy\" decoding=\"async\" class=\"alignnone size-full wp-image-1267\" src=\"http:\/\/www.metodomontorsi.it\/wp-content\/uploads\/2017\/11\/Alex_s4.jpg\" alt=\"\" width=\"201\" height=\"152\" srcset=\"https:\/\/www.metodomontorsi.it\/wp-content\/uploads\/2017\/11\/Alex_s4.jpg 201w, https:\/\/www.metodomontorsi.it\/wp-content\/uploads\/2017\/11\/Alex_s4-53x40.jpg 53w, https:\/\/www.metodomontorsi.it\/wp-content\/uploads\/2017\/11\/Alex_s4-70x53.jpg 70w\" sizes=\"auto, (max-width: 201px) 100vw, 201px\" \/><br \/>\n<\/div><div class=\" col-lg-4 col-md-12 col-sm-12 col-xs-12\"><\/p>\n<p align=\"left\">Alex S. 21\/04\/2008<br \/>\n<img loading=\"lazy\" decoding=\"async\" class=\"alignnone size-full wp-image-1268\" src=\"http:\/\/www.metodomontorsi.it\/wp-content\/uploads\/2017\/11\/alex_s5.jpg\" alt=\"\" width=\"201\" height=\"152\" srcset=\"https:\/\/www.metodomontorsi.it\/wp-content\/uploads\/2017\/11\/alex_s5.jpg 201w, https:\/\/www.metodomontorsi.it\/wp-content\/uploads\/2017\/11\/alex_s5-53x40.jpg 53w, https:\/\/www.metodomontorsi.it\/wp-content\/uploads\/2017\/11\/alex_s5-70x53.jpg 70w\" sizes=\"auto, (max-width: 201px) 100vw, 201px\" \/><br \/>\n<\/div><\/div><\/p>\n<hr \/>\n<p><\/p>","protected":false},"excerpt":{"rendered":"<p>Nous pr\u00e9sentons ici le cas d&rsquo;Alex, dont l&rsquo;orthodontiste a continu\u00e9 \u00e0 appliquer des tractions orthodontiques conventionnelles. Le r\u00e9sultat s&rsquo;\u00e9tant toujours av\u00e9r\u00e9 \u00eatre contraire aux attentes, avec une frustration tant pour elle que pour le patient, elle m&rsquo;a contact\u00e9 et nous avons d\u00e9cid\u00e9 de suspendre le traitement orthodontique et d&rsquo;utiliser la m\u00e9thode Montorsi ACOM\u00ae. Apr\u00e8s quatre<\/p>\n","protected":false},"author":2,"featured_media":0,"parent":0,"menu_order":0,"comment_status":"closed","ping_status":"closed","template":"","meta":{"footnotes":""},"class_list":["post-1260","page","type-page","status-publish","hentry"],"yoast_head":"<!-- This site is optimized with the Yoast SEO plugin v27.4 - https:\/\/yoast.com\/product\/yoast-seo-wordpress\/ -->\r\n<title>Armonizzazione cranio occlusale per il disallineamento dei denti | ACOM\u00ae<\/title>\r\n<meta name=\"description\" content=\"Il Metodo Montorsi, grazie all&#039;armonizzazione cranio occlusale con metodi non invasivi, risolve i casi di disallineamento dei denti nella bocca.\" \/>\r\n<meta name=\"robots\" content=\"index, follow, max-snippet:-1, max-image-preview:large, max-video-preview:-1\" \/>\r\n<link rel=\"canonical\" href=\"https:\/\/www.metodomontorsi.it\/armonizzazione-cranio-occlusale\" \/>\r\n<meta property=\"og:locale\" content=\"fr_FR\" \/>\r\n<meta property=\"og:type\" content=\"article\" \/>\r\n<meta property=\"og:title\" content=\"Armonizzazione cranio occlusale per il disallineamento dei denti | ACOM\u00ae\" \/>\r\n<meta property=\"og:description\" content=\"Il Metodo Montorsi, grazie all&#039;armonizzazione cranio occlusale con metodi non invasivi, risolve i casi di disallineamento dei denti nella bocca.\" \/>\r\n<meta property=\"og:url\" content=\"https:\/\/www.metodomontorsi.it\/armonizzazione-cranio-occlusale\" \/>\r\n<meta property=\"og:site_name\" content=\"M\u00e9thode Montorsi Harmonisateurs cr\u00e2nio-occlusaux\" \/>\r\n<meta property=\"article:modified_time\" content=\"2021-12-27T14:19:19+00:00\" \/>\r\n<meta property=\"og:image\" content=\"http:\/\/www.metodomontorsi.it\/wp-content\/uploads\/2017\/11\/alex_s1.jpg\" \/>\r\n<meta name=\"twitter:card\" content=\"summary_large_image\" \/>\r\n<meta name=\"twitter:label1\" content=\"Dur\u00e9e de lecture estim\u00e9e\" \/>\n\t<meta name=\"twitter:data1\" content=\"2 minutes\" \/>\r\n<script type=\"application\/ld+json\" class=\"yoast-schema-graph\">{\"@context\":\"https:\\\/\\\/schema.org\",\"@graph\":[{\"@type\":\"WebPage\",\"@id\":\"https:\\\/\\\/www.metodomontorsi.it\\\/armonizzazione-cranio-occlusale\",\"url\":\"https:\\\/\\\/www.metodomontorsi.it\\\/armonizzazione-cranio-occlusale\",\"name\":\"Armonizzazione cranio occlusale per il disallineamento dei denti | ACOM\u00ae\",\"isPartOf\":{\"@id\":\"https:\\\/\\\/www.metodomontorsi.it\\\/#website\"},\"primaryImageOfPage\":{\"@id\":\"https:\\\/\\\/www.metodomontorsi.it\\\/armonizzazione-cranio-occlusale#primaryimage\"},\"image\":{\"@id\":\"https:\\\/\\\/www.metodomontorsi.it\\\/armonizzazione-cranio-occlusale#primaryimage\"},\"thumbnailUrl\":\"http:\\\/\\\/www.metodomontorsi.it\\\/wp-content\\\/uploads\\\/2017\\\/11\\\/alex_s1.jpg\",\"datePublished\":\"2017-11-27T15:57:44+00:00\",\"dateModified\":\"2021-12-27T14:19:19+00:00\",\"description\":\"Il Metodo Montorsi, grazie all'armonizzazione cranio occlusale con metodi non invasivi, risolve i casi di disallineamento dei denti nella bocca.\",\"breadcrumb\":{\"@id\":\"https:\\\/\\\/www.metodomontorsi.it\\\/armonizzazione-cranio-occlusale#breadcrumb\"},\"inLanguage\":\"fr-FR\",\"potentialAction\":[{\"@type\":\"ReadAction\",\"target\":[\"https:\\\/\\\/www.metodomontorsi.it\\\/armonizzazione-cranio-occlusale\"]}]},{\"@type\":\"ImageObject\",\"inLanguage\":\"fr-FR\",\"@id\":\"https:\\\/\\\/www.metodomontorsi.it\\\/armonizzazione-cranio-occlusale#primaryimage\",\"url\":\"http:\\\/\\\/www.metodomontorsi.it\\\/wp-content\\\/uploads\\\/2017\\\/11\\\/alex_s1.jpg\",\"contentUrl\":\"http:\\\/\\\/www.metodomontorsi.it\\\/wp-content\\\/uploads\\\/2017\\\/11\\\/alex_s1.jpg\"},{\"@type\":\"BreadcrumbList\",\"@id\":\"https:\\\/\\\/www.metodomontorsi.it\\\/armonizzazione-cranio-occlusale#breadcrumb\",\"itemListElement\":[{\"@type\":\"ListItem\",\"position\":1,\"name\":\"Home\",\"item\":\"https:\\\/\\\/www.metodomontorsi.it\\\/\"},{\"@type\":\"ListItem\",\"position\":2,\"name\":\"Armonizzazione Cranio-Occlusale\"}]},{\"@type\":\"WebSite\",\"@id\":\"https:\\\/\\\/www.metodomontorsi.it\\\/#website\",\"url\":\"https:\\\/\\\/www.metodomontorsi.it\\\/\",\"name\":\"M\u00e9thode Montorsi Harmonisateurs cr\u00e2nio-occlusaux\",\"description\":\"ACOM\u00ae harmonisateurs cr\u00e2nio-occlusaux montorsi\",\"publisher\":{\"@id\":\"https:\\\/\\\/www.metodomontorsi.it\\\/#organization\"},\"potentialAction\":[{\"@type\":\"SearchAction\",\"target\":{\"@type\":\"EntryPoint\",\"urlTemplate\":\"https:\\\/\\\/www.metodomontorsi.it\\\/?s={search_term_string}\"},\"query-input\":{\"@type\":\"PropertyValueSpecification\",\"valueRequired\":true,\"valueName\":\"search_term_string\"}}],\"inLanguage\":\"fr-FR\"},{\"@type\":\"Organization\",\"@id\":\"https:\\\/\\\/www.metodomontorsi.it\\\/#organization\",\"name\":\"ACOM - Metodo Montorsi\",\"url\":\"https:\\\/\\\/www.metodomontorsi.it\\\/\",\"logo\":{\"@type\":\"ImageObject\",\"inLanguage\":\"fr-FR\",\"@id\":\"https:\\\/\\\/www.metodomontorsi.it\\\/#\\\/schema\\\/logo\\\/image\\\/\",\"url\":\"http:\\\/\\\/www.metodomontorsi.it\\\/wp-content\\\/uploads\\\/2018\\\/02\\\/acom-metodo-montorsi-logo.png\",\"contentUrl\":\"http:\\\/\\\/www.metodomontorsi.it\\\/wp-content\\\/uploads\\\/2018\\\/02\\\/acom-metodo-montorsi-logo.png\",\"width\":160,\"height\":72,\"caption\":\"ACOM - Metodo Montorsi\"},\"image\":{\"@id\":\"https:\\\/\\\/www.metodomontorsi.it\\\/#\\\/schema\\\/logo\\\/image\\\/\"}}]}<\/script>\r\n<!-- \/ Yoast SEO plugin. -->","yoast_head_json":{"title":"Armonizzazione cranio occlusale per il disallineamento dei denti | ACOM\u00ae","description":"Il Metodo Montorsi, grazie all'armonizzazione cranio occlusale con metodi non invasivi, risolve i casi di disallineamento dei denti nella bocca.","robots":{"index":"index","follow":"follow","max-snippet":"max-snippet:-1","max-image-preview":"max-image-preview:large","max-video-preview":"max-video-preview:-1"},"canonical":"https:\/\/www.metodomontorsi.it\/armonizzazione-cranio-occlusale","og_locale":"fr_FR","og_type":"article","og_title":"Armonizzazione cranio occlusale per il disallineamento dei denti | ACOM\u00ae","og_description":"Il Metodo Montorsi, grazie all'armonizzazione cranio occlusale con metodi non invasivi, risolve i casi di disallineamento dei denti nella bocca.","og_url":"https:\/\/www.metodomontorsi.it\/armonizzazione-cranio-occlusale","og_site_name":"M\u00e9thode Montorsi Harmonisateurs cr\u00e2nio-occlusaux","article_modified_time":"2021-12-27T14:19:19+00:00","og_image":[{"url":"http:\/\/www.metodomontorsi.it\/wp-content\/uploads\/2017\/11\/alex_s1.jpg","type":"","width":"","height":""}],"twitter_card":"summary_large_image","twitter_misc":{"Dur\u00e9e de lecture estim\u00e9e":"2 minutes"},"schema":{"@context":"https:\/\/schema.org","@graph":[{"@type":"WebPage","@id":"https:\/\/www.metodomontorsi.it\/armonizzazione-cranio-occlusale","url":"https:\/\/www.metodomontorsi.it\/armonizzazione-cranio-occlusale","name":"Armonizzazione cranio occlusale per il disallineamento dei denti | ACOM\u00ae","isPartOf":{"@id":"https:\/\/www.metodomontorsi.it\/#website"},"primaryImageOfPage":{"@id":"https:\/\/www.metodomontorsi.it\/armonizzazione-cranio-occlusale#primaryimage"},"image":{"@id":"https:\/\/www.metodomontorsi.it\/armonizzazione-cranio-occlusale#primaryimage"},"thumbnailUrl":"http:\/\/www.metodomontorsi.it\/wp-content\/uploads\/2017\/11\/alex_s1.jpg","datePublished":"2017-11-27T15:57:44+00:00","dateModified":"2021-12-27T14:19:19+00:00","description":"Il Metodo Montorsi, grazie all'armonizzazione cranio occlusale con metodi non invasivi, risolve i casi di disallineamento dei denti nella bocca.","breadcrumb":{"@id":"https:\/\/www.metodomontorsi.it\/armonizzazione-cranio-occlusale#breadcrumb"},"inLanguage":"fr-FR","potentialAction":[{"@type":"ReadAction","target":["https:\/\/www.metodomontorsi.it\/armonizzazione-cranio-occlusale"]}]},{"@type":"ImageObject","inLanguage":"fr-FR","@id":"https:\/\/www.metodomontorsi.it\/armonizzazione-cranio-occlusale#primaryimage","url":"http:\/\/www.metodomontorsi.it\/wp-content\/uploads\/2017\/11\/alex_s1.jpg","contentUrl":"http:\/\/www.metodomontorsi.it\/wp-content\/uploads\/2017\/11\/alex_s1.jpg"},{"@type":"BreadcrumbList","@id":"https:\/\/www.metodomontorsi.it\/armonizzazione-cranio-occlusale#breadcrumb","itemListElement":[{"@type":"ListItem","position":1,"name":"Home","item":"https:\/\/www.metodomontorsi.it\/"},{"@type":"ListItem","position":2,"name":"Armonizzazione Cranio-Occlusale"}]},{"@type":"WebSite","@id":"https:\/\/www.metodomontorsi.it\/#website","url":"https:\/\/www.metodomontorsi.it\/","name":"M\u00e9thode Montorsi Harmonisateurs cr\u00e2nio-occlusaux","description":"ACOM\u00ae harmonisateurs cr\u00e2nio-occlusaux montorsi","publisher":{"@id":"https:\/\/www.metodomontorsi.it\/#organization"},"potentialAction":[{"@type":"SearchAction","target":{"@type":"EntryPoint","urlTemplate":"https:\/\/www.metodomontorsi.it\/?s={search_term_string}"},"query-input":{"@type":"PropertyValueSpecification","valueRequired":true,"valueName":"search_term_string"}}],"inLanguage":"fr-FR"},{"@type":"Organization","@id":"https:\/\/www.metodomontorsi.it\/#organization","name":"ACOM - Metodo Montorsi","url":"https:\/\/www.metodomontorsi.it\/","logo":{"@type":"ImageObject","inLanguage":"fr-FR","@id":"https:\/\/www.metodomontorsi.it\/#\/schema\/logo\/image\/","url":"http:\/\/www.metodomontorsi.it\/wp-content\/uploads\/2018\/02\/acom-metodo-montorsi-logo.png","contentUrl":"http:\/\/www.metodomontorsi.it\/wp-content\/uploads\/2018\/02\/acom-metodo-montorsi-logo.png","width":160,"height":72,"caption":"ACOM - Metodo Montorsi"},"image":{"@id":"https:\/\/www.metodomontorsi.it\/#\/schema\/logo\/image\/"}}]}},"_links":{"self":[{"href":"https:\/\/www.metodomontorsi.it\/fr\/wp-json\/wp\/v2\/pages\/1260","targetHints":{"allow":["GET"]}}],"collection":[{"href":"https:\/\/www.metodomontorsi.it\/fr\/wp-json\/wp\/v2\/pages"}],"about":[{"href":"https:\/\/www.metodomontorsi.it\/fr\/wp-json\/wp\/v2\/types\/page"}],"author":[{"embeddable":true,"href":"https:\/\/www.metodomontorsi.it\/fr\/wp-json\/wp\/v2\/users\/2"}],"replies":[{"embeddable":true,"href":"https:\/\/www.metodomontorsi.it\/fr\/wp-json\/wp\/v2\/comments?post=1260"}],"version-history":[{"count":11,"href":"https:\/\/www.metodomontorsi.it\/fr\/wp-json\/wp\/v2\/pages\/1260\/revisions"}],"predecessor-version":[{"id":1774,"href":"https:\/\/www.metodomontorsi.it\/fr\/wp-json\/wp\/v2\/pages\/1260\/revisions\/1774"}],"wp:attachment":[{"href":"https:\/\/www.metodomontorsi.it\/fr\/wp-json\/wp\/v2\/media?parent=1260"}],"curies":[{"name":"wp","href":"https:\/\/api.w.org\/{rel}","templated":true}]}}