{"id":1812,"date":"2021-12-29T18:32:02","date_gmt":"2021-12-29T17:32:02","guid":{"rendered":"http:\/\/www.metodomontorsi.it\/?page_id=1812"},"modified":"2026-05-02T15:32:39","modified_gmt":"2026-05-02T13:32:39","slug":"livre","status":"publish","type":"page","link":"https:\/\/www.metodomontorsi.it\/fr\/livre","title":{"rendered":"Livre"},"content":{"rendered":"<h3><img loading=\"lazy\" decoding=\"async\" class=\"alignleft wp-image-1842 size-large\" src=\"http:\/\/www.metodomontorsi.it\/wp-content\/uploads\/2021\/12\/au-dela-du-palais-couverture2-241x340.jpg\" alt=\"\" width=\"241\" height=\"340\" srcset=\"https:\/\/www.metodomontorsi.it\/wp-content\/uploads\/2021\/12\/au-dela-du-palais-couverture2-241x340.jpg 241w, https:\/\/www.metodomontorsi.it\/wp-content\/uploads\/2021\/12\/au-dela-du-palais-couverture2-195x275.jpg 195w, https:\/\/www.metodomontorsi.it\/wp-content\/uploads\/2021\/12\/au-dela-du-palais-couverture2-28x40.jpg 28w, https:\/\/www.metodomontorsi.it\/wp-content\/uploads\/2021\/12\/au-dela-du-palais-couverture2-50x70.jpg 50w, https:\/\/www.metodomontorsi.it\/wp-content\/uploads\/2021\/12\/au-dela-du-palais-couverture2-600x847.jpg 600w, https:\/\/www.metodomontorsi.it\/wp-content\/uploads\/2021\/12\/au-dela-du-palais-couverture2.jpg 669w\" sizes=\"auto, (max-width: 241px) 100vw, 241px\" \/>Au-del\u00e0 du palais, la m\u00e9thode Soulet-Besombes<\/h3>\r\n<p>&nbsp;<\/p>\r\n<p>Auteur : Adriano Montorsi <br \/>\u00c9diteur : ACOM Edizioni<br \/>\u00c9dition : 2021<br \/>ISBN: 978-88-945-0561-0<\/p>\r\n<p>Traduction de l&rsquo;italien<\/p>\r\n<p>Prix : : <del><span class=\"woocommerce-Price-amount amount\">45,00<del><span class=\"woocommerce-Price-currencySymbol\">\u20ac<\/span><\/del><\/span><\/del>\u00a0 38\u20ac + frais de port<\/p>\r\n<p>&nbsp;<\/p>\r\n<p>&nbsp;<\/p>\r\n<div id=\"tab-description\" class=\"panel entry-content wc-tab\"><hr size=\"3\" \/>\r\n<div id=\"tab-description\" class=\"panel entry-content wc-tab\"><hr size=\"3\" \/>\r\n<div class=\"alert mediplus alert-info\" role=\"alert\"><i class=\"fa fa-info-circle\"><\/i>&nbsp; Pour acqu\u00e9rir le livre, contactez-nous sur info@acom.biz <\/div>\r\n<div id=\"tab-description\" class=\"panel entry-content wc-tab\"><hr size=\"3\" \/>\r\n<h3 class=\"font-title\">Sommaire<\/h3>\r\n<div class=\"row mediplus\">\r\n<div class=\" col-lg-6 col-md-12 col-sm-12 col-xs-12\">\r\n<ul>\r\n<li>Harmonisation de l&rsquo;occlusion<\/li>\r\n<li>Embryologi et \u00e9volution<\/li>\r\n<li>Gnathologie classique<\/li>\r\n<li>Nouveau principes de gnathologie<\/li>\r\n<li>Posture et organes sensoriels<\/li>\r\n<li>Le psycho-\u00e9motionnel<\/li>\r\n<li>Oto-vestibulaire, \u0152il<\/li>\r\n<li>Craniosacrale, arthro-musculaire et visc\u00e9ral<\/li>\r\n<li>La peau &#8211; Le pied<\/li>\r\n<li>Gnatho-posturologie<\/li>\r\n<li>Histoire de la m\u00e9thode Soulet-Besombes et la pens\u00e9e et les th\u00e9orie de Planas<\/li>\r\n<li>Les principes de fonctionnement de la m\u00e9thode SB<\/li>\r\n<li>L&rsquo;importance de la d\u00e9glutition dans les probl\u00e9matiques d&rsquo;occlusion et de posture<\/li>\r\n<li>Objectifs et fonctionnement des SB<\/li>\r\n<li>Membranes de tension et m\u00e9canisme d&rsquo;action de la m\u00e9thode Soulet-Besombes<\/li>\r\n<li>Indications et contre-indications de la m\u00e9thode SB, formes et types de SB<\/li>\r\n<li>L&rsquo;orthodontie<\/li>\r\n<li>Utilisation et action de la M\u00e9thode SB<\/li>\r\n<li>Anamn\u00e8se et visite m\u00e9dicale<\/li>\r\n<li>Bibliografia<\/li>\r\n<\/ul>\r\n<\/div>\r\n<\/div>\r\n<div class=\"row mediplus\">\r\n<p>&nbsp;<\/p>\r\n<p><em><strong>Pr\u00e9face de Fabio Moro, Podologue.<br \/>Introduction de Adriano Montorsi.<\/strong><\/em><\/p>\r\n<\/div>\r\n<\/div>\r\n<!-- \/wp:post-content -->\r\n<p>&nbsp;<\/p>\r\n<!-- \/wp:columns --><\/div>\r\n<\/div>","protected":false},"excerpt":{"rendered":"<p>Au-del\u00e0 du palais, la m\u00e9thode Soulet-Besombes &nbsp; Auteur : Adriano Montorsi \u00c9diteur : ACOM Edizioni\u00c9dition : 2021ISBN: 978-88-945-0561-0 Traduction de l&rsquo;italien Prix : : 45,00\u20ac\u00a0 38\u20ac + frais de port &nbsp; &nbsp; Sommaire Harmonisation de l&rsquo;occlusion Embryologi et \u00e9volution Gnathologie classique Nouveau principes de gnathologie Posture et organes sensoriels Le psycho-\u00e9motionnel Oto-vestibulaire, \u0152il Craniosacrale, arthro-musculaire<\/p>\n","protected":false},"author":2,"featured_media":0,"parent":0,"menu_order":0,"comment_status":"closed","ping_status":"closed","template":"","meta":{"footnotes":""},"class_list":["post-1812","page","type-page","status-publish","hentry"],"yoast_head":"<!-- This site is optimized with the Yoast SEO plugin v27.5 - https:\/\/yoast.com\/product\/yoast-seo-wordpress\/ -->\r\n<title>Livre &#8226; M\u00e9thode Montorsi Harmonisateurs cr\u00e2nio-occlusaux<\/title>\r\n<meta name=\"robots\" content=\"index, follow, max-snippet:-1, max-image-preview:large, max-video-preview:-1\" \/>\r\n<link rel=\"canonical\" href=\"https:\/\/www.metodomontorsi.it\/livre\" \/>\r\n<meta property=\"og:locale\" content=\"fr_FR\" \/>\r\n<meta property=\"og:type\" content=\"article\" \/>\r\n<meta property=\"og:title\" content=\"Livre &#8226; M\u00e9thode Montorsi Harmonisateurs cr\u00e2nio-occlusaux\" \/>\r\n<meta property=\"og:description\" content=\"Au-del\u00e0 du palais, la m\u00e9thode Soulet-Besombes &nbsp; Auteur : Adriano Montorsi \u00c9diteur : ACOM Edizioni\u00c9dition : 2021ISBN: 978-88-945-0561-0 Traduction de l&rsquo;italien Prix : : 45,00\u20ac\u00a0 38\u20ac + frais de port &nbsp; &nbsp; Sommaire Harmonisation de l&rsquo;occlusion Embryologi et \u00e9volution Gnathologie classique Nouveau principes de gnathologie Posture et organes sensoriels Le psycho-\u00e9motionnel Oto-vestibulaire, \u0152il Craniosacrale, arthro-musculaire\" \/>\r\n<meta property=\"og:url\" content=\"https:\/\/www.metodomontorsi.it\/livre\" \/>\r\n<meta property=\"og:site_name\" content=\"M\u00e9thode Montorsi Harmonisateurs cr\u00e2nio-occlusaux\" \/>\r\n<meta property=\"article:modified_time\" content=\"2026-05-02T13:32:39+00:00\" \/>\r\n<meta property=\"og:image\" content=\"http:\/\/www.metodomontorsi.it\/wp-content\/uploads\/2021\/12\/livre-montorsi-scaled.jpg\" \/>\r\n<meta name=\"twitter:card\" content=\"summary_large_image\" \/>\r\n<meta name=\"twitter:label1\" content=\"Dur\u00e9e de lecture estim\u00e9e\" \/>\n\t<meta name=\"twitter:data1\" content=\"2 minutes\" \/>\r\n<script type=\"application\/ld+json\" class=\"yoast-schema-graph\">{\"@context\":\"https:\\\/\\\/schema.org\",\"@graph\":[{\"@type\":\"WebPage\",\"@id\":\"https:\\\/\\\/www.metodomontorsi.it\\\/livre\",\"url\":\"https:\\\/\\\/www.metodomontorsi.it\\\/livre\",\"name\":\"Livre &#8226; M\u00e9thode Montorsi Harmonisateurs cr\u00e2nio-occlusaux\",\"isPartOf\":{\"@id\":\"https:\\\/\\\/www.metodomontorsi.it\\\/#website\"},\"primaryImageOfPage\":{\"@id\":\"https:\\\/\\\/www.metodomontorsi.it\\\/livre#primaryimage\"},\"image\":{\"@id\":\"https:\\\/\\\/www.metodomontorsi.it\\\/livre#primaryimage\"},\"thumbnailUrl\":\"http:\\\/\\\/www.metodomontorsi.it\\\/wp-content\\\/uploads\\\/2021\\\/12\\\/livre-montorsi-scaled.jpg\",\"datePublished\":\"2021-12-29T17:32:02+00:00\",\"dateModified\":\"2026-05-02T13:32:39+00:00\",\"breadcrumb\":{\"@id\":\"https:\\\/\\\/www.metodomontorsi.it\\\/livre#breadcrumb\"},\"inLanguage\":\"fr-FR\",\"potentialAction\":[{\"@type\":\"ReadAction\",\"target\":[\"https:\\\/\\\/www.metodomontorsi.it\\\/livre\"]}]},{\"@type\":\"ImageObject\",\"inLanguage\":\"fr-FR\",\"@id\":\"https:\\\/\\\/www.metodomontorsi.it\\\/livre#primaryimage\",\"url\":\"http:\\\/\\\/www.metodomontorsi.it\\\/wp-content\\\/uploads\\\/2021\\\/12\\\/livre-montorsi-scaled.jpg\",\"contentUrl\":\"http:\\\/\\\/www.metodomontorsi.it\\\/wp-content\\\/uploads\\\/2021\\\/12\\\/livre-montorsi-scaled.jpg\"},{\"@type\":\"BreadcrumbList\",\"@id\":\"https:\\\/\\\/www.metodomontorsi.it\\\/livre#breadcrumb\",\"itemListElement\":[{\"@type\":\"ListItem\",\"position\":1,\"name\":\"Home\",\"item\":\"https:\\\/\\\/www.metodomontorsi.it\\\/\"},{\"@type\":\"ListItem\",\"position\":2,\"name\":\"Livre\"}]},{\"@type\":\"WebSite\",\"@id\":\"https:\\\/\\\/www.metodomontorsi.it\\\/#website\",\"url\":\"https:\\\/\\\/www.metodomontorsi.it\\\/\",\"name\":\"M\u00e9thode Montorsi Harmonisateurs cr\u00e2nio-occlusaux\",\"description\":\"ACOM\u00ae harmonisateurs cr\u00e2nio-occlusaux montorsi\",\"publisher\":{\"@id\":\"https:\\\/\\\/www.metodomontorsi.it\\\/#organization\"},\"potentialAction\":[{\"@type\":\"SearchAction\",\"target\":{\"@type\":\"EntryPoint\",\"urlTemplate\":\"https:\\\/\\\/www.metodomontorsi.it\\\/?s={search_term_string}\"},\"query-input\":{\"@type\":\"PropertyValueSpecification\",\"valueRequired\":true,\"valueName\":\"search_term_string\"}}],\"inLanguage\":\"fr-FR\"},{\"@type\":\"Organization\",\"@id\":\"https:\\\/\\\/www.metodomontorsi.it\\\/#organization\",\"name\":\"ACOM - Metodo Montorsi\",\"url\":\"https:\\\/\\\/www.metodomontorsi.it\\\/\",\"logo\":{\"@type\":\"ImageObject\",\"inLanguage\":\"fr-FR\",\"@id\":\"https:\\\/\\\/www.metodomontorsi.it\\\/#\\\/schema\\\/logo\\\/image\\\/\",\"url\":\"http:\\\/\\\/www.metodomontorsi.it\\\/wp-content\\\/uploads\\\/2018\\\/02\\\/acom-metodo-montorsi-logo.png\",\"contentUrl\":\"http:\\\/\\\/www.metodomontorsi.it\\\/wp-content\\\/uploads\\\/2018\\\/02\\\/acom-metodo-montorsi-logo.png\",\"width\":160,\"height\":72,\"caption\":\"ACOM - Metodo Montorsi\"},\"image\":{\"@id\":\"https:\\\/\\\/www.metodomontorsi.it\\\/#\\\/schema\\\/logo\\\/image\\\/\"}}]}<\/script>\r\n<!-- \/ Yoast SEO plugin. -->","yoast_head_json":{"title":"Livre &#8226; M\u00e9thode Montorsi Harmonisateurs cr\u00e2nio-occlusaux","robots":{"index":"index","follow":"follow","max-snippet":"max-snippet:-1","max-image-preview":"max-image-preview:large","max-video-preview":"max-video-preview:-1"},"canonical":"https:\/\/www.metodomontorsi.it\/livre","og_locale":"fr_FR","og_type":"article","og_title":"Livre &#8226; M\u00e9thode Montorsi Harmonisateurs cr\u00e2nio-occlusaux","og_description":"Au-del\u00e0 du palais, la m\u00e9thode Soulet-Besombes &nbsp; Auteur : Adriano Montorsi \u00c9diteur : ACOM Edizioni\u00c9dition : 2021ISBN: 978-88-945-0561-0 Traduction de l&rsquo;italien Prix : : 45,00\u20ac\u00a0 38\u20ac + frais de port &nbsp; &nbsp; Sommaire Harmonisation de l&rsquo;occlusion Embryologi et \u00e9volution Gnathologie classique Nouveau principes de gnathologie Posture et organes sensoriels Le psycho-\u00e9motionnel Oto-vestibulaire, \u0152il Craniosacrale, arthro-musculaire","og_url":"https:\/\/www.metodomontorsi.it\/livre","og_site_name":"M\u00e9thode Montorsi Harmonisateurs cr\u00e2nio-occlusaux","article_modified_time":"2026-05-02T13:32:39+00:00","og_image":[{"url":"http:\/\/www.metodomontorsi.it\/wp-content\/uploads\/2021\/12\/livre-montorsi-scaled.jpg","type":"","width":"","height":""}],"twitter_card":"summary_large_image","twitter_misc":{"Dur\u00e9e de lecture estim\u00e9e":"2 minutes"},"schema":{"@context":"https:\/\/schema.org","@graph":[{"@type":"WebPage","@id":"https:\/\/www.metodomontorsi.it\/livre","url":"https:\/\/www.metodomontorsi.it\/livre","name":"Livre &#8226; M\u00e9thode Montorsi Harmonisateurs cr\u00e2nio-occlusaux","isPartOf":{"@id":"https:\/\/www.metodomontorsi.it\/#website"},"primaryImageOfPage":{"@id":"https:\/\/www.metodomontorsi.it\/livre#primaryimage"},"image":{"@id":"https:\/\/www.metodomontorsi.it\/livre#primaryimage"},"thumbnailUrl":"http:\/\/www.metodomontorsi.it\/wp-content\/uploads\/2021\/12\/livre-montorsi-scaled.jpg","datePublished":"2021-12-29T17:32:02+00:00","dateModified":"2026-05-02T13:32:39+00:00","breadcrumb":{"@id":"https:\/\/www.metodomontorsi.it\/livre#breadcrumb"},"inLanguage":"fr-FR","potentialAction":[{"@type":"ReadAction","target":["https:\/\/www.metodomontorsi.it\/livre"]}]},{"@type":"ImageObject","inLanguage":"fr-FR","@id":"https:\/\/www.metodomontorsi.it\/livre#primaryimage","url":"http:\/\/www.metodomontorsi.it\/wp-content\/uploads\/2021\/12\/livre-montorsi-scaled.jpg","contentUrl":"http:\/\/www.metodomontorsi.it\/wp-content\/uploads\/2021\/12\/livre-montorsi-scaled.jpg"},{"@type":"BreadcrumbList","@id":"https:\/\/www.metodomontorsi.it\/livre#breadcrumb","itemListElement":[{"@type":"ListItem","position":1,"name":"Home","item":"https:\/\/www.metodomontorsi.it\/"},{"@type":"ListItem","position":2,"name":"Livre"}]},{"@type":"WebSite","@id":"https:\/\/www.metodomontorsi.it\/#website","url":"https:\/\/www.metodomontorsi.it\/","name":"M\u00e9thode Montorsi Harmonisateurs cr\u00e2nio-occlusaux","description":"ACOM\u00ae harmonisateurs cr\u00e2nio-occlusaux montorsi","publisher":{"@id":"https:\/\/www.metodomontorsi.it\/#organization"},"potentialAction":[{"@type":"SearchAction","target":{"@type":"EntryPoint","urlTemplate":"https:\/\/www.metodomontorsi.it\/?s={search_term_string}"},"query-input":{"@type":"PropertyValueSpecification","valueRequired":true,"valueName":"search_term_string"}}],"inLanguage":"fr-FR"},{"@type":"Organization","@id":"https:\/\/www.metodomontorsi.it\/#organization","name":"ACOM - Metodo Montorsi","url":"https:\/\/www.metodomontorsi.it\/","logo":{"@type":"ImageObject","inLanguage":"fr-FR","@id":"https:\/\/www.metodomontorsi.it\/#\/schema\/logo\/image\/","url":"http:\/\/www.metodomontorsi.it\/wp-content\/uploads\/2018\/02\/acom-metodo-montorsi-logo.png","contentUrl":"http:\/\/www.metodomontorsi.it\/wp-content\/uploads\/2018\/02\/acom-metodo-montorsi-logo.png","width":160,"height":72,"caption":"ACOM - Metodo Montorsi"},"image":{"@id":"https:\/\/www.metodomontorsi.it\/#\/schema\/logo\/image\/"}}]}},"_links":{"self":[{"href":"https:\/\/www.metodomontorsi.it\/fr\/wp-json\/wp\/v2\/pages\/1812","targetHints":{"allow":["GET"]}}],"collection":[{"href":"https:\/\/www.metodomontorsi.it\/fr\/wp-json\/wp\/v2\/pages"}],"about":[{"href":"https:\/\/www.metodomontorsi.it\/fr\/wp-json\/wp\/v2\/types\/page"}],"author":[{"embeddable":true,"href":"https:\/\/www.metodomontorsi.it\/fr\/wp-json\/wp\/v2\/users\/2"}],"replies":[{"embeddable":true,"href":"https:\/\/www.metodomontorsi.it\/fr\/wp-json\/wp\/v2\/comments?post=1812"}],"version-history":[{"count":17,"href":"https:\/\/www.metodomontorsi.it\/fr\/wp-json\/wp\/v2\/pages\/1812\/revisions"}],"predecessor-version":[{"id":1999,"href":"https:\/\/www.metodomontorsi.it\/fr\/wp-json\/wp\/v2\/pages\/1812\/revisions\/1999"}],"wp:attachment":[{"href":"https:\/\/www.metodomontorsi.it\/fr\/wp-json\/wp\/v2\/media?parent=1812"}],"curies":[{"name":"wp","href":"https:\/\/api.w.org\/{rel}","templated":true}]}}