{"id":372,"date":"2015-10-05T17:31:43","date_gmt":"2015-10-05T10:31:43","guid":{"rendered":"http:\/\/mediplus.com\/?page_id=372"},"modified":"2026-04-03T18:47:44","modified_gmt":"2026-04-03T16:47:44","slug":"corsi-formazione-acom","status":"publish","type":"page","link":"https:\/\/www.metodomontorsi.it\/fr\/corsi-di-formazione-acom","title":{"rendered":"Formation ACOM"},"content":{"rendered":"<p><\/p>\n<h3 style=\"text-align: center;\">Formation ACOM \u2013 La M\u00e9thode Montors<\/h3>\n<h2 style=\"text-align: center;\">50 crediti ECM<\/h2>\n<p style=\"text-align: center;\"><img loading=\"lazy\" decoding=\"async\" class=\"aligncenter wp-image-1713\" src=\"http:\/\/www.metodomontorsi.it\/wp-content\/uploads\/2020\/07\/corsi_ecm_odontoiatria_2017-260x78.png\" alt=\"\" width=\"166\" height=\"50\" \/><\/p>\n<h3 class=\"corsi\">OBJECTIFS DE LA FORMATION<\/h3>\n<p>&nbsp;<\/p>\n<p>La formation se d\u00e9roulera au si\u00e8ge ACOM de Rome<\/p>\n<div class=\"panel-group mediplus\" id=\"custom-collapse-2\" role=\"tablist\" aria-multiselectable=\"true\"><br \/>\n<div class=\"panel mediplus panel-default\">\r\n            <div class=\"panel-heading\" role=\"tab\">\r\n              <h4 class=\"panel-title\">\r\n                <a role=\"button\" class=\"\" data-toggle=\"collapse\" data-parent=\"#custom-collapse-2\" href=\"#custom-collapse-2-18d0c384b0ebee2aac2230d58902f77e\" aria-expanded=\"true\" aria-controls=\"custom-collapse-2-18d0c384b0ebee2aac2230d58902f77e\">S\u00e9minaire I - 14 e 15 Octobre 2022<\/a>\r\n              <\/h4><\/div>\r\n            <div role=\"tabpanel\" id=\"custom-collapse-2-18d0c384b0ebee2aac2230d58902f77e\" class=\"panel-collapse in\">\r\n              <div class=\"panel-body\"><\/p>\n<p>\u2022 Les Principes d&rsquo;Ost\u00e9opathie cr\u00e2nienne &#8211; D.O. V. No\u00ebl, D.O. A.Tiburzi<br \/>\n\u2022 Le concept fonctionnel de malocclusion et ses origines &#8211; Dr. P. Grossi<br \/>\n\u2022 Les Relations cr\u00e2nio-occlusales &#8211; D.O. V. No\u00ebl, D.O. A.Tiburzi<br \/>\n\u2022 La visite m\u00e9dicale globale et les indices d&rsquo;\u00e9quilibre postural &#8211; Dr. P. Grossi<br \/>\n\u2022 ACOM et philosophie de la m\u00e9thode &#8211; Dr. P. Grossi<br \/>\n\u2022 Pr\u00e9sentation de l&rsquo;harmonisateur ACOM Montorsi &#8211; Dr. P. Grossi<br \/>\n\u2022 Relations entre morphologie cr\u00e2nienne, occlusion et posture &#8211; D.O. V. No\u00ebl, D.O. A.TiburzI<br \/>\n\u2022 Le r\u00f4le de la d\u00e9glutition dans la m\u00e9thode ACOM &#8211; Dr. Emanuela Losavio &#8211; Orthophoniste<br \/>\n\u2022 Tests ost\u00e9opathiques utiles en odontologie &#8211; D.O. V. No\u00ebl, D.O. A. Tiburzi, Dr P. Grossi<br \/>\n\u2022 Bilan des s\u00e9minaires pr\u00e9c\u00e9dents &#8211; D.O. V. No\u00ebl &#8211; D.O. A. Tiburzi<br \/>\n\u2022 Dents et v\u00e9cu, la psychologie et ses r\u00e9percussions sur la dynamique du cr\u00e2ne et de l&rsquo;occlusion &#8211;<br \/>\nFAIS. V. No\u00ebl &#8211; D.O. A.Tiburzi<br \/>\n\u2022 Le caract\u00e8re pluridisciplinaire et le choix des collaborateurs &#8211; Dr. P. Grossi<br \/>\n\u2022 Le r\u00f4le du syst\u00e8me stomatognathique dans les troubles respiratoires du sommeil &#8211; Prof. Maria Pia \u2022 Concept de classes dentaires en relation avec l&rsquo;harmonisateur ACOM &#8211; Dr. P. Grossi<br \/>\n\u2022 Principes de fonctionnement de l&rsquo;ACOM &#8211; Dr. P. Grossi<br \/>\n\u2022 Les modifications principales dans le fonctionnement de la M\u00e9thode ACOM &#8211; Dr. P. Grossi<\/p>\n<p><\/div><\/div><\/div><\/p>\n<p><div class=\"panel mediplus panel-default\">\r\n            <div class=\"panel-heading\" role=\"tab\">\r\n              <h4 class=\"panel-title\">\r\n                <a role=\"button\" class=\"collapsed\" data-toggle=\"collapse\" data-parent=\"#custom-collapse-2\" href=\"#custom-collapse-2-9fa978f053cf8089436fd2a709647e53\" aria-expanded=\"true\" aria-controls=\"custom-collapse-2-9fa978f053cf8089436fd2a709647e53\">S\u00e9minaire II - 1 e 2 Novembre 2022<\/a>\r\n              <\/h4><\/div>\r\n            <div role=\"tabpanel\" id=\"custom-collapse-2-9fa978f053cf8089436fd2a709647e53\" class=\"panel-collapse collapse\">\r\n              <div class=\"panel-body\"><\/p>\n<p>\u2022 La relation entre les \u00ab\u00a0modifications\u00a0\u00bb et les changements cr\u00e2nio-occlusaux &#8211; D.O.V. No\u00ebl &#8211; D.O. A.Tiburzi<br \/>\n\u2022 Exercices pratiques pour la mise en oeuvre des \u00ab\u00a0modifications\u00a0\u00bb ACOM &#8211; Dr. P. Grossi<br \/>\n\u2022 Pr\u00e9sentation des cas, choix du plan th\u00e9rapeutique et programmation des modifications &#8211; Dr P. Grossi<br \/>\n\u2022 Scoliose idiopathique occlusion appui plantaire &#8211; Podo-posturologue M.Spalluto<br \/>\n\u2022 Pr\u00e9sentation du dossier m\u00e9dical ACOM W EB et son utilisation WEB &#8211; L.Rombi<br \/>\n\u2022 Examen final sur le programme r\u00e9alis\u00e9 pour obtenir les points ECM<br \/>\n\u2022 Remise des dipl\u00f4mes pour l&rsquo;habilitation \u00e0 la M\u00e9thode ACOM<\/p>\n<p><\/div><\/div><\/div><\/p>\n<p><div class=\"panel mediplus panel-default\">\r\n            <div class=\"panel-heading\" role=\"tab\">\r\n              <h4 class=\"panel-title\">\r\n                <a role=\"button\" class=\"collapsed\" data-toggle=\"collapse\" data-parent=\"#custom-collapse-2\" href=\"#custom-collapse-2-409e480950db986ce866df60f982afc3\" aria-expanded=\"true\" aria-controls=\"custom-collapse-2-409e480950db986ce866df60f982afc3\">S\u00c9MINAIRES PRATIQUES<\/a>\r\n              <\/h4><\/div>\r\n            <div role=\"tabpanel\" id=\"custom-collapse-2-409e480950db986ce866df60f982afc3\" class=\"panel-collapse collapse\">\r\n              <div class=\"panel-body\"><br \/>\nLes s\u00e8minaires pratiques sont r\u00e9serv\u00e9s au M\u00e8decins et Odonologues.<\/p>\n<p>Ils auront lieu pendant 3 jours, dans les Centres de: Rome, Paris, Loano, Ferrare, Mantoue, Bologne Cremone, Lecce, Massarosa, Polistera, Capri et Cervia.<br \/>\nLes dates et le lieu des s\u00e9minaires pratiques seront \u00e0 d\u00e9cider directement avec chaque participant.<\/p>\n<p><\/div><\/div><\/div><br \/>\n<\/div>\n<p><strong>Sono ammessi al Corso i Medici Chirurghi e gli Odontoiatri<\/strong> per il conseguimento del diploma di abilitazione, mentre <strong>Osteopati, Fisioterapisti, Podoposturologi, Logopedisti, Laureati in Scienze motorie<\/strong> parteciperanno alle intere due sessioni (con alcune lezioni specifiche per loro diversificate dal programma dei medici) per poter essere inseriti in un elenco separato quali esperti del Metodo Montorsi cui medici e pazienti possano fare riferimento.<\/p>\n<div class=\"half-column left\">\n<div class=\"notd\">\n<p><strong>Lo scopo del corso \u00e8 quello di dare, attraverso una conoscenza olistica, una formazione completa sia teorica che pratica, per l\u2019utilizzo dell\u2019apparecchio funzionale ACOM.<\/strong><br \/>\nVerranno trasmessi principi di osteopatia craniale, concetti funzionali di malocclusione, ed effettuati test e valutazioni posturali coinvolgendo i partecipanti al corso.<br \/>\nIl corso avr\u00e0 inoltre lo scopo di evidenziare come la collaborazione fra odontoiatri e altre figure professionali (quali osteopati, fisioterapisti, logopedisti, podoposturologi e medici) possa migliorare l\u2019apporto dell\u2019intervento effettuato sul paziente, volto all\u2019attivazione di un corretto equilibrio tra cranio, arcate dentali e appoggio podalico.<\/p>\n<p>Dato il gi\u00e0 alto numero di richieste in lista d&rsquo;attesa far\u00e0 fede la data di spedizione di una e-mail di adesione per l&rsquo;accettazione dei posti residui<\/p>\n<h3 class=\"corsi\">FRAIS D&rsquo;INSCRIPTION ET MODES DE PAIEMENT<\/h3>\n<div class=\"row mediplus\"><\/p>\n<h4><h4 class=\"font-title mediplus\">POUR LES MEDECINS ET LES ODONTOLOGUES<\/h4><\/h4>\n<p>Co\u00fbt total: \u20ac3340,00+iva 22% = \u20ac4074,80<br \/>\nInscription: \u20ac340,00 + iva 22% = \u20ac414,80 (\u00e0 verser au moment de l\u2019inscription)<br \/>\nAcompte: \u20ac1500,00 + iva 22% = \u20ac1830,00 (\u00e0 verser avant le 20 Ao\u00fbt 2022)<br \/>\nSolde: \u20ac1500,00 + iva 22% = \u20ac1830,00 (\u00e0 verser avant le 30 Septembre 2022)<\/p>\n<hr \/>\n<h4><h4 class=\"font-title mediplus\">OST\u00c9OPATHES ET CAT\u00c9GORIES PROFESSIONNELLES ADMISES<\/h4><\/h4>\n<p>Co\u00fbt total : \u20ac780, 00+iva 22% = \u20ac951,60<br \/>\nInscription : \u20ac230,00 + iva 22% = \u20ac260,80 (\u00e0 verser au moment de l\u2019inscription)<br \/>\nSolde : \u20ac550,00 + iva 22% = \u20ac671,00 (\u00e0 verser avant le 30 Septembre 2022)<\/p>\n<hr \/>\n<h4><h4 class=\"font-title mediplus\">R\u00c9DUCTIONS ET PROMOTIONS<\/h4><\/h4>\n<p>Pour tous ceux qui am\u00e8neront un nouveau participant il y aura une remise de 10% (la promotion estcumulable).<br \/>\nIl est pr\u00e9vu une remise de 50% pour les dipl\u00f4m\u00e9s lors des 5 derni\u00e8res ann\u00e9es<\/p>\n<p><\/div>\n<p>&nbsp;<\/p>\n<h3 class=\"corsi\">FRAIS D&rsquo;INSCRIPTION ET MODES DE PAIEMENT<\/h3>\n<ol class=\"mediplus number-list\"><br \/>\n<li>Effectuez vos paiements par virement bancaire \u00e0 :<br \/>\n<strong>ACOM\u00ae s.r.l. &#8211; Unicredit Loano Aurelia<br \/>\nIBAN: IT 95 T 02008 49430 000101393504<br \/>\nLibell\u00e9 du virement: Inscription Formation M\u00e9thode Montorsi<br \/>\nBanca: Unicredit &#8211; filiale di Loano Aurelia<\/strong><\/li><\/p>\n<p><li>Note: apr\u00e8s avoir pay\u00e9 par virement, veuillez envoyer un e-mail de confirmation \u00e0 l&rsquo;adresse <strong>info@acom.biz<\/strong>.<\/li><\/p>\n<p><\/ol>\n<p>&nbsp;<\/p>\n<p>&nbsp;<\/p>\n<\/div>\n<\/div>\n<p><\/p>","protected":false},"excerpt":{"rendered":"<p>Formation ACOM \u2013 La M\u00e9thode Montors 50 crediti ECM OBJECTIFS DE LA FORMATION &nbsp; La formation se d\u00e9roulera au si\u00e8ge ACOM de Rome Sono ammessi al Corso i Medici Chirurghi e gli Odontoiatri per il conseguimento del diploma di abilitazione, mentre Osteopati, Fisioterapisti, Podoposturologi, Logopedisti, Laureati in Scienze motorie parteciperanno alle intere due sessioni (con<\/p>\n","protected":false},"author":2,"featured_media":883,"parent":0,"menu_order":103,"comment_status":"closed","ping_status":"closed","template":"","meta":{"footnotes":""},"class_list":["post-372","page","type-page","status-publish","has-post-thumbnail","hentry"],"yoast_head":"<!-- This site is optimized with the Yoast SEO plugin v27.4 - https:\/\/yoast.com\/product\/yoast-seo-wordpress\/ -->\r\n<title>Corsi formazione ACOM al Metodo Montorsi ECM | ACOM\u00ae<\/title>\r\n<meta name=\"description\" content=\"Corsi di Formazione accreditati ECM al Metodo Montorsi del Dott. Adriano Montorsi per l&#039;utilizzo dell&#039;Armonizzatore Cranio Occlusale Montorsi ACOM\u00ae.\" \/>\r\n<meta name=\"robots\" content=\"index, follow, max-snippet:-1, max-image-preview:large, max-video-preview:-1\" \/>\r\n<link rel=\"canonical\" href=\"https:\/\/www.metodomontorsi.it\/corsi-formazione-metodo-montorsi-acom\" \/>\r\n<meta property=\"og:locale\" content=\"fr_FR\" \/>\r\n<meta property=\"og:type\" content=\"article\" \/>\r\n<meta property=\"og:title\" content=\"[:it]Corsi formazione ACOM al Metodo Montorsi ECM | ACOM\u00ae[:en]Training Course ACOM\u00ae MONTORSI Method[:]\" \/>\r\n<meta property=\"og:description\" content=\"{:it}Corsi di Formazione accreditati ECM al Metodo Montorsi del Dott. Adriano Montorsi per l&#039;utilizzo dell&#039;Armonizzatore Cranio Occlusale Montorsi ACOM\u00ae.{:}\" \/>\r\n<meta property=\"og:url\" content=\"https:\/\/www.metodomontorsi.it\/corsi-formazione-metodo-montorsi-acom\" \/>\r\n<meta property=\"og:site_name\" content=\"M\u00e9thode Montorsi Harmonisateurs cr\u00e2nio-occlusaux\" \/>\r\n<meta property=\"article:modified_time\" content=\"2026-04-03T16:47:44+00:00\" \/>\r\n<meta property=\"og:image\" content=\"https:\/\/www.metodomontorsi.it\/wp-content\/uploads\/2015\/10\/medico-acom-montorsi-e1500925051832.png\" \/>\r\n\t<meta property=\"og:image:width\" content=\"411\" \/>\r\n\t<meta property=\"og:image:height\" content=\"525\" \/>\r\n\t<meta property=\"og:image:type\" content=\"image\/png\" \/>\r\n<meta name=\"twitter:card\" content=\"summary_large_image\" \/>\r\n<meta name=\"twitter:label1\" content=\"Dur\u00e9e de lecture estim\u00e9e\" \/>\n\t<meta name=\"twitter:data1\" content=\"4 minutes\" \/>\r\n<script type=\"application\/ld+json\" class=\"yoast-schema-graph\">{\"@context\":\"https:\\\/\\\/schema.org\",\"@graph\":[{\"@type\":\"WebPage\",\"@id\":\"https:\\\/\\\/www.metodomontorsi.it\\\/corsi-formazione-metodo-montorsi-acom\",\"url\":\"https:\\\/\\\/www.metodomontorsi.it\\\/corsi-formazione-metodo-montorsi-acom\",\"name\":\"[:it]Corsi formazione ACOM al Metodo Montorsi ECM | ACOM\u00ae[:en]Training Course ACOM\u00ae MONTORSI Method[:]\",\"isPartOf\":{\"@id\":\"https:\\\/\\\/www.metodomontorsi.it\\\/#website\"},\"primaryImageOfPage\":{\"@id\":\"https:\\\/\\\/www.metodomontorsi.it\\\/corsi-formazione-metodo-montorsi-acom#primaryimage\"},\"image\":{\"@id\":\"https:\\\/\\\/www.metodomontorsi.it\\\/corsi-formazione-metodo-montorsi-acom#primaryimage\"},\"thumbnailUrl\":\"https:\\\/\\\/www.metodomontorsi.it\\\/wp-content\\\/uploads\\\/2015\\\/10\\\/medico-acom-montorsi-e1500925051832.png\",\"datePublished\":\"2015-10-05T10:31:43+00:00\",\"dateModified\":\"2026-04-03T16:47:44+00:00\",\"description\":\"{:it}Corsi di Formazione accreditati ECM al Metodo Montorsi del Dott. Adriano Montorsi per l'utilizzo dell'Armonizzatore Cranio Occlusale Montorsi ACOM\u00ae.{:}\",\"breadcrumb\":{\"@id\":\"https:\\\/\\\/www.metodomontorsi.it\\\/corsi-formazione-metodo-montorsi-acom#breadcrumb\"},\"inLanguage\":\"fr-FR\",\"potentialAction\":[{\"@type\":\"ReadAction\",\"target\":[\"https:\\\/\\\/www.metodomontorsi.it\\\/corsi-formazione-metodo-montorsi-acom\"]}]},{\"@type\":\"ImageObject\",\"inLanguage\":\"fr-FR\",\"@id\":\"https:\\\/\\\/www.metodomontorsi.it\\\/corsi-formazione-metodo-montorsi-acom#primaryimage\",\"url\":\"https:\\\/\\\/www.metodomontorsi.it\\\/wp-content\\\/uploads\\\/2015\\\/10\\\/medico-acom-montorsi-e1500925051832.png\",\"contentUrl\":\"https:\\\/\\\/www.metodomontorsi.it\\\/wp-content\\\/uploads\\\/2015\\\/10\\\/medico-acom-montorsi-e1500925051832.png\",\"width\":411,\"height\":525},{\"@type\":\"BreadcrumbList\",\"@id\":\"https:\\\/\\\/www.metodomontorsi.it\\\/corsi-formazione-metodo-montorsi-acom#breadcrumb\",\"itemListElement\":[{\"@type\":\"ListItem\",\"position\":1,\"name\":\"Home\",\"item\":\"https:\\\/\\\/www.metodomontorsi.it\\\/\"},{\"@type\":\"ListItem\",\"position\":2,\"name\":\"Corsi di formazione ACOM\u00ae\"}]},{\"@type\":\"WebSite\",\"@id\":\"https:\\\/\\\/www.metodomontorsi.it\\\/#website\",\"url\":\"https:\\\/\\\/www.metodomontorsi.it\\\/\",\"name\":\"M\u00e9thode Montorsi Harmonisateurs cr\u00e2nio-occlusaux\",\"description\":\"ACOM\u00ae harmonisateurs cr\u00e2nio-occlusaux montorsi\",\"publisher\":{\"@id\":\"https:\\\/\\\/www.metodomontorsi.it\\\/#organization\"},\"potentialAction\":[{\"@type\":\"SearchAction\",\"target\":{\"@type\":\"EntryPoint\",\"urlTemplate\":\"https:\\\/\\\/www.metodomontorsi.it\\\/?s={search_term_string}\"},\"query-input\":{\"@type\":\"PropertyValueSpecification\",\"valueRequired\":true,\"valueName\":\"search_term_string\"}}],\"inLanguage\":\"fr-FR\"},{\"@type\":\"Organization\",\"@id\":\"https:\\\/\\\/www.metodomontorsi.it\\\/#organization\",\"name\":\"ACOM - Metodo Montorsi\",\"url\":\"https:\\\/\\\/www.metodomontorsi.it\\\/\",\"logo\":{\"@type\":\"ImageObject\",\"inLanguage\":\"fr-FR\",\"@id\":\"https:\\\/\\\/www.metodomontorsi.it\\\/#\\\/schema\\\/logo\\\/image\\\/\",\"url\":\"http:\\\/\\\/www.metodomontorsi.it\\\/wp-content\\\/uploads\\\/2018\\\/02\\\/acom-metodo-montorsi-logo.png\",\"contentUrl\":\"http:\\\/\\\/www.metodomontorsi.it\\\/wp-content\\\/uploads\\\/2018\\\/02\\\/acom-metodo-montorsi-logo.png\",\"width\":160,\"height\":72,\"caption\":\"ACOM - Metodo Montorsi\"},\"image\":{\"@id\":\"https:\\\/\\\/www.metodomontorsi.it\\\/#\\\/schema\\\/logo\\\/image\\\/\"}}]}<\/script>\r\n<!-- \/ Yoast SEO plugin. -->","yoast_head_json":{"title":"Corsi formazione ACOM al Metodo Montorsi ECM | ACOM\u00ae","description":"Corsi di Formazione accreditati ECM al Metodo Montorsi del Dott. Adriano Montorsi per l'utilizzo dell'Armonizzatore Cranio Occlusale Montorsi ACOM\u00ae.","robots":{"index":"index","follow":"follow","max-snippet":"max-snippet:-1","max-image-preview":"max-image-preview:large","max-video-preview":"max-video-preview:-1"},"canonical":"https:\/\/www.metodomontorsi.it\/corsi-formazione-metodo-montorsi-acom","og_locale":"fr_FR","og_type":"article","og_title":"[:it]Corsi formazione ACOM al Metodo Montorsi ECM | ACOM\u00ae[:en]Training Course ACOM\u00ae MONTORSI Method[:]","og_description":"{:it}Corsi di Formazione accreditati ECM al Metodo Montorsi del Dott. Adriano Montorsi per l'utilizzo dell'Armonizzatore Cranio Occlusale Montorsi ACOM\u00ae.{:}","og_url":"https:\/\/www.metodomontorsi.it\/corsi-formazione-metodo-montorsi-acom","og_site_name":"M\u00e9thode Montorsi Harmonisateurs cr\u00e2nio-occlusaux","article_modified_time":"2026-04-03T16:47:44+00:00","og_image":[{"width":411,"height":525,"url":"https:\/\/www.metodomontorsi.it\/wp-content\/uploads\/2015\/10\/medico-acom-montorsi-e1500925051832.png","type":"image\/png"}],"twitter_card":"summary_large_image","twitter_misc":{"Dur\u00e9e de lecture estim\u00e9e":"4 minutes"},"schema":{"@context":"https:\/\/schema.org","@graph":[{"@type":"WebPage","@id":"https:\/\/www.metodomontorsi.it\/corsi-formazione-metodo-montorsi-acom","url":"https:\/\/www.metodomontorsi.it\/corsi-formazione-metodo-montorsi-acom","name":"[:it]Corsi formazione ACOM al Metodo Montorsi ECM | ACOM\u00ae[:en]Training Course ACOM\u00ae MONTORSI Method[:]","isPartOf":{"@id":"https:\/\/www.metodomontorsi.it\/#website"},"primaryImageOfPage":{"@id":"https:\/\/www.metodomontorsi.it\/corsi-formazione-metodo-montorsi-acom#primaryimage"},"image":{"@id":"https:\/\/www.metodomontorsi.it\/corsi-formazione-metodo-montorsi-acom#primaryimage"},"thumbnailUrl":"https:\/\/www.metodomontorsi.it\/wp-content\/uploads\/2015\/10\/medico-acom-montorsi-e1500925051832.png","datePublished":"2015-10-05T10:31:43+00:00","dateModified":"2026-04-03T16:47:44+00:00","description":"{:it}Corsi di Formazione accreditati ECM al Metodo Montorsi del Dott. Adriano Montorsi per l'utilizzo dell'Armonizzatore Cranio Occlusale Montorsi ACOM\u00ae.{:}","breadcrumb":{"@id":"https:\/\/www.metodomontorsi.it\/corsi-formazione-metodo-montorsi-acom#breadcrumb"},"inLanguage":"fr-FR","potentialAction":[{"@type":"ReadAction","target":["https:\/\/www.metodomontorsi.it\/corsi-formazione-metodo-montorsi-acom"]}]},{"@type":"ImageObject","inLanguage":"fr-FR","@id":"https:\/\/www.metodomontorsi.it\/corsi-formazione-metodo-montorsi-acom#primaryimage","url":"https:\/\/www.metodomontorsi.it\/wp-content\/uploads\/2015\/10\/medico-acom-montorsi-e1500925051832.png","contentUrl":"https:\/\/www.metodomontorsi.it\/wp-content\/uploads\/2015\/10\/medico-acom-montorsi-e1500925051832.png","width":411,"height":525},{"@type":"BreadcrumbList","@id":"https:\/\/www.metodomontorsi.it\/corsi-formazione-metodo-montorsi-acom#breadcrumb","itemListElement":[{"@type":"ListItem","position":1,"name":"Home","item":"https:\/\/www.metodomontorsi.it\/"},{"@type":"ListItem","position":2,"name":"Corsi di formazione ACOM\u00ae"}]},{"@type":"WebSite","@id":"https:\/\/www.metodomontorsi.it\/#website","url":"https:\/\/www.metodomontorsi.it\/","name":"M\u00e9thode Montorsi Harmonisateurs cr\u00e2nio-occlusaux","description":"ACOM\u00ae harmonisateurs cr\u00e2nio-occlusaux montorsi","publisher":{"@id":"https:\/\/www.metodomontorsi.it\/#organization"},"potentialAction":[{"@type":"SearchAction","target":{"@type":"EntryPoint","urlTemplate":"https:\/\/www.metodomontorsi.it\/?s={search_term_string}"},"query-input":{"@type":"PropertyValueSpecification","valueRequired":true,"valueName":"search_term_string"}}],"inLanguage":"fr-FR"},{"@type":"Organization","@id":"https:\/\/www.metodomontorsi.it\/#organization","name":"ACOM - Metodo Montorsi","url":"https:\/\/www.metodomontorsi.it\/","logo":{"@type":"ImageObject","inLanguage":"fr-FR","@id":"https:\/\/www.metodomontorsi.it\/#\/schema\/logo\/image\/","url":"http:\/\/www.metodomontorsi.it\/wp-content\/uploads\/2018\/02\/acom-metodo-montorsi-logo.png","contentUrl":"http:\/\/www.metodomontorsi.it\/wp-content\/uploads\/2018\/02\/acom-metodo-montorsi-logo.png","width":160,"height":72,"caption":"ACOM - Metodo Montorsi"},"image":{"@id":"https:\/\/www.metodomontorsi.it\/#\/schema\/logo\/image\/"}}]}},"_links":{"self":[{"href":"https:\/\/www.metodomontorsi.it\/fr\/wp-json\/wp\/v2\/pages\/372","targetHints":{"allow":["GET"]}}],"collection":[{"href":"https:\/\/www.metodomontorsi.it\/fr\/wp-json\/wp\/v2\/pages"}],"about":[{"href":"https:\/\/www.metodomontorsi.it\/fr\/wp-json\/wp\/v2\/types\/page"}],"author":[{"embeddable":true,"href":"https:\/\/www.metodomontorsi.it\/fr\/wp-json\/wp\/v2\/users\/2"}],"replies":[{"embeddable":true,"href":"https:\/\/www.metodomontorsi.it\/fr\/wp-json\/wp\/v2\/comments?post=372"}],"version-history":[{"count":153,"href":"https:\/\/www.metodomontorsi.it\/fr\/wp-json\/wp\/v2\/pages\/372\/revisions"}],"predecessor-version":[{"id":1975,"href":"https:\/\/www.metodomontorsi.it\/fr\/wp-json\/wp\/v2\/pages\/372\/revisions\/1975"}],"wp:featuredmedia":[{"embeddable":true,"href":"https:\/\/www.metodomontorsi.it\/fr\/wp-json\/wp\/v2\/media\/883"}],"wp:attachment":[{"href":"https:\/\/www.metodomontorsi.it\/fr\/wp-json\/wp\/v2\/media?parent=372"}],"curies":[{"name":"wp","href":"https:\/\/api.w.org\/{rel}","templated":true}]}}