{"id":689,"date":"2015-11-20T15:07:39","date_gmt":"2015-11-20T08:07:39","guid":{"rendered":"http:\/\/demo.puriwp.com\/mediplus\/?page_id=689"},"modified":"2026-04-01T10:28:45","modified_gmt":"2026-04-01T08:28:45","slug":"storia-del-metodo-soulet-besombes","status":"publish","type":"page","link":"https:\/\/www.metodomontorsi.it\/fr\/histoire-methode-soulet-besombes","title":{"rendered":"Histoire de la m\u00e9thode Soulet Besombes"},"content":{"rendered":"<p>Comment est n\u00e9e la m\u00e9thode Soulet Besombes ?<\/p>\n<p><strong>1953, le Professeur Ren\u00e9 Soulet<\/strong> de l&rsquo;Universit\u00e9 de Clermont-Ferrand et le<strong> Professeur Andr\u00e9 Besombe<\/strong>s de l&rsquo;Universit\u00e9 de Paris ont mis au point un <strong>appareil orthop\u00e9dique fonctionnel<\/strong> qu&rsquo;ils ont appel\u00e9 \u00ab\u00a0activateur Soulet-Besombes\u00a0\u00bb. Presque simultan\u00e9ment et de mani\u00e8re autonome, le <strong>Professeur Pedro Planas<\/strong> de l&rsquo;Universit\u00e9 de Madrid puis de Barcelone, pr\u00e9sente une \u00ab\u00a0plaque \u00e0 piste\u00a0\u00bb et ses th\u00e9ories \u00e0 propos de l&rsquo;\u00e9quilibre de la bouche en formulant ses propres <strong>lois de r\u00e9habilitation neuro-occlusale (RNO)<\/strong>.<\/p>\n<p>La <strong>m\u00e9thode Soulet Besombes s&rsquo;est largement r\u00e9pandue<\/strong> en France dans les ann\u00e9es 1960, pour \u00eatre peu a peu abandonn\u00e9e au profit des nombreux appareils th\u00e9rapeutiques promus commercialement et des techniques orthodontiques multibandes plus lucratives.<\/p>\n<p>Personnellement, dans<strong> les ann\u00e9es 1980<\/strong>, cherchant une <strong>approche th\u00e9rapeutique visant \u00e0 am\u00e9liorer les asym\u00e9tries faciales<\/strong>, j&rsquo;ai commenc\u00e9 \u00e0 utiliser des plaques de repositionnement orthop\u00e9diques en utilisant la technique neuromusculaire pour trouver la bonne position occlusale de d\u00e9part sur laquelle baser ensuite la th\u00e9rapie orthodontique multibande. M\u00e9content des r\u00e9sultats que je consid\u00e9rais comme partiels, en 1985 j&rsquo;ai approch\u00e9 la Kin\u00e9siologie Appliqu\u00e9e en suivant \u00e0 C\u00f4me ce qui serait aujourd&rsquo;hui un Master o\u00f9 avec tr\u00e8s peu d&rsquo;autres \u00ab\u00a0pionniers\u00a0\u00bb nous avons commenc\u00e9 \u00e0 \u00e9valuer les interf\u00e9rences sur la posture de la part des diff\u00e9rents r\u00e9cepteurs.<\/p>\n<p>J&rsquo;ai alors pris conscience que les <strong>th\u00e9rapies orthodontiques multibandes ou celles avec plaques rigides \u00e9chouaient non seulement \u00e0 r\u00e9soudre le probl\u00e8me occlusal dans un grand pourcentage de cas, mais surtout qu\u2019elles interf\u00e9raient consid\u00e9rablement avec la posture du patient<\/strong>. J\u2019ai alors commenc\u00e9 \u00e0 chercher une th\u00e9rapie douce et le plus possible biologique \u00e0 travers l&rsquo;utilisation de bite inf\u00e9rieurs souples, supervis\u00e9s et calibr\u00e9s en permanence avec la collaboration d&rsquo;un ost\u00e9opathe. Ces bite, au vu de mes connaissances croissantes en posturologie, ne m&rsquo;ont pas pleinement convaincu car les appareils comportaient toujours des marges d&rsquo;erreur dues \u00e0 la limite de la dext\u00e9rit\u00e9 manuelle, marges d\u2019erreurs de quelques microns suffisants \u00e0 d\u00e9stabiliser le Syst\u00e8me Tonique Postural.<\/p>\n<blockquote><p><strong>Les th\u00e9rapies orthodontiques interf\u00e9raient consid\u00e9rablement avec la posture des patients<\/strong><\/p><\/blockquote>\n<p>Au d\u00e9but des <strong>ann\u00e9es 90, collaborant avec un pionnier de la podo-posturologie fonctionnelle italien et avec un ost\u00e9opathe fran\u00e7ai<\/strong>s, j&rsquo;ai rencontr\u00e9 la <strong>m\u00e9thode Soulet Besombes<\/strong> et j&rsquo;ai vu les retours extr\u00eamement positifs tant dans les r\u00e9sultats que dans les t\u00e9moignages de <span style=\"text-decoration: underline;\"><strong>patients enthousiasm\u00e9s par les sensations de bien-\u00eatre<\/strong><\/span> induites par cette approche th\u00e9rapeutique. J&rsquo;ai commenc\u00e9 \u00e0 utiliser cette m\u00e9thode sur des centaines de cas avec des <strong>r\u00e9sultats vraiment surprenants<\/strong> r\u00e9ussissant \u00e0 \u00e9viter, lorsque l&rsquo;utilisation de cette m\u00e9thode \u00e9tait pr\u00e9coce, l&rsquo;extraction de pr\u00e9molaires et de dents de sagesse m\u00eame dans les cas o\u00f9 les techniques fixes les consid\u00e9raient comme in\u00e9vitables.<\/p>\n<p>Le <span style=\"text-decoration: underline;\"><strong>constat que l&rsquo;harmonisation occlusale \u00e9tait suivie d&rsquo;une am\u00e9lioration g\u00e9n\u00e9rale de la sant\u00e9 du corps tant physique que psycho-affectif<\/strong><\/span> m&rsquo;a convaincu de la <strong>justesse de la m\u00e9thode Soulet Besombes<\/strong> qui peut \u00eatre utilis\u00e9e sur des patients de tous \u00e2ges.<\/p>\n<blockquote><p><strong>Am\u00e9lioration g\u00e9n\u00e9rale de la sant\u00e9 du corps tant physique que psycho-affectif<\/strong><\/p><\/blockquote>\n<p>En <strong>2003<\/strong>, j&rsquo;ai d\u00e9cid\u00e9 de fermer mon cabinet dentaire et d&#8217;embrasser une profession enfin libre comme consultant dans des centres sp\u00e9cialis\u00e9s en posture o\u00f9 des coll\u00e8gues m\u00e9decins de toutes branches, orthodontistes et dentistes plus pr\u00e9voyants et sensibles au bien du patient, m&rsquo;envoyaient des gens qui, <strong>commen\u00e7ant la th\u00e9rapie, \u00e9taient surpris de voir la disparition de sympt\u00f4mes d\u00e9j\u00e0 consid\u00e9r\u00e9s comme irr\u00e9versibles et qui signalaient presque incr\u00e9dules une am\u00e9lioration de leur qualit\u00e9 de vie.<\/strong><\/p>\n<p>En <strong>2005<\/strong>, j&rsquo;ai commenc\u00e9 \u00e0 personnaliser la m\u00e9thode en introduisant des changements qui ont am\u00e9lior\u00e9 l&rsquo;effet postural et raccourci les temps de th\u00e9rapie.<\/p>\n<p>En <strong>2007<\/strong>, suite \u00e0 une demande plus importante de coll\u00e8gues de se renseigner sur cette m\u00e9thode, j&rsquo;ai \u00e9crit le livre <a href=\"https:\/\/www.metodomontorsi.it\/fr\/livre\">Au-del\u00e0 du palais, la m\u00e9thode Soulet Besombes<\/a>.<\/p>\n<p>En <strong>2008<\/strong>, j&rsquo;ai cr\u00e9\u00e9 des formations semestrielles sur la M\u00e9thode Montorsi pour les m\u00e9decins et dentistes et d\u00e8s le premier cours ces formations ont eu un \u00e9norme succ\u00e8s &#8211;<a href=\"https:\/\/www.metodomontorsi.it\/fr\/medecins-acom-habilites\"> voir la liste des professionnels habilit\u00e9s \u00e0 utiliser la M\u00e9thode Montorsi<\/a>.<\/p>\n<p>En <strong>2009<\/strong>, <strong>j&rsquo;ai finalis\u00e9 la conception d&rsquo;un nouveau dispositif appel\u00e9 ACOM \u2013 Harmonisateur-Cr\u00e2nio-Occlusal Montorsi<\/strong> &#8211; qui am\u00e9liore encore l&rsquo;effet orthop\u00e9dique fonctionnel de ma m\u00e9thode de plus en plus orient\u00e9e vers le r\u00e9\u00e9quilibrage postural global et la r\u00e9solution des sympt\u00f4mes.<\/p>\n<p>En <strong>2013<\/strong>, apr\u00e8s le grand succ\u00e8s du livre Au-del\u00e0 du palais, la demande d&rsquo;informations compl\u00e9mentaires de coll\u00e8gues et de patients m&rsquo;a amen\u00e9 \u00e0 \u00e9crire le livre <a href=\"https:\/\/www.metodomontorsi.it\/fr\/oltre-il-palato-2-il-metodo-acom\/\">Au-del\u00e0 du palais II, la m\u00e9thode ACOM<\/a>.<\/p>","protected":false},"excerpt":{"rendered":"<p>Comment est n\u00e9e la m\u00e9thode Soulet Besombes ? 1953, le Professeur Ren\u00e9 Soulet de l&rsquo;Universit\u00e9 de Clermont-Ferrand et le Professeur Andr\u00e9 Besombes de l&rsquo;Universit\u00e9 de Paris ont mis au point un appareil orthop\u00e9dique fonctionnel qu&rsquo;ils ont appel\u00e9 \u00ab\u00a0activateur Soulet-Besombes\u00a0\u00bb. Presque simultan\u00e9ment et de mani\u00e8re autonome, le Professeur Pedro Planas de l&rsquo;Universit\u00e9 de Madrid puis de<\/p>\n","protected":false},"author":2,"featured_media":0,"parent":0,"menu_order":0,"comment_status":"closed","ping_status":"closed","template":"","meta":{"footnotes":""},"class_list":["post-689","page","type-page","status-publish","hentry"],"yoast_head":"<!-- This site is optimized with the Yoast SEO plugin v27.4 - https:\/\/yoast.com\/product\/yoast-seo-wordpress\/ -->\r\n<title>Storia del Metodo Soulet Besombes e la nascita di ACOM\u00ae<\/title>\r\n<meta name=\"description\" content=\"Il metodo Soulet Besombes si utilizza su pazienti di ogni et\u00e0: all&#039;armonizzazione occlusale segue un miglioramento sia fisico che psico-affettivo.\" \/>\r\n<meta name=\"robots\" content=\"index, follow, max-snippet:-1, max-image-preview:large, max-video-preview:-1\" \/>\r\n<link rel=\"canonical\" href=\"https:\/\/www.metodomontorsi.it\/storia-del-metodo-soulet-besombes\" \/>\r\n<meta property=\"og:locale\" content=\"fr_FR\" \/>\r\n<meta property=\"og:type\" content=\"article\" \/>\r\n<meta property=\"og:title\" content=\"[:it]Storia del Metodo Soulet Besombes e la nascita di ACOM\u00ae[:en]History of Soulet-Besombes method[:]\" \/>\r\n<meta property=\"og:description\" content=\"{:it}Il metodo Soulet Besombes si utilizza su pazienti di ogni et\u00e0: all&#039;armonizzazione occlusale segue un miglioramento sia fisico che psico-affettivo.{:en}Il riscontro che alla armonizzazione occlusale seguiva un miglioramento della salute generale del corpo sia fisico che psico-affettivo mi ha convinto della correttezza del metodo Soulet Besombes che pu\u00f2 essere utilizzato su pazienti di ogni et\u00e0.{:}\" \/>\r\n<meta property=\"og:url\" content=\"https:\/\/www.metodomontorsi.it\/storia-del-metodo-soulet-besombes\" \/>\r\n<meta property=\"og:site_name\" content=\"M\u00e9thode Montorsi Harmonisateurs cr\u00e2nio-occlusaux\" \/>\r\n<meta property=\"article:modified_time\" content=\"2026-04-01T08:28:45+00:00\" \/>\r\n<meta name=\"twitter:card\" content=\"summary_large_image\" \/>\r\n<meta name=\"twitter:label1\" content=\"Dur\u00e9e de lecture estim\u00e9e\" \/>\n\t<meta name=\"twitter:data1\" content=\"4 minutes\" \/>\r\n<script type=\"application\/ld+json\" class=\"yoast-schema-graph\">{\"@context\":\"https:\\\/\\\/schema.org\",\"@graph\":[{\"@type\":\"WebPage\",\"@id\":\"https:\\\/\\\/www.metodomontorsi.it\\\/storia-del-metodo-soulet-besombes\",\"url\":\"https:\\\/\\\/www.metodomontorsi.it\\\/storia-del-metodo-soulet-besombes\",\"name\":\"[:it]Storia del Metodo Soulet Besombes e la nascita di ACOM\u00ae[:en]History of Soulet-Besombes method[:]\",\"isPartOf\":{\"@id\":\"https:\\\/\\\/www.metodomontorsi.it\\\/#website\"},\"datePublished\":\"2015-11-20T08:07:39+00:00\",\"dateModified\":\"2026-04-01T08:28:45+00:00\",\"description\":\"{:it}Il metodo Soulet Besombes si utilizza su pazienti di ogni et\u00e0: all'armonizzazione occlusale segue un miglioramento sia fisico che psico-affettivo.{:en}Il riscontro che alla armonizzazione occlusale seguiva un miglioramento della salute generale del corpo sia fisico che psico-affettivo mi ha convinto della correttezza del metodo Soulet Besombes che pu\u00f2 essere utilizzato su pazienti di ogni et\u00e0.{:}\",\"breadcrumb\":{\"@id\":\"https:\\\/\\\/www.metodomontorsi.it\\\/storia-del-metodo-soulet-besombes#breadcrumb\"},\"inLanguage\":\"fr-FR\",\"potentialAction\":[{\"@type\":\"ReadAction\",\"target\":[\"https:\\\/\\\/www.metodomontorsi.it\\\/storia-del-metodo-soulet-besombes\"]}]},{\"@type\":\"BreadcrumbList\",\"@id\":\"https:\\\/\\\/www.metodomontorsi.it\\\/storia-del-metodo-soulet-besombes#breadcrumb\",\"itemListElement\":[{\"@type\":\"ListItem\",\"position\":1,\"name\":\"Home\",\"item\":\"https:\\\/\\\/www.metodomontorsi.it\\\/\"},{\"@type\":\"ListItem\",\"position\":2,\"name\":\"Storia del Metodo Soulet Besombes\"}]},{\"@type\":\"WebSite\",\"@id\":\"https:\\\/\\\/www.metodomontorsi.it\\\/#website\",\"url\":\"https:\\\/\\\/www.metodomontorsi.it\\\/\",\"name\":\"M\u00e9thode Montorsi Harmonisateurs cr\u00e2nio-occlusaux\",\"description\":\"ACOM\u00ae harmonisateurs cr\u00e2nio-occlusaux montorsi\",\"publisher\":{\"@id\":\"https:\\\/\\\/www.metodomontorsi.it\\\/#organization\"},\"potentialAction\":[{\"@type\":\"SearchAction\",\"target\":{\"@type\":\"EntryPoint\",\"urlTemplate\":\"https:\\\/\\\/www.metodomontorsi.it\\\/?s={search_term_string}\"},\"query-input\":{\"@type\":\"PropertyValueSpecification\",\"valueRequired\":true,\"valueName\":\"search_term_string\"}}],\"inLanguage\":\"fr-FR\"},{\"@type\":\"Organization\",\"@id\":\"https:\\\/\\\/www.metodomontorsi.it\\\/#organization\",\"name\":\"ACOM - Metodo Montorsi\",\"url\":\"https:\\\/\\\/www.metodomontorsi.it\\\/\",\"logo\":{\"@type\":\"ImageObject\",\"inLanguage\":\"fr-FR\",\"@id\":\"https:\\\/\\\/www.metodomontorsi.it\\\/#\\\/schema\\\/logo\\\/image\\\/\",\"url\":\"http:\\\/\\\/www.metodomontorsi.it\\\/wp-content\\\/uploads\\\/2018\\\/02\\\/acom-metodo-montorsi-logo.png\",\"contentUrl\":\"http:\\\/\\\/www.metodomontorsi.it\\\/wp-content\\\/uploads\\\/2018\\\/02\\\/acom-metodo-montorsi-logo.png\",\"width\":160,\"height\":72,\"caption\":\"ACOM - Metodo Montorsi\"},\"image\":{\"@id\":\"https:\\\/\\\/www.metodomontorsi.it\\\/#\\\/schema\\\/logo\\\/image\\\/\"}}]}<\/script>\r\n<!-- \/ Yoast SEO plugin. -->","yoast_head_json":{"title":"Storia del Metodo Soulet Besombes e la nascita di ACOM\u00ae","description":"Il metodo Soulet Besombes si utilizza su pazienti di ogni et\u00e0: all'armonizzazione occlusale segue un miglioramento sia fisico che psico-affettivo.","robots":{"index":"index","follow":"follow","max-snippet":"max-snippet:-1","max-image-preview":"max-image-preview:large","max-video-preview":"max-video-preview:-1"},"canonical":"https:\/\/www.metodomontorsi.it\/storia-del-metodo-soulet-besombes","og_locale":"fr_FR","og_type":"article","og_title":"[:it]Storia del Metodo Soulet Besombes e la nascita di ACOM\u00ae[:en]History of Soulet-Besombes method[:]","og_description":"{:it}Il metodo Soulet Besombes si utilizza su pazienti di ogni et\u00e0: all'armonizzazione occlusale segue un miglioramento sia fisico che psico-affettivo.{:en}Il riscontro che alla armonizzazione occlusale seguiva un miglioramento della salute generale del corpo sia fisico che psico-affettivo mi ha convinto della correttezza del metodo Soulet Besombes che pu\u00f2 essere utilizzato su pazienti di ogni et\u00e0.{:}","og_url":"https:\/\/www.metodomontorsi.it\/storia-del-metodo-soulet-besombes","og_site_name":"M\u00e9thode Montorsi Harmonisateurs cr\u00e2nio-occlusaux","article_modified_time":"2026-04-01T08:28:45+00:00","twitter_card":"summary_large_image","twitter_misc":{"Dur\u00e9e de lecture estim\u00e9e":"4 minutes"},"schema":{"@context":"https:\/\/schema.org","@graph":[{"@type":"WebPage","@id":"https:\/\/www.metodomontorsi.it\/storia-del-metodo-soulet-besombes","url":"https:\/\/www.metodomontorsi.it\/storia-del-metodo-soulet-besombes","name":"[:it]Storia del Metodo Soulet Besombes e la nascita di ACOM\u00ae[:en]History of Soulet-Besombes method[:]","isPartOf":{"@id":"https:\/\/www.metodomontorsi.it\/#website"},"datePublished":"2015-11-20T08:07:39+00:00","dateModified":"2026-04-01T08:28:45+00:00","description":"{:it}Il metodo Soulet Besombes si utilizza su pazienti di ogni et\u00e0: all'armonizzazione occlusale segue un miglioramento sia fisico che psico-affettivo.{:en}Il riscontro che alla armonizzazione occlusale seguiva un miglioramento della salute generale del corpo sia fisico che psico-affettivo mi ha convinto della correttezza del metodo Soulet Besombes che pu\u00f2 essere utilizzato su pazienti di ogni et\u00e0.{:}","breadcrumb":{"@id":"https:\/\/www.metodomontorsi.it\/storia-del-metodo-soulet-besombes#breadcrumb"},"inLanguage":"fr-FR","potentialAction":[{"@type":"ReadAction","target":["https:\/\/www.metodomontorsi.it\/storia-del-metodo-soulet-besombes"]}]},{"@type":"BreadcrumbList","@id":"https:\/\/www.metodomontorsi.it\/storia-del-metodo-soulet-besombes#breadcrumb","itemListElement":[{"@type":"ListItem","position":1,"name":"Home","item":"https:\/\/www.metodomontorsi.it\/"},{"@type":"ListItem","position":2,"name":"Storia del Metodo Soulet Besombes"}]},{"@type":"WebSite","@id":"https:\/\/www.metodomontorsi.it\/#website","url":"https:\/\/www.metodomontorsi.it\/","name":"M\u00e9thode Montorsi Harmonisateurs cr\u00e2nio-occlusaux","description":"ACOM\u00ae harmonisateurs cr\u00e2nio-occlusaux montorsi","publisher":{"@id":"https:\/\/www.metodomontorsi.it\/#organization"},"potentialAction":[{"@type":"SearchAction","target":{"@type":"EntryPoint","urlTemplate":"https:\/\/www.metodomontorsi.it\/?s={search_term_string}"},"query-input":{"@type":"PropertyValueSpecification","valueRequired":true,"valueName":"search_term_string"}}],"inLanguage":"fr-FR"},{"@type":"Organization","@id":"https:\/\/www.metodomontorsi.it\/#organization","name":"ACOM - Metodo Montorsi","url":"https:\/\/www.metodomontorsi.it\/","logo":{"@type":"ImageObject","inLanguage":"fr-FR","@id":"https:\/\/www.metodomontorsi.it\/#\/schema\/logo\/image\/","url":"http:\/\/www.metodomontorsi.it\/wp-content\/uploads\/2018\/02\/acom-metodo-montorsi-logo.png","contentUrl":"http:\/\/www.metodomontorsi.it\/wp-content\/uploads\/2018\/02\/acom-metodo-montorsi-logo.png","width":160,"height":72,"caption":"ACOM - Metodo Montorsi"},"image":{"@id":"https:\/\/www.metodomontorsi.it\/#\/schema\/logo\/image\/"}}]}},"_links":{"self":[{"href":"https:\/\/www.metodomontorsi.it\/fr\/wp-json\/wp\/v2\/pages\/689","targetHints":{"allow":["GET"]}}],"collection":[{"href":"https:\/\/www.metodomontorsi.it\/fr\/wp-json\/wp\/v2\/pages"}],"about":[{"href":"https:\/\/www.metodomontorsi.it\/fr\/wp-json\/wp\/v2\/types\/page"}],"author":[{"embeddable":true,"href":"https:\/\/www.metodomontorsi.it\/fr\/wp-json\/wp\/v2\/users\/2"}],"replies":[{"embeddable":true,"href":"https:\/\/www.metodomontorsi.it\/fr\/wp-json\/wp\/v2\/comments?post=689"}],"version-history":[{"count":35,"href":"https:\/\/www.metodomontorsi.it\/fr\/wp-json\/wp\/v2\/pages\/689\/revisions"}],"predecessor-version":[{"id":1971,"href":"https:\/\/www.metodomontorsi.it\/fr\/wp-json\/wp\/v2\/pages\/689\/revisions\/1971"}],"wp:attachment":[{"href":"https:\/\/www.metodomontorsi.it\/fr\/wp-json\/wp\/v2\/media?parent=689"}],"curies":[{"name":"wp","href":"https:\/\/api.w.org\/{rel}","templated":true}]}}