{"id":817,"date":"2016-11-04T17:36:58","date_gmt":"2016-11-04T16:36:58","guid":{"rendered":"http:\/\/www.metodomontorsi.it\/?page_id=817"},"modified":"2026-04-01T10:25:56","modified_gmt":"2026-04-01T08:25:56","slug":"adriano-montorsi-metodo-acom","status":"publish","type":"page","link":"https:\/\/www.metodomontorsi.it\/fr\/adriano-montorsi-methode-acom","title":{"rendered":"Adriano Montorsi et la m\u00e9thode ACOM\u00ae"},"content":{"rendered":"<p>La m\u00e9thode traditionnelle Soulet Besombes a maintenant plus de 60 ans d&rsquo;exp\u00e9rience et des r\u00e9sultats reconnus, elle fait partie des th\u00e9rapies douces et biologiques, mais n&rsquo;est utilis\u00e9e que par quelques professionnels, dont le Docteur Adriano Montorsi, car cette m\u00e9thode n&rsquo;est pas tr\u00e8s connue, n&rsquo;\u00e9tant pas divulgu\u00e9e dans les m\u00e9dias, qui l&rsquo;ignorent probablement.<\/p>\n<p>Dans les ann\u00e9es 1950 cette m\u00e9thode a eu un grand succ\u00e8s notamment en France, mais a ensuite \u00e9t\u00e9 supplant\u00e9e par la th\u00e9rapie orthodontique multibande venue d&rsquo;Am\u00e9rique, beaucoup plus commerciale, soutenue par les multinationales productrices et qui au fil du temps est devenue presque incontournable et un symbole de statut social.<\/p>\n<p>Ce n&rsquo;est que r\u00e9cemment, <strong>justement gr\u00e2ce aux travaux de divulgation du Docteur Adriano Montorsi et compte tenu des r\u00e9cidives tr\u00e8s fr\u00e9quentes apr\u00e8s traitement orthodontique<\/strong> (on parle d&rsquo;environ 85%) <strong>et de ses nombreux effets collat\u00e9raux<\/strong> imm\u00e9diats ou dans les ann\u00e9es qui suivent (scoliose, cervicalgie, maux de t\u00eate, risque plus fr\u00e9quent de traumatismes li\u00e9s aux activit\u00e9s sportives, etc.) que les patients ont red\u00e9couvert le bien-fond\u00e9 des th\u00e9rapies biologiques et sont \u00e0 la recherche de th\u00e9rapies qui peuvent, en plus de r\u00e9sultats esth\u00e9tiques, conduire \u00e0 une am\u00e9lioration de la qualit\u00e9 de vie.<\/p>\n<blockquote><p>Th\u00e9rapies biologiques pour une am\u00e9lioration de la qualit\u00e9 de vie<\/p><\/blockquote>\n<p><strong>Le Docteur Adriano Montorsi a repris cette m\u00e9thode et a introduit une s\u00e9rie de modifications qui am\u00e9liorent son effet, raccourcissent le temps de th\u00e9rapie et apportent des r\u00e9sultats auparavant impensables au niveau cr\u00e2nio-occlusal.<\/strong><\/p>\n<p>Depuis 2005 il enseigne la Gnato-Posturologie \u00e0 l\u2019Universit\u00e9 \u00ab La Sapienza \u00bb de Rome, 1\u00e8re facult\u00e9 de M\u00e9decine et Chirurgie, la Posturologie niveau Master et les M\u00e9thodologies Sp\u00e9cialis\u00e9es en Posturologie niveau Master. En plus de son activit\u00e9 d&rsquo;enseignement, il est invit\u00e9 a s&rsquo;exprimer dans de nombreux Congr\u00e8s et Conf\u00e9rences.<\/p>\n<hr \/>\n<p>Un exemple de th\u00e9rapie conduite par le Docteur Adriano Montorsi : Ilaria M. (9 ans) au d\u00e9but de la th\u00e9rapie et Ilaria M. apr\u00e8s 15 mois<\/p>\n<p><img loading=\"lazy\" decoding=\"async\" class=\"aligncenter wp-image-1202 size-full\" src=\"http:\/\/www.metodomontorsi.it\/wp-content\/uploads\/2016\/11\/ilaria-1.jpg\" alt=\"Un exemple de th\u00e9rapie conduite par le Docteur Adriano Montorsi\" width=\"367\" height=\"138\" srcset=\"https:\/\/www.metodomontorsi.it\/wp-content\/uploads\/2016\/11\/ilaria-1.jpg 367w, https:\/\/www.metodomontorsi.it\/wp-content\/uploads\/2016\/11\/ilaria-1-260x98.jpg 260w, https:\/\/www.metodomontorsi.it\/wp-content\/uploads\/2016\/11\/ilaria-1-55x21.jpg 55w, https:\/\/www.metodomontorsi.it\/wp-content\/uploads\/2016\/11\/ilaria-1-70x26.jpg 70w\" sizes=\"auto, (max-width: 367px) 100vw, 367px\" \/><\/p>\n<hr \/>\n<p>En novembre 2007, \u00e0 l&rsquo;occasion du \u00ab\u00a0VIII Congr\u00e8s National Multidisciplinaire de Posture et d&rsquo;Occlusion \u00e0 Rome\u00a0\u00bb, a \u00e9t\u00e9 pr\u00e9sent\u00e9 le livre <strong><a href=\"https:\/\/www.metodomontorsi.it\/fr\/livre\">Au-del\u00e0 du palais, la m\u00e9thode Soulet-Besombes<\/a><strong>, \u00e9crit par le Docteur Adriano Montorsi<\/strong>, qui est au niveau international le premier livre \u00e0 parler sp\u00e9cifiquement de ce sujet.<\/strong><\/p>\n<p>R\u00e9dig\u00e9 de mani\u00e8re simple et directe afin de faire comprendre les principes fondamentaux de la Posturologie et la philosophie qui est \u00e0 la base de cette m\u00e9thode, il n\u2019est pas r\u00e9serv\u00e9 seulement aux m\u00e9decins et aux professionnels de sant\u00e9. Il est aussi utile aux patients pour comprendre quelles th\u00e9rapies peuvent \u00eatre ad\u00e9quates, lesquelles sont n\u00e9fastes et pourquoi.<\/p>\n<hr \/>\n<p>Une patiente soign\u00e9e par le Docteur Adriano Montorsi : Maria Concetta A. (13 ans) au d\u00e9but de la th\u00e9rapie<br \/>\nMaria Concetta A. apr\u00e8s 24 mois<\/p>\n<p><img loading=\"lazy\" decoding=\"async\" class=\"wp-image-1208 size-full aligncenter\" src=\"http:\/\/www.metodomontorsi.it\/wp-content\/uploads\/2016\/11\/mariaconcetta-2.jpg\" alt=\"Une patiente soign\u00e9e par le Docteur Adriano Montorsi\" width=\"367\" height=\"138\" srcset=\"https:\/\/www.metodomontorsi.it\/wp-content\/uploads\/2016\/11\/mariaconcetta-2.jpg 367w, https:\/\/www.metodomontorsi.it\/wp-content\/uploads\/2016\/11\/mariaconcetta-2-260x98.jpg 260w, https:\/\/www.metodomontorsi.it\/wp-content\/uploads\/2016\/11\/mariaconcetta-2-55x21.jpg 55w, https:\/\/www.metodomontorsi.it\/wp-content\/uploads\/2016\/11\/mariaconcetta-2-70x26.jpg 70w\" sizes=\"auto, (max-width: 367px) 100vw, 367px\" \/><\/p>","protected":false},"excerpt":{"rendered":"<p>La m\u00e9thode traditionnelle Soulet Besombes a maintenant plus de 60 ans d&rsquo;exp\u00e9rience et des r\u00e9sultats reconnus, elle fait partie des th\u00e9rapies douces et biologiques, mais n&rsquo;est utilis\u00e9e que par quelques professionnels, dont le Docteur Adriano Montorsi, car cette m\u00e9thode n&rsquo;est pas tr\u00e8s connue, n&rsquo;\u00e9tant pas divulgu\u00e9e dans les m\u00e9dias, qui l&rsquo;ignorent probablement. Dans les ann\u00e9es<\/p>\n","protected":false},"author":2,"featured_media":0,"parent":0,"menu_order":0,"comment_status":"closed","ping_status":"closed","template":"","meta":{"footnotes":""},"class_list":["post-817","page","type-page","status-publish","hentry"],"yoast_head":"<!-- This site is optimized with the Yoast SEO plugin v27.4 - https:\/\/yoast.com\/product\/yoast-seo-wordpress\/ -->\r\n<title>Adriano Montorsi e l&#039;evoluzione del Metodo ACOM\u00ae | ACOM\u00ae<\/title>\r\n<meta name=\"description\" content=\"Il Dott. Adriano Montorsi potenzia il metodo Soulet Besombes, ne accorcia i tempi di terapia e ottiene ottimi risultati a livello cranio occlusale.\" \/>\r\n<meta name=\"robots\" content=\"index, follow, max-snippet:-1, max-image-preview:large, max-video-preview:-1\" \/>\r\n<link rel=\"canonical\" href=\"https:\/\/www.metodomontorsi.it\/adriano-montorsi-metodo-acom\" \/>\r\n<meta property=\"og:locale\" content=\"fr_FR\" \/>\r\n<meta property=\"og:type\" content=\"article\" \/>\r\n<meta property=\"og:title\" content=\"[:it]Adriano Montorsi e l&#039;evoluzione del Metodo ACOM\u00ae | ACOM\u00ae[:en]Dr. Adriano Montorsi and the ACOM\u00ae method | ACOM\u00ae[:]\" \/>\r\n<meta property=\"og:description\" content=\"{:it}Il Dott. Adriano Montorsi potenzia il metodo Soulet Besombes, ne accorcia i tempi di terapia e ottiene ottimi risultati a livello cranio occlusale.{:en}Il Dott. Adriano Montorsi riprende il metodo Soulet Besombes e introduce una serie di varianti che ne potenziano l\u2019effetto e accorciano i tempi di terapia con modifiche che ingenerano risultati prima impensabili a livello cranio occlusale.{:}\" \/>\r\n<meta property=\"og:url\" content=\"https:\/\/www.metodomontorsi.it\/adriano-montorsi-metodo-acom\" \/>\r\n<meta property=\"og:site_name\" content=\"M\u00e9thode Montorsi Harmonisateurs cr\u00e2nio-occlusaux\" \/>\r\n<meta property=\"article:modified_time\" content=\"2026-04-01T08:25:56+00:00\" \/>\r\n<meta property=\"og:image\" content=\"http:\/\/www.metodomontorsi.it\/wp-content\/uploads\/2016\/11\/ilaria-1.jpg\" \/>\r\n<meta name=\"twitter:card\" content=\"summary_large_image\" \/>\r\n<meta name=\"twitter:label1\" content=\"Dur\u00e9e de lecture estim\u00e9e\" \/>\n\t<meta name=\"twitter:data1\" content=\"3 minutes\" \/>\r\n<script type=\"application\/ld+json\" class=\"yoast-schema-graph\">{\"@context\":\"https:\\\/\\\/schema.org\",\"@graph\":[{\"@type\":\"WebPage\",\"@id\":\"https:\\\/\\\/www.metodomontorsi.it\\\/adriano-montorsi-metodo-acom\",\"url\":\"https:\\\/\\\/www.metodomontorsi.it\\\/adriano-montorsi-metodo-acom\",\"name\":\"[:it]Adriano Montorsi e l'evoluzione del Metodo ACOM\u00ae | ACOM\u00ae[:en]Dr. Adriano Montorsi and the ACOM\u00ae method | ACOM\u00ae[:]\",\"isPartOf\":{\"@id\":\"https:\\\/\\\/www.metodomontorsi.it\\\/#website\"},\"primaryImageOfPage\":{\"@id\":\"https:\\\/\\\/www.metodomontorsi.it\\\/adriano-montorsi-metodo-acom#primaryimage\"},\"image\":{\"@id\":\"https:\\\/\\\/www.metodomontorsi.it\\\/adriano-montorsi-metodo-acom#primaryimage\"},\"thumbnailUrl\":\"http:\\\/\\\/www.metodomontorsi.it\\\/wp-content\\\/uploads\\\/2016\\\/11\\\/ilaria-1.jpg\",\"datePublished\":\"2016-11-04T16:36:58+00:00\",\"dateModified\":\"2026-04-01T08:25:56+00:00\",\"description\":\"{:it}Il Dott. Adriano Montorsi potenzia il metodo Soulet Besombes, ne accorcia i tempi di terapia e ottiene ottimi risultati a livello cranio occlusale.{:en}Il Dott. Adriano Montorsi riprende il metodo Soulet Besombes e introduce una serie di varianti che ne potenziano l\u2019effetto e accorciano i tempi di terapia con modifiche che ingenerano risultati prima impensabili a livello cranio occlusale.{:}\",\"breadcrumb\":{\"@id\":\"https:\\\/\\\/www.metodomontorsi.it\\\/adriano-montorsi-metodo-acom#breadcrumb\"},\"inLanguage\":\"fr-FR\",\"potentialAction\":[{\"@type\":\"ReadAction\",\"target\":[\"https:\\\/\\\/www.metodomontorsi.it\\\/adriano-montorsi-metodo-acom\"]}]},{\"@type\":\"ImageObject\",\"inLanguage\":\"fr-FR\",\"@id\":\"https:\\\/\\\/www.metodomontorsi.it\\\/adriano-montorsi-metodo-acom#primaryimage\",\"url\":\"http:\\\/\\\/www.metodomontorsi.it\\\/wp-content\\\/uploads\\\/2016\\\/11\\\/ilaria-1.jpg\",\"contentUrl\":\"http:\\\/\\\/www.metodomontorsi.it\\\/wp-content\\\/uploads\\\/2016\\\/11\\\/ilaria-1.jpg\"},{\"@type\":\"BreadcrumbList\",\"@id\":\"https:\\\/\\\/www.metodomontorsi.it\\\/adriano-montorsi-metodo-acom#breadcrumb\",\"itemListElement\":[{\"@type\":\"ListItem\",\"position\":1,\"name\":\"Home\",\"item\":\"https:\\\/\\\/www.metodomontorsi.it\\\/\"},{\"@type\":\"ListItem\",\"position\":2,\"name\":\"Adriano Montorsi e il Metodo ACOM\u00ae\"}]},{\"@type\":\"WebSite\",\"@id\":\"https:\\\/\\\/www.metodomontorsi.it\\\/#website\",\"url\":\"https:\\\/\\\/www.metodomontorsi.it\\\/\",\"name\":\"M\u00e9thode Montorsi Harmonisateurs cr\u00e2nio-occlusaux\",\"description\":\"ACOM\u00ae harmonisateurs cr\u00e2nio-occlusaux montorsi\",\"publisher\":{\"@id\":\"https:\\\/\\\/www.metodomontorsi.it\\\/#organization\"},\"potentialAction\":[{\"@type\":\"SearchAction\",\"target\":{\"@type\":\"EntryPoint\",\"urlTemplate\":\"https:\\\/\\\/www.metodomontorsi.it\\\/?s={search_term_string}\"},\"query-input\":{\"@type\":\"PropertyValueSpecification\",\"valueRequired\":true,\"valueName\":\"search_term_string\"}}],\"inLanguage\":\"fr-FR\"},{\"@type\":\"Organization\",\"@id\":\"https:\\\/\\\/www.metodomontorsi.it\\\/#organization\",\"name\":\"ACOM - Metodo Montorsi\",\"url\":\"https:\\\/\\\/www.metodomontorsi.it\\\/\",\"logo\":{\"@type\":\"ImageObject\",\"inLanguage\":\"fr-FR\",\"@id\":\"https:\\\/\\\/www.metodomontorsi.it\\\/#\\\/schema\\\/logo\\\/image\\\/\",\"url\":\"http:\\\/\\\/www.metodomontorsi.it\\\/wp-content\\\/uploads\\\/2018\\\/02\\\/acom-metodo-montorsi-logo.png\",\"contentUrl\":\"http:\\\/\\\/www.metodomontorsi.it\\\/wp-content\\\/uploads\\\/2018\\\/02\\\/acom-metodo-montorsi-logo.png\",\"width\":160,\"height\":72,\"caption\":\"ACOM - Metodo Montorsi\"},\"image\":{\"@id\":\"https:\\\/\\\/www.metodomontorsi.it\\\/#\\\/schema\\\/logo\\\/image\\\/\"}}]}<\/script>\r\n<!-- \/ Yoast SEO plugin. -->","yoast_head_json":{"title":"Adriano Montorsi e l'evoluzione del Metodo ACOM\u00ae | ACOM\u00ae","description":"Il Dott. Adriano Montorsi potenzia il metodo Soulet Besombes, ne accorcia i tempi di terapia e ottiene ottimi risultati a livello cranio occlusale.","robots":{"index":"index","follow":"follow","max-snippet":"max-snippet:-1","max-image-preview":"max-image-preview:large","max-video-preview":"max-video-preview:-1"},"canonical":"https:\/\/www.metodomontorsi.it\/adriano-montorsi-metodo-acom","og_locale":"fr_FR","og_type":"article","og_title":"[:it]Adriano Montorsi e l'evoluzione del Metodo ACOM\u00ae | ACOM\u00ae[:en]Dr. Adriano Montorsi and the ACOM\u00ae method | ACOM\u00ae[:]","og_description":"{:it}Il Dott. Adriano Montorsi potenzia il metodo Soulet Besombes, ne accorcia i tempi di terapia e ottiene ottimi risultati a livello cranio occlusale.{:en}Il Dott. Adriano Montorsi riprende il metodo Soulet Besombes e introduce una serie di varianti che ne potenziano l\u2019effetto e accorciano i tempi di terapia con modifiche che ingenerano risultati prima impensabili a livello cranio occlusale.{:}","og_url":"https:\/\/www.metodomontorsi.it\/adriano-montorsi-metodo-acom","og_site_name":"M\u00e9thode Montorsi Harmonisateurs cr\u00e2nio-occlusaux","article_modified_time":"2026-04-01T08:25:56+00:00","og_image":[{"url":"http:\/\/www.metodomontorsi.it\/wp-content\/uploads\/2016\/11\/ilaria-1.jpg","type":"","width":"","height":""}],"twitter_card":"summary_large_image","twitter_misc":{"Dur\u00e9e de lecture estim\u00e9e":"3 minutes"},"schema":{"@context":"https:\/\/schema.org","@graph":[{"@type":"WebPage","@id":"https:\/\/www.metodomontorsi.it\/adriano-montorsi-metodo-acom","url":"https:\/\/www.metodomontorsi.it\/adriano-montorsi-metodo-acom","name":"[:it]Adriano Montorsi e l'evoluzione del Metodo ACOM\u00ae | ACOM\u00ae[:en]Dr. Adriano Montorsi and the ACOM\u00ae method | ACOM\u00ae[:]","isPartOf":{"@id":"https:\/\/www.metodomontorsi.it\/#website"},"primaryImageOfPage":{"@id":"https:\/\/www.metodomontorsi.it\/adriano-montorsi-metodo-acom#primaryimage"},"image":{"@id":"https:\/\/www.metodomontorsi.it\/adriano-montorsi-metodo-acom#primaryimage"},"thumbnailUrl":"http:\/\/www.metodomontorsi.it\/wp-content\/uploads\/2016\/11\/ilaria-1.jpg","datePublished":"2016-11-04T16:36:58+00:00","dateModified":"2026-04-01T08:25:56+00:00","description":"{:it}Il Dott. Adriano Montorsi potenzia il metodo Soulet Besombes, ne accorcia i tempi di terapia e ottiene ottimi risultati a livello cranio occlusale.{:en}Il Dott. Adriano Montorsi riprende il metodo Soulet Besombes e introduce una serie di varianti che ne potenziano l\u2019effetto e accorciano i tempi di terapia con modifiche che ingenerano risultati prima impensabili a livello cranio occlusale.{:}","breadcrumb":{"@id":"https:\/\/www.metodomontorsi.it\/adriano-montorsi-metodo-acom#breadcrumb"},"inLanguage":"fr-FR","potentialAction":[{"@type":"ReadAction","target":["https:\/\/www.metodomontorsi.it\/adriano-montorsi-metodo-acom"]}]},{"@type":"ImageObject","inLanguage":"fr-FR","@id":"https:\/\/www.metodomontorsi.it\/adriano-montorsi-metodo-acom#primaryimage","url":"http:\/\/www.metodomontorsi.it\/wp-content\/uploads\/2016\/11\/ilaria-1.jpg","contentUrl":"http:\/\/www.metodomontorsi.it\/wp-content\/uploads\/2016\/11\/ilaria-1.jpg"},{"@type":"BreadcrumbList","@id":"https:\/\/www.metodomontorsi.it\/adriano-montorsi-metodo-acom#breadcrumb","itemListElement":[{"@type":"ListItem","position":1,"name":"Home","item":"https:\/\/www.metodomontorsi.it\/"},{"@type":"ListItem","position":2,"name":"Adriano Montorsi e il Metodo ACOM\u00ae"}]},{"@type":"WebSite","@id":"https:\/\/www.metodomontorsi.it\/#website","url":"https:\/\/www.metodomontorsi.it\/","name":"M\u00e9thode Montorsi Harmonisateurs cr\u00e2nio-occlusaux","description":"ACOM\u00ae harmonisateurs cr\u00e2nio-occlusaux montorsi","publisher":{"@id":"https:\/\/www.metodomontorsi.it\/#organization"},"potentialAction":[{"@type":"SearchAction","target":{"@type":"EntryPoint","urlTemplate":"https:\/\/www.metodomontorsi.it\/?s={search_term_string}"},"query-input":{"@type":"PropertyValueSpecification","valueRequired":true,"valueName":"search_term_string"}}],"inLanguage":"fr-FR"},{"@type":"Organization","@id":"https:\/\/www.metodomontorsi.it\/#organization","name":"ACOM - Metodo Montorsi","url":"https:\/\/www.metodomontorsi.it\/","logo":{"@type":"ImageObject","inLanguage":"fr-FR","@id":"https:\/\/www.metodomontorsi.it\/#\/schema\/logo\/image\/","url":"http:\/\/www.metodomontorsi.it\/wp-content\/uploads\/2018\/02\/acom-metodo-montorsi-logo.png","contentUrl":"http:\/\/www.metodomontorsi.it\/wp-content\/uploads\/2018\/02\/acom-metodo-montorsi-logo.png","width":160,"height":72,"caption":"ACOM - Metodo Montorsi"},"image":{"@id":"https:\/\/www.metodomontorsi.it\/#\/schema\/logo\/image\/"}}]}},"_links":{"self":[{"href":"https:\/\/www.metodomontorsi.it\/fr\/wp-json\/wp\/v2\/pages\/817","targetHints":{"allow":["GET"]}}],"collection":[{"href":"https:\/\/www.metodomontorsi.it\/fr\/wp-json\/wp\/v2\/pages"}],"about":[{"href":"https:\/\/www.metodomontorsi.it\/fr\/wp-json\/wp\/v2\/types\/page"}],"author":[{"embeddable":true,"href":"https:\/\/www.metodomontorsi.it\/fr\/wp-json\/wp\/v2\/users\/2"}],"replies":[{"embeddable":true,"href":"https:\/\/www.metodomontorsi.it\/fr\/wp-json\/wp\/v2\/comments?post=817"}],"version-history":[{"count":28,"href":"https:\/\/www.metodomontorsi.it\/fr\/wp-json\/wp\/v2\/pages\/817\/revisions"}],"predecessor-version":[{"id":1970,"href":"https:\/\/www.metodomontorsi.it\/fr\/wp-json\/wp\/v2\/pages\/817\/revisions\/1970"}],"wp:attachment":[{"href":"https:\/\/www.metodomontorsi.it\/fr\/wp-json\/wp\/v2\/media?parent=817"}],"curies":[{"name":"wp","href":"https:\/\/api.w.org\/{rel}","templated":true}]}}