{"id":823,"date":"2016-11-04T18:26:59","date_gmt":"2016-11-04T17:26:59","guid":{"rendered":"http:\/\/www.metodomontorsi.it\/?page_id=823"},"modified":"2021-12-27T15:51:59","modified_gmt":"2021-12-27T14:51:59","slug":"acom-e-sistema-muscolare","status":"publish","type":"page","link":"https:\/\/www.metodomontorsi.it\/fr\/acom-systeme-musculaire","title":{"rendered":"L\u2019ACOM\u00ae et le syst\u00e8me musculaire"},"content":{"rendered":"<p>Le syst\u00e8me musculaire dynamique est organis\u00e9 en cha\u00eenes musculaires crois\u00e9es et en forme de spirale qui relient tout notre corps, de la m\u00e2choire au pied. On s&rsquo;aper\u00e7oit de ce sch\u00e9ma crois\u00e9 d&rsquo;organisation musculaire au quotidien lors de la marche ou quand on court, car lorsqu\u2019on avance le membre inf\u00e9rieur d&rsquo;un c\u00f4t\u00e9, on l&rsquo;aide en avan\u00e7ant le membre sup\u00e9rieur oppos\u00e9.<\/p>\n<p>En raison de cette connexion myofasciale crois\u00e9e, un d\u00e9s\u00e9quilibre du syst\u00e8me cr\u00e2nio-mandibulaire affecte syst\u00e9matiquement l&rsquo;ensemble du corps, influen\u00e7ant \u00e0 la fois la posture du corps et les performances du syst\u00e8me musculo-squelettique. Cela peut entra\u00eener des sch\u00e9mas dysfonctionnels qui peuvent potentiellement alimenter des probl\u00e8mes orthop\u00e9diques.<\/p>\n<p class=\"p1\"><span class=\"s1\"><img loading=\"lazy\" decoding=\"async\" class=\"wp-image-983 size-large aligncenter\" src=\"http:\/\/www.metodomontorsi.it\/wp-content\/uploads\/2016\/11\/Schema_muscolare_crociato_web-452x340.jpg\" alt=\"\" width=\"452\" height=\"340\" srcset=\"https:\/\/www.metodomontorsi.it\/wp-content\/uploads\/2016\/11\/Schema_muscolare_crociato_web-452x340.jpg 452w, https:\/\/www.metodomontorsi.it\/wp-content\/uploads\/2016\/11\/Schema_muscolare_crociato_web-600x451.jpg 600w, https:\/\/www.metodomontorsi.it\/wp-content\/uploads\/2016\/11\/Schema_muscolare_crociato_web-260x195.jpg 260w, https:\/\/www.metodomontorsi.it\/wp-content\/uploads\/2016\/11\/Schema_muscolare_crociato_web-768x577.jpg 768w, https:\/\/www.metodomontorsi.it\/wp-content\/uploads\/2016\/11\/Schema_muscolare_crociato_web-53x40.jpg 53w, https:\/\/www.metodomontorsi.it\/wp-content\/uploads\/2016\/11\/Schema_muscolare_crociato_web-70x53.jpg 70w, https:\/\/www.metodomontorsi.it\/wp-content\/uploads\/2016\/11\/Schema_muscolare_crociato_web.jpg 1003w\" sizes=\"auto, (max-width: 452px) 100vw, 452px\" \/><\/span><\/p>\n<p class=\"p1\">\n<p>Chaque jour, nous sommes confront\u00e9s \u00e0 des patients qui ont d\u00e9j\u00e0 consult\u00e9 de nombreux autres sp\u00e9cialistes pour r\u00e9soudre leurs probl\u00e8mes sans qu&rsquo;aucun d&rsquo;entre eux n&rsquo;ait pris en compte la possibilit\u00e9 que leur pathologie soit d\u00e9clench\u00e9e par un d\u00e9s\u00e9quilibre occlusal. Sur ces patients l&rsquo;ACOM est capable d&rsquo;intervenir efficacement, parvenant parfois \u00e0 r\u00e9soudre des maladies chroniques et \u00e0 redonner le sourire \u00e0 des personnes qui souffrent depuis des ann\u00e9es de probl\u00e8mes pour lesquels elles avaient perdu tout espoir de r\u00e9solution.<\/p>","protected":false},"excerpt":{"rendered":"<p>Le syst\u00e8me musculaire dynamique est organis\u00e9 en cha\u00eenes musculaires crois\u00e9es et en forme de spirale qui relient tout notre corps, de la m\u00e2choire au pied. On s&rsquo;aper\u00e7oit de ce sch\u00e9ma crois\u00e9 d&rsquo;organisation musculaire au quotidien lors de la marche ou quand on court, car lorsqu\u2019on avance le membre inf\u00e9rieur d&rsquo;un c\u00f4t\u00e9, on l&rsquo;aide en avan\u00e7ant<\/p>\n","protected":false},"author":2,"featured_media":0,"parent":0,"menu_order":0,"comment_status":"closed","ping_status":"closed","template":"","meta":{"footnotes":""},"class_list":["post-823","page","type-page","status-publish","hentry"],"yoast_head":"<!-- This site is optimized with the Yoast SEO plugin v27.4 - https:\/\/yoast.com\/product\/yoast-seo-wordpress\/ -->\r\n<title>L\u2019ACOM\u00ae et le syst\u00e8me musculaire &#8226; M\u00e9thode Montorsi Harmonisateurs cr\u00e2nio-occlusaux<\/title>\r\n<meta name=\"robots\" content=\"index, follow, max-snippet:-1, max-image-preview:large, max-video-preview:-1\" \/>\r\n<link rel=\"canonical\" href=\"https:\/\/www.metodomontorsi.it\/lacom-e-il-sistema-muscolare\" \/>\r\n<meta property=\"og:locale\" content=\"fr_FR\" \/>\r\n<meta property=\"og:type\" content=\"article\" \/>\r\n<meta property=\"og:title\" content=\"L\u2019ACOM\u00ae et le syst\u00e8me musculaire &#8226; M\u00e9thode Montorsi Harmonisateurs cr\u00e2nio-occlusaux\" \/>\r\n<meta property=\"og:description\" content=\"Le syst\u00e8me musculaire dynamique est organis\u00e9 en cha\u00eenes musculaires crois\u00e9es et en forme de spirale qui relient tout notre corps, de la m\u00e2choire au pied. On s&rsquo;aper\u00e7oit de ce sch\u00e9ma crois\u00e9 d&rsquo;organisation musculaire au quotidien lors de la marche ou quand on court, car lorsqu\u2019on avance le membre inf\u00e9rieur d&rsquo;un c\u00f4t\u00e9, on l&rsquo;aide en avan\u00e7ant\" \/>\r\n<meta property=\"og:url\" content=\"https:\/\/www.metodomontorsi.it\/lacom-e-il-sistema-muscolare\" \/>\r\n<meta property=\"og:site_name\" content=\"M\u00e9thode Montorsi Harmonisateurs cr\u00e2nio-occlusaux\" \/>\r\n<meta property=\"article:modified_time\" content=\"2021-12-27T14:51:59+00:00\" \/>\r\n<meta property=\"og:image\" content=\"http:\/\/www.metodomontorsi.it\/wp-content\/uploads\/2016\/11\/Schema_muscolare_crociato_web-452x340.jpg\" \/>\r\n<meta name=\"twitter:card\" content=\"summary_large_image\" \/>\r\n<meta name=\"twitter:label1\" content=\"Dur\u00e9e de lecture estim\u00e9e\" \/>\n\t<meta name=\"twitter:data1\" content=\"3 minutes\" \/>\r\n<script type=\"application\/ld+json\" class=\"yoast-schema-graph\">{\"@context\":\"https:\\\/\\\/schema.org\",\"@graph\":[{\"@type\":\"WebPage\",\"@id\":\"https:\\\/\\\/www.metodomontorsi.it\\\/lacom-e-il-sistema-muscolare\",\"url\":\"https:\\\/\\\/www.metodomontorsi.it\\\/lacom-e-il-sistema-muscolare\",\"name\":\"L\u2019ACOM\u00ae et le syst\u00e8me musculaire &#8226; M\u00e9thode Montorsi Harmonisateurs cr\u00e2nio-occlusaux\",\"isPartOf\":{\"@id\":\"https:\\\/\\\/www.metodomontorsi.it\\\/#website\"},\"primaryImageOfPage\":{\"@id\":\"https:\\\/\\\/www.metodomontorsi.it\\\/lacom-e-il-sistema-muscolare#primaryimage\"},\"image\":{\"@id\":\"https:\\\/\\\/www.metodomontorsi.it\\\/lacom-e-il-sistema-muscolare#primaryimage\"},\"thumbnailUrl\":\"http:\\\/\\\/www.metodomontorsi.it\\\/wp-content\\\/uploads\\\/2016\\\/11\\\/Schema_muscolare_crociato_web-452x340.jpg\",\"datePublished\":\"2016-11-04T17:26:59+00:00\",\"dateModified\":\"2021-12-27T14:51:59+00:00\",\"breadcrumb\":{\"@id\":\"https:\\\/\\\/www.metodomontorsi.it\\\/lacom-e-il-sistema-muscolare#breadcrumb\"},\"inLanguage\":\"fr-FR\",\"potentialAction\":[{\"@type\":\"ReadAction\",\"target\":[\"https:\\\/\\\/www.metodomontorsi.it\\\/lacom-e-il-sistema-muscolare\"]}]},{\"@type\":\"ImageObject\",\"inLanguage\":\"fr-FR\",\"@id\":\"https:\\\/\\\/www.metodomontorsi.it\\\/lacom-e-il-sistema-muscolare#primaryimage\",\"url\":\"http:\\\/\\\/www.metodomontorsi.it\\\/wp-content\\\/uploads\\\/2016\\\/11\\\/Schema_muscolare_crociato_web-452x340.jpg\",\"contentUrl\":\"http:\\\/\\\/www.metodomontorsi.it\\\/wp-content\\\/uploads\\\/2016\\\/11\\\/Schema_muscolare_crociato_web-452x340.jpg\"},{\"@type\":\"BreadcrumbList\",\"@id\":\"https:\\\/\\\/www.metodomontorsi.it\\\/lacom-e-il-sistema-muscolare#breadcrumb\",\"itemListElement\":[{\"@type\":\"ListItem\",\"position\":1,\"name\":\"Home\",\"item\":\"https:\\\/\\\/www.metodomontorsi.it\\\/\"},{\"@type\":\"ListItem\",\"position\":2,\"name\":\"L&#8217;ACOM\u00ae e il Sistema Muscolare\"}]},{\"@type\":\"WebSite\",\"@id\":\"https:\\\/\\\/www.metodomontorsi.it\\\/#website\",\"url\":\"https:\\\/\\\/www.metodomontorsi.it\\\/\",\"name\":\"M\u00e9thode Montorsi Harmonisateurs cr\u00e2nio-occlusaux\",\"description\":\"ACOM\u00ae harmonisateurs cr\u00e2nio-occlusaux montorsi\",\"publisher\":{\"@id\":\"https:\\\/\\\/www.metodomontorsi.it\\\/#organization\"},\"potentialAction\":[{\"@type\":\"SearchAction\",\"target\":{\"@type\":\"EntryPoint\",\"urlTemplate\":\"https:\\\/\\\/www.metodomontorsi.it\\\/?s={search_term_string}\"},\"query-input\":{\"@type\":\"PropertyValueSpecification\",\"valueRequired\":true,\"valueName\":\"search_term_string\"}}],\"inLanguage\":\"fr-FR\"},{\"@type\":\"Organization\",\"@id\":\"https:\\\/\\\/www.metodomontorsi.it\\\/#organization\",\"name\":\"ACOM - Metodo Montorsi\",\"url\":\"https:\\\/\\\/www.metodomontorsi.it\\\/\",\"logo\":{\"@type\":\"ImageObject\",\"inLanguage\":\"fr-FR\",\"@id\":\"https:\\\/\\\/www.metodomontorsi.it\\\/#\\\/schema\\\/logo\\\/image\\\/\",\"url\":\"http:\\\/\\\/www.metodomontorsi.it\\\/wp-content\\\/uploads\\\/2018\\\/02\\\/acom-metodo-montorsi-logo.png\",\"contentUrl\":\"http:\\\/\\\/www.metodomontorsi.it\\\/wp-content\\\/uploads\\\/2018\\\/02\\\/acom-metodo-montorsi-logo.png\",\"width\":160,\"height\":72,\"caption\":\"ACOM - Metodo Montorsi\"},\"image\":{\"@id\":\"https:\\\/\\\/www.metodomontorsi.it\\\/#\\\/schema\\\/logo\\\/image\\\/\"}}]}<\/script>\r\n<!-- \/ Yoast SEO plugin. -->","yoast_head_json":{"title":"L\u2019ACOM\u00ae et le syst\u00e8me musculaire &#8226; M\u00e9thode Montorsi Harmonisateurs cr\u00e2nio-occlusaux","robots":{"index":"index","follow":"follow","max-snippet":"max-snippet:-1","max-image-preview":"max-image-preview:large","max-video-preview":"max-video-preview:-1"},"canonical":"https:\/\/www.metodomontorsi.it\/lacom-e-il-sistema-muscolare","og_locale":"fr_FR","og_type":"article","og_title":"L\u2019ACOM\u00ae et le syst\u00e8me musculaire &#8226; M\u00e9thode Montorsi Harmonisateurs cr\u00e2nio-occlusaux","og_description":"Le syst\u00e8me musculaire dynamique est organis\u00e9 en cha\u00eenes musculaires crois\u00e9es et en forme de spirale qui relient tout notre corps, de la m\u00e2choire au pied. On s&rsquo;aper\u00e7oit de ce sch\u00e9ma crois\u00e9 d&rsquo;organisation musculaire au quotidien lors de la marche ou quand on court, car lorsqu\u2019on avance le membre inf\u00e9rieur d&rsquo;un c\u00f4t\u00e9, on l&rsquo;aide en avan\u00e7ant","og_url":"https:\/\/www.metodomontorsi.it\/lacom-e-il-sistema-muscolare","og_site_name":"M\u00e9thode Montorsi Harmonisateurs cr\u00e2nio-occlusaux","article_modified_time":"2021-12-27T14:51:59+00:00","og_image":[{"url":"http:\/\/www.metodomontorsi.it\/wp-content\/uploads\/2016\/11\/Schema_muscolare_crociato_web-452x340.jpg","type":"","width":"","height":""}],"twitter_card":"summary_large_image","twitter_misc":{"Dur\u00e9e de lecture estim\u00e9e":"3 minutes"},"schema":{"@context":"https:\/\/schema.org","@graph":[{"@type":"WebPage","@id":"https:\/\/www.metodomontorsi.it\/lacom-e-il-sistema-muscolare","url":"https:\/\/www.metodomontorsi.it\/lacom-e-il-sistema-muscolare","name":"L\u2019ACOM\u00ae et le syst\u00e8me musculaire &#8226; M\u00e9thode Montorsi Harmonisateurs cr\u00e2nio-occlusaux","isPartOf":{"@id":"https:\/\/www.metodomontorsi.it\/#website"},"primaryImageOfPage":{"@id":"https:\/\/www.metodomontorsi.it\/lacom-e-il-sistema-muscolare#primaryimage"},"image":{"@id":"https:\/\/www.metodomontorsi.it\/lacom-e-il-sistema-muscolare#primaryimage"},"thumbnailUrl":"http:\/\/www.metodomontorsi.it\/wp-content\/uploads\/2016\/11\/Schema_muscolare_crociato_web-452x340.jpg","datePublished":"2016-11-04T17:26:59+00:00","dateModified":"2021-12-27T14:51:59+00:00","breadcrumb":{"@id":"https:\/\/www.metodomontorsi.it\/lacom-e-il-sistema-muscolare#breadcrumb"},"inLanguage":"fr-FR","potentialAction":[{"@type":"ReadAction","target":["https:\/\/www.metodomontorsi.it\/lacom-e-il-sistema-muscolare"]}]},{"@type":"ImageObject","inLanguage":"fr-FR","@id":"https:\/\/www.metodomontorsi.it\/lacom-e-il-sistema-muscolare#primaryimage","url":"http:\/\/www.metodomontorsi.it\/wp-content\/uploads\/2016\/11\/Schema_muscolare_crociato_web-452x340.jpg","contentUrl":"http:\/\/www.metodomontorsi.it\/wp-content\/uploads\/2016\/11\/Schema_muscolare_crociato_web-452x340.jpg"},{"@type":"BreadcrumbList","@id":"https:\/\/www.metodomontorsi.it\/lacom-e-il-sistema-muscolare#breadcrumb","itemListElement":[{"@type":"ListItem","position":1,"name":"Home","item":"https:\/\/www.metodomontorsi.it\/"},{"@type":"ListItem","position":2,"name":"L&#8217;ACOM\u00ae e il Sistema Muscolare"}]},{"@type":"WebSite","@id":"https:\/\/www.metodomontorsi.it\/#website","url":"https:\/\/www.metodomontorsi.it\/","name":"M\u00e9thode Montorsi Harmonisateurs cr\u00e2nio-occlusaux","description":"ACOM\u00ae harmonisateurs cr\u00e2nio-occlusaux montorsi","publisher":{"@id":"https:\/\/www.metodomontorsi.it\/#organization"},"potentialAction":[{"@type":"SearchAction","target":{"@type":"EntryPoint","urlTemplate":"https:\/\/www.metodomontorsi.it\/?s={search_term_string}"},"query-input":{"@type":"PropertyValueSpecification","valueRequired":true,"valueName":"search_term_string"}}],"inLanguage":"fr-FR"},{"@type":"Organization","@id":"https:\/\/www.metodomontorsi.it\/#organization","name":"ACOM - Metodo Montorsi","url":"https:\/\/www.metodomontorsi.it\/","logo":{"@type":"ImageObject","inLanguage":"fr-FR","@id":"https:\/\/www.metodomontorsi.it\/#\/schema\/logo\/image\/","url":"http:\/\/www.metodomontorsi.it\/wp-content\/uploads\/2018\/02\/acom-metodo-montorsi-logo.png","contentUrl":"http:\/\/www.metodomontorsi.it\/wp-content\/uploads\/2018\/02\/acom-metodo-montorsi-logo.png","width":160,"height":72,"caption":"ACOM - Metodo Montorsi"},"image":{"@id":"https:\/\/www.metodomontorsi.it\/#\/schema\/logo\/image\/"}}]}},"_links":{"self":[{"href":"https:\/\/www.metodomontorsi.it\/fr\/wp-json\/wp\/v2\/pages\/823","targetHints":{"allow":["GET"]}}],"collection":[{"href":"https:\/\/www.metodomontorsi.it\/fr\/wp-json\/wp\/v2\/pages"}],"about":[{"href":"https:\/\/www.metodomontorsi.it\/fr\/wp-json\/wp\/v2\/types\/page"}],"author":[{"embeddable":true,"href":"https:\/\/www.metodomontorsi.it\/fr\/wp-json\/wp\/v2\/users\/2"}],"replies":[{"embeddable":true,"href":"https:\/\/www.metodomontorsi.it\/fr\/wp-json\/wp\/v2\/comments?post=823"}],"version-history":[{"count":14,"href":"https:\/\/www.metodomontorsi.it\/fr\/wp-json\/wp\/v2\/pages\/823\/revisions"}],"predecessor-version":[{"id":1778,"href":"https:\/\/www.metodomontorsi.it\/fr\/wp-json\/wp\/v2\/pages\/823\/revisions\/1778"}],"wp:attachment":[{"href":"https:\/\/www.metodomontorsi.it\/fr\/wp-json\/wp\/v2\/media?parent=823"}],"curies":[{"name":"wp","href":"https:\/\/api.w.org\/{rel}","templated":true}]}}