{"id":825,"date":"2016-11-04T18:27:37","date_gmt":"2016-11-04T17:27:37","guid":{"rendered":"http:\/\/www.metodomontorsi.it\/?page_id=825"},"modified":"2021-12-28T15:13:04","modified_gmt":"2021-12-28T14:13:04","slug":"dismorfie-cranio-occlusali-malocclusione","status":"publish","type":"page","link":"https:\/\/www.metodomontorsi.it\/fr\/dysmorphoses-cranio-occlusales-malocclusion","title":{"rendered":"Dysmorphoses cr\u00e2nio-occlusales et malocclusion"},"content":{"rendered":"<p>Pourquoi ne dit-on pas que <strong>la malocclusion est toujours subordonn\u00e9e \u00e0 un probl\u00e8me cr\u00e2nien qui cr\u00e9e des asym\u00e9tries de positionnement des arcades dentaires et qu&rsquo;une intervention correcte le plus t\u00f4t possible peut facilement r\u00e9soudre<\/strong> le probl\u00e8me d\u00e9finitivement\u00a0?<\/p>\n<p>Pourquoi quand un p\u00e9diatre envoie un jeune patient chez le dentiste ou l&rsquo;orthodontiste, dans la plupart des cas, disent-ils qu&rsquo;il est trop t\u00f4t pour le traitement et qu&rsquo;il faut attendre l&rsquo;\u00e9ruption des dents permanentes\u00a0?<\/p>\n<p>C&rsquo;est le cas, par exemple, du petit Alessandro C. auquel il avait \u00e9t\u00e9 conseill\u00e9 de ne pas intervenir jusqu&rsquo;\u00e0 la majorit\u00e9, pour ensuite subir une intervention maxillo-faciale. La m\u00e8re, qui a d\u00e9couvert la m\u00e9thode Montorsi ACOM\u00ae, m&rsquo;a amen\u00e9 l&rsquo;enfant qui a commenc\u00e9 le traitement. Apr\u00e8s seulement quatre mois les changements obtenus sont visibles sur les photos ci-dessous.<\/p>\n<hr \/>\n<p>Alessandro C. 8 ans. Au d\u00e9but de la th\u00e9rapie et apr\u00e8s 4 mois.<\/p>\n<p class=\"p1\"><img loading=\"lazy\" decoding=\"async\" class=\"aligncenter wp-image-1010 size-full\" src=\"http:\/\/www.metodomontorsi.it\/wp-content\/uploads\/2016\/11\/alessandro.c.jpg\" alt=\"Metodo Montorsi ACOM\u00ae pu\u00f2 risolvere il problema della malocclusione e delle dismorfie cranio-occlusali\" width=\"850\" height=\"142\" srcset=\"https:\/\/www.metodomontorsi.it\/wp-content\/uploads\/2016\/11\/alessandro.c.jpg 850w, https:\/\/www.metodomontorsi.it\/wp-content\/uploads\/2016\/11\/alessandro.c-600x100.jpg 600w, https:\/\/www.metodomontorsi.it\/wp-content\/uploads\/2016\/11\/alessandro.c-260x43.jpg 260w, https:\/\/www.metodomontorsi.it\/wp-content\/uploads\/2016\/11\/alessandro.c-768x128.jpg 768w, https:\/\/www.metodomontorsi.it\/wp-content\/uploads\/2016\/11\/alessandro.c-830x139.jpg 830w, https:\/\/www.metodomontorsi.it\/wp-content\/uploads\/2016\/11\/alessandro.c-55x9.jpg 55w, https:\/\/www.metodomontorsi.it\/wp-content\/uploads\/2016\/11\/alessandro.c-70x12.jpg 70w\" sizes=\"auto, (max-width: 850px) 100vw, 850px\" \/><\/p>\n<hr \/>\n<p>Il est \u00e9galement bon de savoir qu&rsquo;avant les 12-13 ans, la base du cr\u00e2ne n&rsquo;est pas encore ossifi\u00e9e et qu&rsquo;avant les 13-14 ans, le <strong>Syst\u00e8me Tonique Postural Fin<\/strong> n&rsquo;a pas encore compl\u00e9t\u00e9 l&rsquo;organisation de ses syst\u00e8mes r\u00e9cepteurs. On doit, par cons\u00e9quent, \u00e9viter d&rsquo;appliquer des structures rigides ou semi-rigides dans la bouche des jeunes patients et aussi \u00e9viter les extractions dentaires \u00e0 des fins orthodontiques car elles vont aggraver la tendance du cr\u00e2ne et du visage \u00e0 s&rsquo;allonger, \u00e0 avoir des pommettes aplaties, un palais profond, un nez pro\u00e9minent et un collapsus des arcades d\u00e9j\u00e0 contract\u00e9.<\/p>\n<p>Les traitements orthodontiques avec extraction contraignent les maxillaires \u00e0 se contracter, ayant pour r\u00e9sultat des arcades dentaires ogivales et pointues comme celles d&rsquo;un lapin avec une d\u00e9t\u00e9rioration du profil et une r\u00e9duction de l&rsquo;espace pour la langue.<\/p>\n<p>Les appareils orthodontiques ont la caract\u00e9ristique sp\u00e9cifique d&rsquo;utiliser des arcs pr\u00e9form\u00e9s qui g\u00e9n\u00e8rent des arcades de formes standard et artificielles. Quand en plus ils sont associ\u00e9s \u00e0 des tractions extra-orales ils g\u00e9n\u00e8rent des forces qui ne s&rsquo;harmonisent ni avec le cr\u00e2ne, ni avec les articulations mandibulaires, ni avec l&rsquo;\u00e9quilibre musculaire, ni avec le syst\u00e8me tonique postural.<\/p>\n<p>L&rsquo;orthodontie qui ne tient pas compte de toutes les probl\u00e9matiques d\u00e9crites ci-dessus, en redressant m\u00e9caniquement les dents, supprime la compensation de la bouche en transf\u00e9rant les tensions et les torsions sur la colonne vert\u00e9brale. On d\u00e9clenche ainsi des courbes de compensation scoliotique et des bascules des \u00e9paules et du bassin qui am\u00e8nent \u00e0 l&rsquo;apparition de la fausse jambe courte. Malheureusement cela est souvent corrig\u00e9 par les orthop\u00e9distes avec des semelles orthop\u00e9diques nuisibles ou, de fa\u00e7on encore plus dommageable, des soutiens plantaires mono-lat\u00e9raux.<\/p>\n<p>Une \u00e9tude sur les scolioses effectu\u00e9e sur deux mille patients du Dr Demauroy a montr\u00e9 qu&rsquo;un nombre \u00e9lev\u00e9 d&rsquo;entre elles (au moins 60%) commence juste apr\u00e8s la pose d&rsquo;appareils orthodontiques.<\/p>\n<p><strong>Existe-t-il une th\u00e9rapie occlusale alternative \u00e0 l&rsquo;orthodontie et biologiquement compatible avec ce qui a \u00e9t\u00e9 expos\u00e9 ci-dessus\u00a0?<\/strong><\/p>\n<p>Oui bien s\u00fbr\u00a0!<\/p>\n<p><a href=\"https:\/\/www.metodomontorsi.it\/fr\/approche-therapeutique-orthopedie-fonctionnelle\/\">Lire la suite<\/a><\/p>","protected":false},"excerpt":{"rendered":"<p>Pourquoi ne dit-on pas que la malocclusion est toujours subordonn\u00e9e \u00e0 un probl\u00e8me cr\u00e2nien qui cr\u00e9e des asym\u00e9tries de positionnement des arcades dentaires et qu&rsquo;une intervention correcte le plus t\u00f4t possible peut facilement r\u00e9soudre le probl\u00e8me d\u00e9finitivement\u00a0? Pourquoi quand un p\u00e9diatre envoie un jeune patient chez le dentiste ou l&rsquo;orthodontiste, dans la plupart des cas,<\/p>\n","protected":false},"author":2,"featured_media":0,"parent":0,"menu_order":0,"comment_status":"closed","ping_status":"closed","template":"","meta":{"footnotes":""},"class_list":["post-825","page","type-page","status-publish","hentry"],"yoast_head":"<!-- This site is optimized with the Yoast SEO plugin v27.4 - https:\/\/yoast.com\/product\/yoast-seo-wordpress\/ -->\r\n<title>Dysmorphoses cr\u00e2nio-occlusales et malocclusion<\/title>\r\n<meta name=\"description\" content=\"Malocclusione: un corretto e precoce intervento pu\u00f2 risolverla facilmente e definitivamente. Scopri di pi\u00f9 su ci\u00f2 che il metodo ACOM\u00ae pu\u00f2 fare per te.\" \/>\r\n<meta name=\"robots\" content=\"index, follow, max-snippet:-1, max-image-preview:large, max-video-preview:-1\" \/>\r\n<link rel=\"canonical\" href=\"https:\/\/www.metodomontorsi.it\/dismorfie-cranio-occlusali-malocclusione\" \/>\r\n<meta property=\"og:locale\" content=\"fr_FR\" \/>\r\n<meta property=\"og:type\" content=\"article\" \/>\r\n<meta property=\"og:title\" content=\"Dysmorphoses cr\u00e2nio-occlusales et malocclusion\" \/>\r\n<meta property=\"og:description\" content=\"Malocclusione: un corretto e precoce intervento pu\u00f2 risolverla facilmente e definitivamente. Scopri di pi\u00f9 su ci\u00f2 che il metodo ACOM\u00ae pu\u00f2 fare per te.\" \/>\r\n<meta property=\"og:url\" content=\"https:\/\/www.metodomontorsi.it\/dismorfie-cranio-occlusali-malocclusione\" \/>\r\n<meta property=\"og:site_name\" content=\"M\u00e9thode Montorsi Harmonisateurs cr\u00e2nio-occlusaux\" \/>\r\n<meta property=\"article:modified_time\" content=\"2021-12-28T14:13:04+00:00\" \/>\r\n<meta property=\"og:image\" content=\"http:\/\/www.metodomontorsi.it\/wp-content\/uploads\/2016\/11\/alessandro.c.jpg\" \/>\r\n<meta name=\"twitter:card\" content=\"summary_large_image\" \/>\r\n<meta name=\"twitter:label1\" content=\"Dur\u00e9e de lecture estim\u00e9e\" \/>\n\t<meta name=\"twitter:data1\" content=\"7 minutes\" \/>\r\n<script type=\"application\/ld+json\" class=\"yoast-schema-graph\">{\"@context\":\"https:\\\/\\\/schema.org\",\"@graph\":[{\"@type\":\"WebPage\",\"@id\":\"https:\\\/\\\/www.metodomontorsi.it\\\/dismorfie-cranio-occlusali-malocclusione\",\"url\":\"https:\\\/\\\/www.metodomontorsi.it\\\/dismorfie-cranio-occlusali-malocclusione\",\"name\":\"Dysmorphoses cr\u00e2nio-occlusales et malocclusion\",\"isPartOf\":{\"@id\":\"https:\\\/\\\/www.metodomontorsi.it\\\/#website\"},\"primaryImageOfPage\":{\"@id\":\"https:\\\/\\\/www.metodomontorsi.it\\\/dismorfie-cranio-occlusali-malocclusione#primaryimage\"},\"image\":{\"@id\":\"https:\\\/\\\/www.metodomontorsi.it\\\/dismorfie-cranio-occlusali-malocclusione#primaryimage\"},\"thumbnailUrl\":\"http:\\\/\\\/www.metodomontorsi.it\\\/wp-content\\\/uploads\\\/2016\\\/11\\\/alessandro.c.jpg\",\"datePublished\":\"2016-11-04T17:27:37+00:00\",\"dateModified\":\"2021-12-28T14:13:04+00:00\",\"description\":\"Malocclusione: un corretto e precoce intervento pu\u00f2 risolverla facilmente e definitivamente. Scopri di pi\u00f9 su ci\u00f2 che il metodo ACOM\u00ae pu\u00f2 fare per te.\",\"breadcrumb\":{\"@id\":\"https:\\\/\\\/www.metodomontorsi.it\\\/dismorfie-cranio-occlusali-malocclusione#breadcrumb\"},\"inLanguage\":\"fr-FR\",\"potentialAction\":[{\"@type\":\"ReadAction\",\"target\":[\"https:\\\/\\\/www.metodomontorsi.it\\\/dismorfie-cranio-occlusali-malocclusione\"]}]},{\"@type\":\"ImageObject\",\"inLanguage\":\"fr-FR\",\"@id\":\"https:\\\/\\\/www.metodomontorsi.it\\\/dismorfie-cranio-occlusali-malocclusione#primaryimage\",\"url\":\"http:\\\/\\\/www.metodomontorsi.it\\\/wp-content\\\/uploads\\\/2016\\\/11\\\/alessandro.c.jpg\",\"contentUrl\":\"http:\\\/\\\/www.metodomontorsi.it\\\/wp-content\\\/uploads\\\/2016\\\/11\\\/alessandro.c.jpg\"},{\"@type\":\"BreadcrumbList\",\"@id\":\"https:\\\/\\\/www.metodomontorsi.it\\\/dismorfie-cranio-occlusali-malocclusione#breadcrumb\",\"itemListElement\":[{\"@type\":\"ListItem\",\"position\":1,\"name\":\"Home\",\"item\":\"https:\\\/\\\/www.metodomontorsi.it\\\/\"},{\"@type\":\"ListItem\",\"position\":2,\"name\":\"Dismorfie cranio-occlusali e malocclusione\"}]},{\"@type\":\"WebSite\",\"@id\":\"https:\\\/\\\/www.metodomontorsi.it\\\/#website\",\"url\":\"https:\\\/\\\/www.metodomontorsi.it\\\/\",\"name\":\"M\u00e9thode Montorsi Harmonisateurs cr\u00e2nio-occlusaux\",\"description\":\"ACOM\u00ae harmonisateurs cr\u00e2nio-occlusaux montorsi\",\"publisher\":{\"@id\":\"https:\\\/\\\/www.metodomontorsi.it\\\/#organization\"},\"potentialAction\":[{\"@type\":\"SearchAction\",\"target\":{\"@type\":\"EntryPoint\",\"urlTemplate\":\"https:\\\/\\\/www.metodomontorsi.it\\\/?s={search_term_string}\"},\"query-input\":{\"@type\":\"PropertyValueSpecification\",\"valueRequired\":true,\"valueName\":\"search_term_string\"}}],\"inLanguage\":\"fr-FR\"},{\"@type\":\"Organization\",\"@id\":\"https:\\\/\\\/www.metodomontorsi.it\\\/#organization\",\"name\":\"ACOM - Metodo Montorsi\",\"url\":\"https:\\\/\\\/www.metodomontorsi.it\\\/\",\"logo\":{\"@type\":\"ImageObject\",\"inLanguage\":\"fr-FR\",\"@id\":\"https:\\\/\\\/www.metodomontorsi.it\\\/#\\\/schema\\\/logo\\\/image\\\/\",\"url\":\"http:\\\/\\\/www.metodomontorsi.it\\\/wp-content\\\/uploads\\\/2018\\\/02\\\/acom-metodo-montorsi-logo.png\",\"contentUrl\":\"http:\\\/\\\/www.metodomontorsi.it\\\/wp-content\\\/uploads\\\/2018\\\/02\\\/acom-metodo-montorsi-logo.png\",\"width\":160,\"height\":72,\"caption\":\"ACOM - Metodo Montorsi\"},\"image\":{\"@id\":\"https:\\\/\\\/www.metodomontorsi.it\\\/#\\\/schema\\\/logo\\\/image\\\/\"}}]}<\/script>\r\n<!-- \/ Yoast SEO plugin. -->","yoast_head_json":{"title":"Dysmorphoses cr\u00e2nio-occlusales et malocclusion","description":"Malocclusione: un corretto e precoce intervento pu\u00f2 risolverla facilmente e definitivamente. Scopri di pi\u00f9 su ci\u00f2 che il metodo ACOM\u00ae pu\u00f2 fare per te.","robots":{"index":"index","follow":"follow","max-snippet":"max-snippet:-1","max-image-preview":"max-image-preview:large","max-video-preview":"max-video-preview:-1"},"canonical":"https:\/\/www.metodomontorsi.it\/dismorfie-cranio-occlusali-malocclusione","og_locale":"fr_FR","og_type":"article","og_title":"Dysmorphoses cr\u00e2nio-occlusales et malocclusion","og_description":"Malocclusione: un corretto e precoce intervento pu\u00f2 risolverla facilmente e definitivamente. Scopri di pi\u00f9 su ci\u00f2 che il metodo ACOM\u00ae pu\u00f2 fare per te.","og_url":"https:\/\/www.metodomontorsi.it\/dismorfie-cranio-occlusali-malocclusione","og_site_name":"M\u00e9thode Montorsi Harmonisateurs cr\u00e2nio-occlusaux","article_modified_time":"2021-12-28T14:13:04+00:00","og_image":[{"url":"http:\/\/www.metodomontorsi.it\/wp-content\/uploads\/2016\/11\/alessandro.c.jpg","type":"","width":"","height":""}],"twitter_card":"summary_large_image","twitter_misc":{"Dur\u00e9e de lecture estim\u00e9e":"7 minutes"},"schema":{"@context":"https:\/\/schema.org","@graph":[{"@type":"WebPage","@id":"https:\/\/www.metodomontorsi.it\/dismorfie-cranio-occlusali-malocclusione","url":"https:\/\/www.metodomontorsi.it\/dismorfie-cranio-occlusali-malocclusione","name":"Dysmorphoses cr\u00e2nio-occlusales et malocclusion","isPartOf":{"@id":"https:\/\/www.metodomontorsi.it\/#website"},"primaryImageOfPage":{"@id":"https:\/\/www.metodomontorsi.it\/dismorfie-cranio-occlusali-malocclusione#primaryimage"},"image":{"@id":"https:\/\/www.metodomontorsi.it\/dismorfie-cranio-occlusali-malocclusione#primaryimage"},"thumbnailUrl":"http:\/\/www.metodomontorsi.it\/wp-content\/uploads\/2016\/11\/alessandro.c.jpg","datePublished":"2016-11-04T17:27:37+00:00","dateModified":"2021-12-28T14:13:04+00:00","description":"Malocclusione: un corretto e precoce intervento pu\u00f2 risolverla facilmente e definitivamente. Scopri di pi\u00f9 su ci\u00f2 che il metodo ACOM\u00ae pu\u00f2 fare per te.","breadcrumb":{"@id":"https:\/\/www.metodomontorsi.it\/dismorfie-cranio-occlusali-malocclusione#breadcrumb"},"inLanguage":"fr-FR","potentialAction":[{"@type":"ReadAction","target":["https:\/\/www.metodomontorsi.it\/dismorfie-cranio-occlusali-malocclusione"]}]},{"@type":"ImageObject","inLanguage":"fr-FR","@id":"https:\/\/www.metodomontorsi.it\/dismorfie-cranio-occlusali-malocclusione#primaryimage","url":"http:\/\/www.metodomontorsi.it\/wp-content\/uploads\/2016\/11\/alessandro.c.jpg","contentUrl":"http:\/\/www.metodomontorsi.it\/wp-content\/uploads\/2016\/11\/alessandro.c.jpg"},{"@type":"BreadcrumbList","@id":"https:\/\/www.metodomontorsi.it\/dismorfie-cranio-occlusali-malocclusione#breadcrumb","itemListElement":[{"@type":"ListItem","position":1,"name":"Home","item":"https:\/\/www.metodomontorsi.it\/"},{"@type":"ListItem","position":2,"name":"Dismorfie cranio-occlusali e malocclusione"}]},{"@type":"WebSite","@id":"https:\/\/www.metodomontorsi.it\/#website","url":"https:\/\/www.metodomontorsi.it\/","name":"M\u00e9thode Montorsi Harmonisateurs cr\u00e2nio-occlusaux","description":"ACOM\u00ae harmonisateurs cr\u00e2nio-occlusaux montorsi","publisher":{"@id":"https:\/\/www.metodomontorsi.it\/#organization"},"potentialAction":[{"@type":"SearchAction","target":{"@type":"EntryPoint","urlTemplate":"https:\/\/www.metodomontorsi.it\/?s={search_term_string}"},"query-input":{"@type":"PropertyValueSpecification","valueRequired":true,"valueName":"search_term_string"}}],"inLanguage":"fr-FR"},{"@type":"Organization","@id":"https:\/\/www.metodomontorsi.it\/#organization","name":"ACOM - Metodo Montorsi","url":"https:\/\/www.metodomontorsi.it\/","logo":{"@type":"ImageObject","inLanguage":"fr-FR","@id":"https:\/\/www.metodomontorsi.it\/#\/schema\/logo\/image\/","url":"http:\/\/www.metodomontorsi.it\/wp-content\/uploads\/2018\/02\/acom-metodo-montorsi-logo.png","contentUrl":"http:\/\/www.metodomontorsi.it\/wp-content\/uploads\/2018\/02\/acom-metodo-montorsi-logo.png","width":160,"height":72,"caption":"ACOM - Metodo Montorsi"},"image":{"@id":"https:\/\/www.metodomontorsi.it\/#\/schema\/logo\/image\/"}}]}},"_links":{"self":[{"href":"https:\/\/www.metodomontorsi.it\/fr\/wp-json\/wp\/v2\/pages\/825","targetHints":{"allow":["GET"]}}],"collection":[{"href":"https:\/\/www.metodomontorsi.it\/fr\/wp-json\/wp\/v2\/pages"}],"about":[{"href":"https:\/\/www.metodomontorsi.it\/fr\/wp-json\/wp\/v2\/types\/page"}],"author":[{"embeddable":true,"href":"https:\/\/www.metodomontorsi.it\/fr\/wp-json\/wp\/v2\/users\/2"}],"replies":[{"embeddable":true,"href":"https:\/\/www.metodomontorsi.it\/fr\/wp-json\/wp\/v2\/comments?post=825"}],"version-history":[{"count":18,"href":"https:\/\/www.metodomontorsi.it\/fr\/wp-json\/wp\/v2\/pages\/825\/revisions"}],"predecessor-version":[{"id":1795,"href":"https:\/\/www.metodomontorsi.it\/fr\/wp-json\/wp\/v2\/pages\/825\/revisions\/1795"}],"wp:attachment":[{"href":"https:\/\/www.metodomontorsi.it\/fr\/wp-json\/wp\/v2\/media?parent=825"}],"curies":[{"name":"wp","href":"https:\/\/api.w.org\/{rel}","templated":true}]}}