{"id":827,"date":"2016-11-04T18:28:15","date_gmt":"2016-11-04T17:28:15","guid":{"rendered":"http:\/\/www.metodomontorsi.it\/?page_id=827"},"modified":"2021-12-28T11:42:09","modified_gmt":"2021-12-28T10:42:09","slug":"lapproccio-terapeutico-ortopedico-funzionale","status":"publish","type":"page","link":"https:\/\/www.metodomontorsi.it\/fr\/approche-therapeutique-orthopedie-fonctionnelle","title":{"rendered":"L&rsquo;approche th\u00e9rapeutique de l&rsquo;orthop\u00e9die fonctionnelle"},"content":{"rendered":"<p>La<strong> M\u00e9thode Montorsi<\/strong> est une alternative \u00e0 l&rsquo;orthodontie traditionnelle qui repose sur l&rsquo;utilisation d&rsquo;un <strong>appareil orthop\u00e9dique myofonctionnel<\/strong> en apparence tr\u00e8s simple qui agit non seulement sur les dents mais aussi sur<strong> l&rsquo;ensemble du syst\u00e8me cr\u00e2nio-occlusal<\/strong>. Il s&rsquo;agit d&rsquo;un <strong>harmonisateur visco-\u00e9lastique<\/strong> dont l&rsquo;\u00e9volution, appel\u00e9e ACOM\u00ae (Harmonisateur Cr\u00e2nio-Occlusal Montorsi) a \u00e9t\u00e9 con\u00e7ue et \u00e9tudi\u00e9e par le Dr Adriano Montorsi.<\/p>\n<p><strong>Les r\u00e9sultats de cette th\u00e9rapie sont \u00e9tonnants<\/strong>. En tr\u00e8s peu de temps, vous pouvez d\u00e9j\u00e0 appr\u00e9cier des changements dans la bouche, le cr\u00e2ne, le visage et m\u00eame sur le plan \u00e9motionnel, comme dans le cas de la petite Francesca A., une enfant vive avec des probl\u00e8mes occlusaux. Le dentiste a propos\u00e9 d&rsquo;utiliser un expanseur palatin mais les parents, n&rsquo;\u00e9tant pas convaincus par cette solution, ont d\u00e9cid\u00e9 de suivre la M\u00e9thode Montorsi et au bout de quelques mois ils ont pu appr\u00e9cier les changements au niveau occlusal, au niveau du visage, mais surtout dans la sph\u00e8re \u00e9motionnelle. En fait, l&rsquo;enfant \u00e9tait beaucoup plus calme, plus sereine et \u00e9tudiait m\u00eame avec plus de plaisir.<\/p>\n<hr \/>\n<p>Francesca A. (9 ans) au d\u00e9but de la th\u00e9rapie. Puis apr\u00e8s 4 mois et puis apr\u00e8s 21 mois.<\/p>\n<p class=\"p1\"><img loading=\"lazy\" decoding=\"async\" class=\"aligncenter wp-image-992 size-large\" src=\"http:\/\/www.metodomontorsi.it\/wp-content\/uploads\/2016\/11\/francesca_A-01-595x340.jpg\" alt=\"\" width=\"595\" height=\"340\" srcset=\"https:\/\/www.metodomontorsi.it\/wp-content\/uploads\/2016\/11\/francesca_A-01-595x340.jpg 595w, https:\/\/www.metodomontorsi.it\/wp-content\/uploads\/2016\/11\/francesca_A-01-600x343.jpg 600w, https:\/\/www.metodomontorsi.it\/wp-content\/uploads\/2016\/11\/francesca_A-01-260x149.jpg 260w, https:\/\/www.metodomontorsi.it\/wp-content\/uploads\/2016\/11\/francesca_A-01-768x439.jpg 768w, https:\/\/www.metodomontorsi.it\/wp-content\/uploads\/2016\/11\/francesca_A-01-55x31.jpg 55w, https:\/\/www.metodomontorsi.it\/wp-content\/uploads\/2016\/11\/francesca_A-01-70x40.jpg 70w, https:\/\/www.metodomontorsi.it\/wp-content\/uploads\/2016\/11\/francesca_A-01.jpg 961w\" sizes=\"auto, (max-width: 595px) 100vw, 595px\" \/><\/p>\n<hr \/>\n<p>Les effets b\u00e9n\u00e9fiques de la M\u00e9thode Montorsi ne se limitent pas seulement \u00e0 la <strong>sph\u00e8re cr\u00e2nio-occlusale et \u00e9motionnelle<\/strong>, mais s&rsquo;\u00e9tendent \u00e9galement dans un sens positif \u00e0<strong> l&rsquo;attitude posturale<\/strong> et cela devient particuli\u00e8rement important chez les adultes o\u00f9, en plus des m\u00eames r\u00e9sultats remarquables, il y a tr\u00e8s souvent r\u00e9mission des sympt\u00f4mes dus \u00e0 un d\u00e9s\u00e9quilibre postural.<\/p>\n<p>La capacit\u00e9 intrins\u00e8que du corps \u00e0 \u00e9tablir une nouvelle relation avec le syst\u00e8me est r\u00e9activ\u00e9e en changeant le positionnement des dents et de la m\u00e2choire par la simple action de mordre un ACOM\u00ae. On a ainsi une <strong>approche neurosensorielle qui remet en mouvement ce qui \u00e9tait bloqu\u00e9<\/strong>, passant d&rsquo;une dentition de n\u00e9cessit\u00e9 (inconsciente) \u00e0 une dentition de libert\u00e9. La sensation proprioceptive li\u00e9e \u00e0 cette dentition de libert\u00e9 sera toute autre, comme sera toute autre la position que les muscles vont donner au cr\u00e2ne, \u00e0 la mandibule et \u00e0 la posture, obtenant une variation de l&rsquo;exp\u00e9rience sensorielle ressentie<strong> sans que des manipulations externes n\u2019interviennent.<\/strong><\/p>\n<p>L&rsquo;id\u00e9e que c&rsquo;est l&rsquo;homme qui s&rsquo;adapte \u00e0 la th\u00e9rapie, caract\u00e9ristique de l&rsquo;orthodontie, est renvers\u00e9e par la M\u00e9thode Montorsi o\u00f9 c&rsquo;est <strong>la th\u00e9rapie qui s&rsquo;adapte au patient<\/strong>. Ainsi, alors qu&rsquo;en orthodontie on veut atteindre un r\u00e9sultat uniquement esth\u00e9tique, induisant souvent une l\u00e9sion fonctionnelle, avec la M\u00e9thode Montorsi on cherche a obtenir une occlusion \u00e9quilibr\u00e9e, ce qui est la meilleure garantie pour ne pas avoir de r\u00e9cidives. En effet, <strong>l&rsquo;harmonisation cr\u00e2nio-occlusale est spontan\u00e9ment induite par le cerveau<\/strong> amenant \u00e0 un r\u00e9\u00e9quilibrage des vecteurs de force qui sont les m\u00eames que ceux de la croissance.<\/p>\n<p><a href=\"https:\/\/www.metodomontorsi.it\/fr\/equilibre-bouche-corps-psyche\/\">Lire la suite<\/a><\/p>","protected":false},"excerpt":{"rendered":"<p>La M\u00e9thode Montorsi est une alternative \u00e0 l&rsquo;orthodontie traditionnelle qui repose sur l&rsquo;utilisation d&rsquo;un appareil orthop\u00e9dique myofonctionnel en apparence tr\u00e8s simple qui agit non seulement sur les dents mais aussi sur l&rsquo;ensemble du syst\u00e8me cr\u00e2nio-occlusal. Il s&rsquo;agit d&rsquo;un harmonisateur visco-\u00e9lastique dont l&rsquo;\u00e9volution, appel\u00e9e ACOM\u00ae (Harmonisateur Cr\u00e2nio-Occlusal Montorsi) a \u00e9t\u00e9 con\u00e7ue et \u00e9tudi\u00e9e par le Dr<\/p>\n","protected":false},"author":2,"featured_media":0,"parent":0,"menu_order":0,"comment_status":"closed","ping_status":"closed","template":"","meta":{"footnotes":""},"class_list":["post-827","page","type-page","status-publish","hentry"],"yoast_head":"<!-- This site is optimized with the Yoast SEO plugin v27.4 - https:\/\/yoast.com\/product\/yoast-seo-wordpress\/ -->\r\n<title>L\u2019approccio terapeutico ortopedico funzionale | ACOM\u00ae<\/title>\r\n<meta name=\"description\" content=\"Il Metodo Montorsi si basa sull\u2019uso di un armonizzatore viscoelastico che agisce sull\u2019intero complesso cranio-occlusale, ideato dal Dott. Adriano Montorsi.\" \/>\r\n<meta name=\"robots\" content=\"index, follow, max-snippet:-1, max-image-preview:large, max-video-preview:-1\" \/>\r\n<link rel=\"canonical\" href=\"https:\/\/www.metodomontorsi.it\/approccio-terapeutico-ortopedico-funzionale\" \/>\r\n<meta property=\"og:locale\" content=\"fr_FR\" \/>\r\n<meta property=\"og:type\" content=\"article\" \/>\r\n<meta property=\"og:title\" content=\"L\u2019approccio terapeutico ortopedico funzionale | ACOM\u00ae\" \/>\r\n<meta property=\"og:description\" content=\"Il Metodo Montorsi si basa sull\u2019uso di un armonizzatore viscoelastico che agisce sull\u2019intero complesso cranio-occlusale, ideato dal Dott. Adriano Montorsi.\" \/>\r\n<meta property=\"og:url\" content=\"https:\/\/www.metodomontorsi.it\/approccio-terapeutico-ortopedico-funzionale\" \/>\r\n<meta property=\"og:site_name\" content=\"M\u00e9thode Montorsi Harmonisateurs cr\u00e2nio-occlusaux\" \/>\r\n<meta property=\"article:modified_time\" content=\"2021-12-28T10:42:09+00:00\" \/>\r\n<meta property=\"og:image\" content=\"http:\/\/www.metodomontorsi.it\/wp-content\/uploads\/2016\/11\/francesca_A-01-595x340.jpg\" \/>\r\n<meta name=\"twitter:card\" content=\"summary_large_image\" \/>\r\n<meta name=\"twitter:label1\" content=\"Dur\u00e9e de lecture estim\u00e9e\" \/>\n\t<meta name=\"twitter:data1\" content=\"6 minutes\" \/>\r\n<script type=\"application\/ld+json\" class=\"yoast-schema-graph\">{\"@context\":\"https:\\\/\\\/schema.org\",\"@graph\":[{\"@type\":\"WebPage\",\"@id\":\"https:\\\/\\\/www.metodomontorsi.it\\\/approccio-terapeutico-ortopedico-funzionale\",\"url\":\"https:\\\/\\\/www.metodomontorsi.it\\\/approccio-terapeutico-ortopedico-funzionale\",\"name\":\"L\u2019approccio terapeutico ortopedico funzionale | ACOM\u00ae\",\"isPartOf\":{\"@id\":\"https:\\\/\\\/www.metodomontorsi.it\\\/#website\"},\"primaryImageOfPage\":{\"@id\":\"https:\\\/\\\/www.metodomontorsi.it\\\/approccio-terapeutico-ortopedico-funzionale#primaryimage\"},\"image\":{\"@id\":\"https:\\\/\\\/www.metodomontorsi.it\\\/approccio-terapeutico-ortopedico-funzionale#primaryimage\"},\"thumbnailUrl\":\"http:\\\/\\\/www.metodomontorsi.it\\\/wp-content\\\/uploads\\\/2016\\\/11\\\/francesca_A-01-595x340.jpg\",\"datePublished\":\"2016-11-04T17:28:15+00:00\",\"dateModified\":\"2021-12-28T10:42:09+00:00\",\"description\":\"Il Metodo Montorsi si basa sull\u2019uso di un armonizzatore viscoelastico che agisce sull\u2019intero complesso cranio-occlusale, ideato dal Dott. Adriano Montorsi.\",\"breadcrumb\":{\"@id\":\"https:\\\/\\\/www.metodomontorsi.it\\\/approccio-terapeutico-ortopedico-funzionale#breadcrumb\"},\"inLanguage\":\"fr-FR\",\"potentialAction\":[{\"@type\":\"ReadAction\",\"target\":[\"https:\\\/\\\/www.metodomontorsi.it\\\/approccio-terapeutico-ortopedico-funzionale\"]}]},{\"@type\":\"ImageObject\",\"inLanguage\":\"fr-FR\",\"@id\":\"https:\\\/\\\/www.metodomontorsi.it\\\/approccio-terapeutico-ortopedico-funzionale#primaryimage\",\"url\":\"http:\\\/\\\/www.metodomontorsi.it\\\/wp-content\\\/uploads\\\/2016\\\/11\\\/francesca_A-01-595x340.jpg\",\"contentUrl\":\"http:\\\/\\\/www.metodomontorsi.it\\\/wp-content\\\/uploads\\\/2016\\\/11\\\/francesca_A-01-595x340.jpg\"},{\"@type\":\"BreadcrumbList\",\"@id\":\"https:\\\/\\\/www.metodomontorsi.it\\\/approccio-terapeutico-ortopedico-funzionale#breadcrumb\",\"itemListElement\":[{\"@type\":\"ListItem\",\"position\":1,\"name\":\"Home\",\"item\":\"https:\\\/\\\/www.metodomontorsi.it\\\/\"},{\"@type\":\"ListItem\",\"position\":2,\"name\":\"L\u2019approccio terapeutico ortopedico funzionale\"}]},{\"@type\":\"WebSite\",\"@id\":\"https:\\\/\\\/www.metodomontorsi.it\\\/#website\",\"url\":\"https:\\\/\\\/www.metodomontorsi.it\\\/\",\"name\":\"M\u00e9thode Montorsi Harmonisateurs cr\u00e2nio-occlusaux\",\"description\":\"ACOM\u00ae harmonisateurs cr\u00e2nio-occlusaux montorsi\",\"publisher\":{\"@id\":\"https:\\\/\\\/www.metodomontorsi.it\\\/#organization\"},\"potentialAction\":[{\"@type\":\"SearchAction\",\"target\":{\"@type\":\"EntryPoint\",\"urlTemplate\":\"https:\\\/\\\/www.metodomontorsi.it\\\/?s={search_term_string}\"},\"query-input\":{\"@type\":\"PropertyValueSpecification\",\"valueRequired\":true,\"valueName\":\"search_term_string\"}}],\"inLanguage\":\"fr-FR\"},{\"@type\":\"Organization\",\"@id\":\"https:\\\/\\\/www.metodomontorsi.it\\\/#organization\",\"name\":\"ACOM - Metodo Montorsi\",\"url\":\"https:\\\/\\\/www.metodomontorsi.it\\\/\",\"logo\":{\"@type\":\"ImageObject\",\"inLanguage\":\"fr-FR\",\"@id\":\"https:\\\/\\\/www.metodomontorsi.it\\\/#\\\/schema\\\/logo\\\/image\\\/\",\"url\":\"http:\\\/\\\/www.metodomontorsi.it\\\/wp-content\\\/uploads\\\/2018\\\/02\\\/acom-metodo-montorsi-logo.png\",\"contentUrl\":\"http:\\\/\\\/www.metodomontorsi.it\\\/wp-content\\\/uploads\\\/2018\\\/02\\\/acom-metodo-montorsi-logo.png\",\"width\":160,\"height\":72,\"caption\":\"ACOM - Metodo Montorsi\"},\"image\":{\"@id\":\"https:\\\/\\\/www.metodomontorsi.it\\\/#\\\/schema\\\/logo\\\/image\\\/\"}}]}<\/script>\r\n<!-- \/ Yoast SEO plugin. -->","yoast_head_json":{"title":"L\u2019approccio terapeutico ortopedico funzionale | ACOM\u00ae","description":"Il Metodo Montorsi si basa sull\u2019uso di un armonizzatore viscoelastico che agisce sull\u2019intero complesso cranio-occlusale, ideato dal Dott. Adriano Montorsi.","robots":{"index":"index","follow":"follow","max-snippet":"max-snippet:-1","max-image-preview":"max-image-preview:large","max-video-preview":"max-video-preview:-1"},"canonical":"https:\/\/www.metodomontorsi.it\/approccio-terapeutico-ortopedico-funzionale","og_locale":"fr_FR","og_type":"article","og_title":"L\u2019approccio terapeutico ortopedico funzionale | ACOM\u00ae","og_description":"Il Metodo Montorsi si basa sull\u2019uso di un armonizzatore viscoelastico che agisce sull\u2019intero complesso cranio-occlusale, ideato dal Dott. Adriano Montorsi.","og_url":"https:\/\/www.metodomontorsi.it\/approccio-terapeutico-ortopedico-funzionale","og_site_name":"M\u00e9thode Montorsi Harmonisateurs cr\u00e2nio-occlusaux","article_modified_time":"2021-12-28T10:42:09+00:00","og_image":[{"url":"http:\/\/www.metodomontorsi.it\/wp-content\/uploads\/2016\/11\/francesca_A-01-595x340.jpg","type":"","width":"","height":""}],"twitter_card":"summary_large_image","twitter_misc":{"Dur\u00e9e de lecture estim\u00e9e":"6 minutes"},"schema":{"@context":"https:\/\/schema.org","@graph":[{"@type":"WebPage","@id":"https:\/\/www.metodomontorsi.it\/approccio-terapeutico-ortopedico-funzionale","url":"https:\/\/www.metodomontorsi.it\/approccio-terapeutico-ortopedico-funzionale","name":"L\u2019approccio terapeutico ortopedico funzionale | ACOM\u00ae","isPartOf":{"@id":"https:\/\/www.metodomontorsi.it\/#website"},"primaryImageOfPage":{"@id":"https:\/\/www.metodomontorsi.it\/approccio-terapeutico-ortopedico-funzionale#primaryimage"},"image":{"@id":"https:\/\/www.metodomontorsi.it\/approccio-terapeutico-ortopedico-funzionale#primaryimage"},"thumbnailUrl":"http:\/\/www.metodomontorsi.it\/wp-content\/uploads\/2016\/11\/francesca_A-01-595x340.jpg","datePublished":"2016-11-04T17:28:15+00:00","dateModified":"2021-12-28T10:42:09+00:00","description":"Il Metodo Montorsi si basa sull\u2019uso di un armonizzatore viscoelastico che agisce sull\u2019intero complesso cranio-occlusale, ideato dal Dott. Adriano Montorsi.","breadcrumb":{"@id":"https:\/\/www.metodomontorsi.it\/approccio-terapeutico-ortopedico-funzionale#breadcrumb"},"inLanguage":"fr-FR","potentialAction":[{"@type":"ReadAction","target":["https:\/\/www.metodomontorsi.it\/approccio-terapeutico-ortopedico-funzionale"]}]},{"@type":"ImageObject","inLanguage":"fr-FR","@id":"https:\/\/www.metodomontorsi.it\/approccio-terapeutico-ortopedico-funzionale#primaryimage","url":"http:\/\/www.metodomontorsi.it\/wp-content\/uploads\/2016\/11\/francesca_A-01-595x340.jpg","contentUrl":"http:\/\/www.metodomontorsi.it\/wp-content\/uploads\/2016\/11\/francesca_A-01-595x340.jpg"},{"@type":"BreadcrumbList","@id":"https:\/\/www.metodomontorsi.it\/approccio-terapeutico-ortopedico-funzionale#breadcrumb","itemListElement":[{"@type":"ListItem","position":1,"name":"Home","item":"https:\/\/www.metodomontorsi.it\/"},{"@type":"ListItem","position":2,"name":"L\u2019approccio terapeutico ortopedico funzionale"}]},{"@type":"WebSite","@id":"https:\/\/www.metodomontorsi.it\/#website","url":"https:\/\/www.metodomontorsi.it\/","name":"M\u00e9thode Montorsi Harmonisateurs cr\u00e2nio-occlusaux","description":"ACOM\u00ae harmonisateurs cr\u00e2nio-occlusaux montorsi","publisher":{"@id":"https:\/\/www.metodomontorsi.it\/#organization"},"potentialAction":[{"@type":"SearchAction","target":{"@type":"EntryPoint","urlTemplate":"https:\/\/www.metodomontorsi.it\/?s={search_term_string}"},"query-input":{"@type":"PropertyValueSpecification","valueRequired":true,"valueName":"search_term_string"}}],"inLanguage":"fr-FR"},{"@type":"Organization","@id":"https:\/\/www.metodomontorsi.it\/#organization","name":"ACOM - Metodo Montorsi","url":"https:\/\/www.metodomontorsi.it\/","logo":{"@type":"ImageObject","inLanguage":"fr-FR","@id":"https:\/\/www.metodomontorsi.it\/#\/schema\/logo\/image\/","url":"http:\/\/www.metodomontorsi.it\/wp-content\/uploads\/2018\/02\/acom-metodo-montorsi-logo.png","contentUrl":"http:\/\/www.metodomontorsi.it\/wp-content\/uploads\/2018\/02\/acom-metodo-montorsi-logo.png","width":160,"height":72,"caption":"ACOM - Metodo Montorsi"},"image":{"@id":"https:\/\/www.metodomontorsi.it\/#\/schema\/logo\/image\/"}}]}},"_links":{"self":[{"href":"https:\/\/www.metodomontorsi.it\/fr\/wp-json\/wp\/v2\/pages\/827","targetHints":{"allow":["GET"]}}],"collection":[{"href":"https:\/\/www.metodomontorsi.it\/fr\/wp-json\/wp\/v2\/pages"}],"about":[{"href":"https:\/\/www.metodomontorsi.it\/fr\/wp-json\/wp\/v2\/types\/page"}],"author":[{"embeddable":true,"href":"https:\/\/www.metodomontorsi.it\/fr\/wp-json\/wp\/v2\/users\/2"}],"replies":[{"embeddable":true,"href":"https:\/\/www.metodomontorsi.it\/fr\/wp-json\/wp\/v2\/comments?post=827"}],"version-history":[{"count":14,"href":"https:\/\/www.metodomontorsi.it\/fr\/wp-json\/wp\/v2\/pages\/827\/revisions"}],"predecessor-version":[{"id":1789,"href":"https:\/\/www.metodomontorsi.it\/fr\/wp-json\/wp\/v2\/pages\/827\/revisions\/1789"}],"wp:attachment":[{"href":"https:\/\/www.metodomontorsi.it\/fr\/wp-json\/wp\/v2\/media?parent=827"}],"curies":[{"name":"wp","href":"https:\/\/api.w.org\/{rel}","templated":true}]}}