{"id":829,"date":"2016-11-04T18:29:40","date_gmt":"2016-11-04T17:29:40","guid":{"rendered":"http:\/\/www.metodomontorsi.it\/?page_id=829"},"modified":"2021-12-27T15:46:12","modified_gmt":"2021-12-27T14:46:12","slug":"gnatologia-e-sistema-tonico-posturale","status":"publish","type":"page","link":"https:\/\/www.metodomontorsi.it\/fr\/gnathologie-et-systeme-tonique-postural","title":{"rendered":"Gnathologie et syst\u00e8me tonique postural"},"content":{"rendered":"<p><\/p>\n<p class=\"p1\"><span class=\"s1\"><img loading=\"lazy\" decoding=\"async\" class=\"alignright wp-image-1002 size-medium\" src=\"http:\/\/www.metodomontorsi.it\/wp-content\/uploads\/2016\/11\/Asimmetrie_Craniali-1-260x180.jpg\" alt=\"\" width=\"260\" height=\"180\" srcset=\"https:\/\/www.metodomontorsi.it\/wp-content\/uploads\/2016\/11\/Asimmetrie_Craniali-1-260x180.jpg 260w, https:\/\/www.metodomontorsi.it\/wp-content\/uploads\/2016\/11\/Asimmetrie_Craniali-1-490x340.jpg 490w, https:\/\/www.metodomontorsi.it\/wp-content\/uploads\/2016\/11\/Asimmetrie_Craniali-1-55x38.jpg 55w, https:\/\/www.metodomontorsi.it\/wp-content\/uploads\/2016\/11\/Asimmetrie_Craniali-1-70x49.jpg 70w, https:\/\/www.metodomontorsi.it\/wp-content\/uploads\/2016\/11\/Asimmetrie_Craniali-1.jpg 538w\" sizes=\"auto, (max-width: 260px) 100vw, 260px\" \/>Les<strong> asym\u00e9tries cr\u00e2niennes se refl\u00e8tent toujours sur les relations occlusales<\/strong> puisque le maxillaire sup\u00e9rieur et la mandibule, c&rsquo;est-\u00e0-dire les os auxquels les dents sont attach\u00e9es, sont des pi\u00e8ces fondamentales du puzzle cr\u00e2nien. Dans le cas suivant, par exemple, il existe une torsion cr\u00e2nienne droite, c&rsquo;est-\u00e0-dire que le sph\u00e9no\u00efde et l&rsquo;occiput pr\u00e9sentent une rotation inverse sur le plan frontal. Cela se traduit visuellement sur le visage du sujet par une distance diff\u00e9rente entre la pupille et le coin externe de la bouche d&rsquo;un c\u00f4t\u00e9 par rapport \u00e0 l&rsquo;autre.<\/span><\/p>\n<p><strong>Cette asym\u00e9trie n&rsquo;est pas seulement limit\u00e9e au cr\u00e2ne, mais affecte le reste du corps, cr\u00e9ant une adaptation posturale<\/strong> qui donnera lieu \u00e0 une hauteur diff\u00e9rente des ceintures scapulaires (dans ce cas l&rsquo;\u00e9paule droite sera plus haute), \u00e0 une inclinaison et une rotation du bassin (dans ce cas il sera inclin\u00e9 vers la droite et tourn\u00e9 vers la gauche) et \u00e0 une posture asym\u00e9trique du pied et de la cheville.<\/p>\n<p>Souvent des patients viennent nous voir apr\u00e8s avoir effectu\u00e9 des mois et parfois des ann\u00e9es de th\u00e9rapie posturale sans r\u00e9ussir \u00e0 corriger leur d\u00e9s\u00e9quilibre postural. Cela est d\u00fb au fait que si l&rsquo;adaptation cr\u00e2nio-occlusale n&rsquo;est pas corrig\u00e9e, cette posture ne pourra jamais changer.<\/p>\n<hr \/>\n<p class=\"p1\"><img loading=\"lazy\" decoding=\"async\" class=\"aligncenter wp-image-998 size-full\" src=\"http:\/\/www.metodomontorsi.it\/wp-content\/uploads\/2016\/11\/asimmetria02.jpg\" alt=\"\" width=\"996\" height=\"1155\" srcset=\"https:\/\/www.metodomontorsi.it\/wp-content\/uploads\/2016\/11\/asimmetria02.jpg 996w, https:\/\/www.metodomontorsi.it\/wp-content\/uploads\/2016\/11\/asimmetria02-600x696.jpg 600w, https:\/\/www.metodomontorsi.it\/wp-content\/uploads\/2016\/11\/asimmetria02-237x275.jpg 237w, https:\/\/www.metodomontorsi.it\/wp-content\/uploads\/2016\/11\/asimmetria02-768x891.jpg 768w, https:\/\/www.metodomontorsi.it\/wp-content\/uploads\/2016\/11\/asimmetria02-293x340.jpg 293w, https:\/\/www.metodomontorsi.it\/wp-content\/uploads\/2016\/11\/asimmetria02-34x40.jpg 34w, https:\/\/www.metodomontorsi.it\/wp-content\/uploads\/2016\/11\/asimmetria02-60x70.jpg 60w\" sizes=\"auto, (max-width: 996px) 100vw, 996px\" \/><\/p>\n<p><\/p>","protected":false},"excerpt":{"rendered":"<p>Les asym\u00e9tries cr\u00e2niennes se refl\u00e8tent toujours sur les relations occlusales puisque le maxillaire sup\u00e9rieur et la mandibule, c&rsquo;est-\u00e0-dire les os auxquels les dents sont attach\u00e9es, sont des pi\u00e8ces fondamentales du puzzle cr\u00e2nien. Dans le cas suivant, par exemple, il existe une torsion cr\u00e2nienne droite, c&rsquo;est-\u00e0-dire que le sph\u00e9no\u00efde et l&rsquo;occiput pr\u00e9sentent une rotation inverse sur<\/p>\n","protected":false},"author":2,"featured_media":0,"parent":0,"menu_order":0,"comment_status":"closed","ping_status":"closed","template":"","meta":{"footnotes":""},"class_list":["post-829","page","type-page","status-publish","hentry"],"yoast_head":"<!-- This site is optimized with the Yoast SEO plugin v27.4 - https:\/\/yoast.com\/product\/yoast-seo-wordpress\/ -->\r\n<title>Gnathologie et syst\u00e8me tonique postural &#8226; M\u00e9thode Montorsi Harmonisateurs cr\u00e2nio-occlusaux<\/title>\r\n<meta name=\"robots\" content=\"index, follow, max-snippet:-1, max-image-preview:large, max-video-preview:-1\" \/>\r\n<link rel=\"canonical\" href=\"https:\/\/www.metodomontorsi.it\/gnatologia-e-sistema-tonico-posturale\" \/>\r\n<meta property=\"og:locale\" content=\"fr_FR\" \/>\r\n<meta property=\"og:type\" content=\"article\" \/>\r\n<meta property=\"og:title\" content=\"Gnathologie et syst\u00e8me tonique postural &#8226; M\u00e9thode Montorsi Harmonisateurs cr\u00e2nio-occlusaux\" \/>\r\n<meta property=\"og:description\" content=\"Les asym\u00e9tries cr\u00e2niennes se refl\u00e8tent toujours sur les relations occlusales puisque le maxillaire sup\u00e9rieur et la mandibule, c&rsquo;est-\u00e0-dire les os auxquels les dents sont attach\u00e9es, sont des pi\u00e8ces fondamentales du puzzle cr\u00e2nien. Dans le cas suivant, par exemple, il existe une torsion cr\u00e2nienne droite, c&rsquo;est-\u00e0-dire que le sph\u00e9no\u00efde et l&rsquo;occiput pr\u00e9sentent une rotation inverse sur\" \/>\r\n<meta property=\"og:url\" content=\"https:\/\/www.metodomontorsi.it\/gnatologia-e-sistema-tonico-posturale\" \/>\r\n<meta property=\"og:site_name\" content=\"M\u00e9thode Montorsi Harmonisateurs cr\u00e2nio-occlusaux\" \/>\r\n<meta property=\"article:modified_time\" content=\"2021-12-27T14:46:12+00:00\" \/>\r\n<meta property=\"og:image\" content=\"http:\/\/www.metodomontorsi.it\/wp-content\/uploads\/2016\/11\/Asimmetrie_Craniali-1-260x180.jpg\" \/>\r\n<meta name=\"twitter:card\" content=\"summary_large_image\" \/>\r\n<meta name=\"twitter:label1\" content=\"Dur\u00e9e de lecture estim\u00e9e\" \/>\n\t<meta name=\"twitter:data1\" content=\"3 minutes\" \/>\r\n<script type=\"application\/ld+json\" class=\"yoast-schema-graph\">{\"@context\":\"https:\\\/\\\/schema.org\",\"@graph\":[{\"@type\":\"WebPage\",\"@id\":\"https:\\\/\\\/www.metodomontorsi.it\\\/gnatologia-e-sistema-tonico-posturale\",\"url\":\"https:\\\/\\\/www.metodomontorsi.it\\\/gnatologia-e-sistema-tonico-posturale\",\"name\":\"Gnathologie et syst\u00e8me tonique postural &#8226; M\u00e9thode Montorsi Harmonisateurs cr\u00e2nio-occlusaux\",\"isPartOf\":{\"@id\":\"https:\\\/\\\/www.metodomontorsi.it\\\/#website\"},\"primaryImageOfPage\":{\"@id\":\"https:\\\/\\\/www.metodomontorsi.it\\\/gnatologia-e-sistema-tonico-posturale#primaryimage\"},\"image\":{\"@id\":\"https:\\\/\\\/www.metodomontorsi.it\\\/gnatologia-e-sistema-tonico-posturale#primaryimage\"},\"thumbnailUrl\":\"http:\\\/\\\/www.metodomontorsi.it\\\/wp-content\\\/uploads\\\/2016\\\/11\\\/Asimmetrie_Craniali-1-260x180.jpg\",\"datePublished\":\"2016-11-04T17:29:40+00:00\",\"dateModified\":\"2021-12-27T14:46:12+00:00\",\"breadcrumb\":{\"@id\":\"https:\\\/\\\/www.metodomontorsi.it\\\/gnatologia-e-sistema-tonico-posturale#breadcrumb\"},\"inLanguage\":\"fr-FR\",\"potentialAction\":[{\"@type\":\"ReadAction\",\"target\":[\"https:\\\/\\\/www.metodomontorsi.it\\\/gnatologia-e-sistema-tonico-posturale\"]}]},{\"@type\":\"ImageObject\",\"inLanguage\":\"fr-FR\",\"@id\":\"https:\\\/\\\/www.metodomontorsi.it\\\/gnatologia-e-sistema-tonico-posturale#primaryimage\",\"url\":\"http:\\\/\\\/www.metodomontorsi.it\\\/wp-content\\\/uploads\\\/2016\\\/11\\\/Asimmetrie_Craniali-1-260x180.jpg\",\"contentUrl\":\"http:\\\/\\\/www.metodomontorsi.it\\\/wp-content\\\/uploads\\\/2016\\\/11\\\/Asimmetrie_Craniali-1-260x180.jpg\"},{\"@type\":\"BreadcrumbList\",\"@id\":\"https:\\\/\\\/www.metodomontorsi.it\\\/gnatologia-e-sistema-tonico-posturale#breadcrumb\",\"itemListElement\":[{\"@type\":\"ListItem\",\"position\":1,\"name\":\"Home\",\"item\":\"https:\\\/\\\/www.metodomontorsi.it\\\/\"},{\"@type\":\"ListItem\",\"position\":2,\"name\":\"Gnatologia e sistema tonico posturale\"}]},{\"@type\":\"WebSite\",\"@id\":\"https:\\\/\\\/www.metodomontorsi.it\\\/#website\",\"url\":\"https:\\\/\\\/www.metodomontorsi.it\\\/\",\"name\":\"M\u00e9thode Montorsi Harmonisateurs cr\u00e2nio-occlusaux\",\"description\":\"ACOM\u00ae harmonisateurs cr\u00e2nio-occlusaux montorsi\",\"publisher\":{\"@id\":\"https:\\\/\\\/www.metodomontorsi.it\\\/#organization\"},\"potentialAction\":[{\"@type\":\"SearchAction\",\"target\":{\"@type\":\"EntryPoint\",\"urlTemplate\":\"https:\\\/\\\/www.metodomontorsi.it\\\/?s={search_term_string}\"},\"query-input\":{\"@type\":\"PropertyValueSpecification\",\"valueRequired\":true,\"valueName\":\"search_term_string\"}}],\"inLanguage\":\"fr-FR\"},{\"@type\":\"Organization\",\"@id\":\"https:\\\/\\\/www.metodomontorsi.it\\\/#organization\",\"name\":\"ACOM - Metodo Montorsi\",\"url\":\"https:\\\/\\\/www.metodomontorsi.it\\\/\",\"logo\":{\"@type\":\"ImageObject\",\"inLanguage\":\"fr-FR\",\"@id\":\"https:\\\/\\\/www.metodomontorsi.it\\\/#\\\/schema\\\/logo\\\/image\\\/\",\"url\":\"http:\\\/\\\/www.metodomontorsi.it\\\/wp-content\\\/uploads\\\/2018\\\/02\\\/acom-metodo-montorsi-logo.png\",\"contentUrl\":\"http:\\\/\\\/www.metodomontorsi.it\\\/wp-content\\\/uploads\\\/2018\\\/02\\\/acom-metodo-montorsi-logo.png\",\"width\":160,\"height\":72,\"caption\":\"ACOM - Metodo Montorsi\"},\"image\":{\"@id\":\"https:\\\/\\\/www.metodomontorsi.it\\\/#\\\/schema\\\/logo\\\/image\\\/\"}}]}<\/script>\r\n<!-- \/ Yoast SEO plugin. -->","yoast_head_json":{"title":"Gnathologie et syst\u00e8me tonique postural &#8226; M\u00e9thode Montorsi Harmonisateurs cr\u00e2nio-occlusaux","robots":{"index":"index","follow":"follow","max-snippet":"max-snippet:-1","max-image-preview":"max-image-preview:large","max-video-preview":"max-video-preview:-1"},"canonical":"https:\/\/www.metodomontorsi.it\/gnatologia-e-sistema-tonico-posturale","og_locale":"fr_FR","og_type":"article","og_title":"Gnathologie et syst\u00e8me tonique postural &#8226; M\u00e9thode Montorsi Harmonisateurs cr\u00e2nio-occlusaux","og_description":"Les asym\u00e9tries cr\u00e2niennes se refl\u00e8tent toujours sur les relations occlusales puisque le maxillaire sup\u00e9rieur et la mandibule, c&rsquo;est-\u00e0-dire les os auxquels les dents sont attach\u00e9es, sont des pi\u00e8ces fondamentales du puzzle cr\u00e2nien. Dans le cas suivant, par exemple, il existe une torsion cr\u00e2nienne droite, c&rsquo;est-\u00e0-dire que le sph\u00e9no\u00efde et l&rsquo;occiput pr\u00e9sentent une rotation inverse sur","og_url":"https:\/\/www.metodomontorsi.it\/gnatologia-e-sistema-tonico-posturale","og_site_name":"M\u00e9thode Montorsi Harmonisateurs cr\u00e2nio-occlusaux","article_modified_time":"2021-12-27T14:46:12+00:00","og_image":[{"url":"http:\/\/www.metodomontorsi.it\/wp-content\/uploads\/2016\/11\/Asimmetrie_Craniali-1-260x180.jpg","type":"","width":"","height":""}],"twitter_card":"summary_large_image","twitter_misc":{"Dur\u00e9e de lecture estim\u00e9e":"3 minutes"},"schema":{"@context":"https:\/\/schema.org","@graph":[{"@type":"WebPage","@id":"https:\/\/www.metodomontorsi.it\/gnatologia-e-sistema-tonico-posturale","url":"https:\/\/www.metodomontorsi.it\/gnatologia-e-sistema-tonico-posturale","name":"Gnathologie et syst\u00e8me tonique postural &#8226; M\u00e9thode Montorsi Harmonisateurs cr\u00e2nio-occlusaux","isPartOf":{"@id":"https:\/\/www.metodomontorsi.it\/#website"},"primaryImageOfPage":{"@id":"https:\/\/www.metodomontorsi.it\/gnatologia-e-sistema-tonico-posturale#primaryimage"},"image":{"@id":"https:\/\/www.metodomontorsi.it\/gnatologia-e-sistema-tonico-posturale#primaryimage"},"thumbnailUrl":"http:\/\/www.metodomontorsi.it\/wp-content\/uploads\/2016\/11\/Asimmetrie_Craniali-1-260x180.jpg","datePublished":"2016-11-04T17:29:40+00:00","dateModified":"2021-12-27T14:46:12+00:00","breadcrumb":{"@id":"https:\/\/www.metodomontorsi.it\/gnatologia-e-sistema-tonico-posturale#breadcrumb"},"inLanguage":"fr-FR","potentialAction":[{"@type":"ReadAction","target":["https:\/\/www.metodomontorsi.it\/gnatologia-e-sistema-tonico-posturale"]}]},{"@type":"ImageObject","inLanguage":"fr-FR","@id":"https:\/\/www.metodomontorsi.it\/gnatologia-e-sistema-tonico-posturale#primaryimage","url":"http:\/\/www.metodomontorsi.it\/wp-content\/uploads\/2016\/11\/Asimmetrie_Craniali-1-260x180.jpg","contentUrl":"http:\/\/www.metodomontorsi.it\/wp-content\/uploads\/2016\/11\/Asimmetrie_Craniali-1-260x180.jpg"},{"@type":"BreadcrumbList","@id":"https:\/\/www.metodomontorsi.it\/gnatologia-e-sistema-tonico-posturale#breadcrumb","itemListElement":[{"@type":"ListItem","position":1,"name":"Home","item":"https:\/\/www.metodomontorsi.it\/"},{"@type":"ListItem","position":2,"name":"Gnatologia e sistema tonico posturale"}]},{"@type":"WebSite","@id":"https:\/\/www.metodomontorsi.it\/#website","url":"https:\/\/www.metodomontorsi.it\/","name":"M\u00e9thode Montorsi Harmonisateurs cr\u00e2nio-occlusaux","description":"ACOM\u00ae harmonisateurs cr\u00e2nio-occlusaux montorsi","publisher":{"@id":"https:\/\/www.metodomontorsi.it\/#organization"},"potentialAction":[{"@type":"SearchAction","target":{"@type":"EntryPoint","urlTemplate":"https:\/\/www.metodomontorsi.it\/?s={search_term_string}"},"query-input":{"@type":"PropertyValueSpecification","valueRequired":true,"valueName":"search_term_string"}}],"inLanguage":"fr-FR"},{"@type":"Organization","@id":"https:\/\/www.metodomontorsi.it\/#organization","name":"ACOM - Metodo Montorsi","url":"https:\/\/www.metodomontorsi.it\/","logo":{"@type":"ImageObject","inLanguage":"fr-FR","@id":"https:\/\/www.metodomontorsi.it\/#\/schema\/logo\/image\/","url":"http:\/\/www.metodomontorsi.it\/wp-content\/uploads\/2018\/02\/acom-metodo-montorsi-logo.png","contentUrl":"http:\/\/www.metodomontorsi.it\/wp-content\/uploads\/2018\/02\/acom-metodo-montorsi-logo.png","width":160,"height":72,"caption":"ACOM - Metodo Montorsi"},"image":{"@id":"https:\/\/www.metodomontorsi.it\/#\/schema\/logo\/image\/"}}]}},"_links":{"self":[{"href":"https:\/\/www.metodomontorsi.it\/fr\/wp-json\/wp\/v2\/pages\/829","targetHints":{"allow":["GET"]}}],"collection":[{"href":"https:\/\/www.metodomontorsi.it\/fr\/wp-json\/wp\/v2\/pages"}],"about":[{"href":"https:\/\/www.metodomontorsi.it\/fr\/wp-json\/wp\/v2\/types\/page"}],"author":[{"embeddable":true,"href":"https:\/\/www.metodomontorsi.it\/fr\/wp-json\/wp\/v2\/users\/2"}],"replies":[{"embeddable":true,"href":"https:\/\/www.metodomontorsi.it\/fr\/wp-json\/wp\/v2\/comments?post=829"}],"version-history":[{"count":10,"href":"https:\/\/www.metodomontorsi.it\/fr\/wp-json\/wp\/v2\/pages\/829\/revisions"}],"predecessor-version":[{"id":1777,"href":"https:\/\/www.metodomontorsi.it\/fr\/wp-json\/wp\/v2\/pages\/829\/revisions\/1777"}],"wp:attachment":[{"href":"https:\/\/www.metodomontorsi.it\/fr\/wp-json\/wp\/v2\/media?parent=829"}],"curies":[{"name":"wp","href":"https:\/\/api.w.org\/{rel}","templated":true}]}}