{"id":831,"date":"2016-11-04T18:30:03","date_gmt":"2016-11-04T17:30:03","guid":{"rendered":"http:\/\/www.metodomontorsi.it\/?page_id=831"},"modified":"2021-12-27T16:40:18","modified_gmt":"2021-12-27T15:40:18","slug":"terapia-miofunzionale-in-ortodonzia","status":"publish","type":"page","link":"https:\/\/www.metodomontorsi.it\/fr\/therapie-myofonctionnelle-en-orthodontie","title":{"rendered":"Th\u00e9rapie myofonctionnelle en orthodontie"},"content":{"rendered":"<p><strong>La langue joue un r\u00f4le pr\u00e9dominant par rapport aux dents.<\/strong> Tenter de corriger certaines structures dentaires sans corriger au pr\u00e9alable la posture fonctionnelle et de repos de la langue, c&rsquo;est avoir perdu d\u00e8s le d\u00e9part, notamment face \u00e0 certains types de morsure.<\/p>\n<hr \/>\n<p class=\"text2\" align=\"left\"><span class=\"s1\"><img loading=\"lazy\" decoding=\"async\" class=\"aligncenter wp-image-1013 size-large\" src=\"http:\/\/www.metodomontorsi.it\/wp-content\/uploads\/2016\/11\/morsoaperto-1-817x340.jpg\" alt=\"\" width=\"817\" height=\"340\" srcset=\"https:\/\/www.metodomontorsi.it\/wp-content\/uploads\/2016\/11\/morsoaperto-1-817x340.jpg 817w, https:\/\/www.metodomontorsi.it\/wp-content\/uploads\/2016\/11\/morsoaperto-1-600x250.jpg 600w, https:\/\/www.metodomontorsi.it\/wp-content\/uploads\/2016\/11\/morsoaperto-1-260x108.jpg 260w, https:\/\/www.metodomontorsi.it\/wp-content\/uploads\/2016\/11\/morsoaperto-1-768x319.jpg 768w, https:\/\/www.metodomontorsi.it\/wp-content\/uploads\/2016\/11\/morsoaperto-1-55x23.jpg 55w, https:\/\/www.metodomontorsi.it\/wp-content\/uploads\/2016\/11\/morsoaperto-1-70x29.jpg 70w, https:\/\/www.metodomontorsi.it\/wp-content\/uploads\/2016\/11\/morsoaperto-1.jpg 1178w\" sizes=\"auto, (max-width: 817px) 100vw, 817px\" \/><\/span><\/p>\n<hr \/>\n<p>Prenons par exemple la \u00ab\u00a0morsure ouverte\u00a0\u00bb\u00a0: de nombreux parents pensent \u00e0 tort que la \u00ab\u00a0fen\u00eatre\u00a0\u00bb entre les incisives sup\u00e9rieures et inf\u00e9rieures est due au fait que l&rsquo;enfant a trop suc\u00e9 une t\u00e9tine ou a suc\u00e9 son pouce. Cela peut \u00eatre un facteur favorisant, mais \u00e7a n&rsquo;explique pas pourquoi chez des sujets n&rsquo;ayant jamais eu l&rsquo;habitude de sucer leur pouce \u00e9tant enfant et\/ou n&rsquo;ayant jamais utilis\u00e9 de t\u00e9tine, ce type de morsure est malgr\u00e9 tout pr\u00e9sent. La v\u00e9rit\u00e9 est que la <strong>\u00ab\u00a0fen\u00eatre\u00a0\u00bb entre les incisives est ouverte et maintenue de cette mani\u00e8re par la langue, qui environ deux mille fois par jour<\/strong> (c\u2019est le nombre moyen de d\u00e9glutitions qu\u2019une personne effectue quotidiennement) <strong>pousse contre les incisives au lieu de se positionner sur le \u00ab\u00a0spot palatin\u00a0\u00bb<\/strong> o\u00f9 elle devrait physiologiquement \u00eatre.<\/p>\n<p>Cette<strong> d\u00e9glutition atypique<\/strong> provoquera une morsure ouverte et il n&rsquo;y aura pas d&rsquo;orthodontie capable de vaincre la force de la langue. Le dentiste doit donc examiner la d\u00e9glutition, diagnostiquer la pr\u00e9sence d&rsquo;une d\u00e9glutition atypique et, le cas \u00e9ch\u00e9ant, orienter le patient vers une th\u00e9rapie myofonctionnelle conduite par un orthophoniste sp\u00e9cialis\u00e9 dans ce domaine. L&rsquo;orthophoniste aura pour t\u00e2che d&rsquo;\u00e9duquer et de former le patient \u00e0 d\u00e9glutir correctement. Cela aura non seulement des r\u00e9percussions b\u00e9n\u00e9fiques sur l&rsquo;esth\u00e9tique et sur la r\u00e9ussite du traitement orthodontique, mais se refl\u00e9tera \u00e9galement sur la <strong>capacit\u00e9 respiratoire<\/strong> et la <strong>capacit\u00e9 d&rsquo;attention<\/strong> de la personne.<\/p>","protected":false},"excerpt":{"rendered":"<p>La langue joue un r\u00f4le pr\u00e9dominant par rapport aux dents. Tenter de corriger certaines structures dentaires sans corriger au pr\u00e9alable la posture fonctionnelle et de repos de la langue, c&rsquo;est avoir perdu d\u00e8s le d\u00e9part, notamment face \u00e0 certains types de morsure. Prenons par exemple la \u00ab\u00a0morsure ouverte\u00a0\u00bb\u00a0: de nombreux parents pensent \u00e0 tort que<\/p>\n","protected":false},"author":2,"featured_media":0,"parent":0,"menu_order":0,"comment_status":"closed","ping_status":"closed","template":"","meta":{"footnotes":""},"class_list":["post-831","page","type-page","status-publish","hentry"],"yoast_head":"<!-- This site is optimized with the Yoast SEO plugin v27.4 - https:\/\/yoast.com\/product\/yoast-seo-wordpress\/ -->\r\n<title>Th\u00e9rapie myofonctionnelle en orthodontie &#8226; M\u00e9thode Montorsi Harmonisateurs cr\u00e2nio-occlusaux<\/title>\r\n<meta name=\"robots\" content=\"index, follow, max-snippet:-1, max-image-preview:large, max-video-preview:-1\" \/>\r\n<link rel=\"canonical\" href=\"https:\/\/www.metodomontorsi.it\/terapia-miofunzionale-in-ortodonzia\" \/>\r\n<meta property=\"og:locale\" content=\"fr_FR\" \/>\r\n<meta property=\"og:type\" content=\"article\" \/>\r\n<meta property=\"og:title\" content=\"Th\u00e9rapie myofonctionnelle en orthodontie &#8226; M\u00e9thode Montorsi Harmonisateurs cr\u00e2nio-occlusaux\" \/>\r\n<meta property=\"og:description\" content=\"La langue joue un r\u00f4le pr\u00e9dominant par rapport aux dents. Tenter de corriger certaines structures dentaires sans corriger au pr\u00e9alable la posture fonctionnelle et de repos de la langue, c&rsquo;est avoir perdu d\u00e8s le d\u00e9part, notamment face \u00e0 certains types de morsure. Prenons par exemple la \u00ab\u00a0morsure ouverte\u00a0\u00bb\u00a0: de nombreux parents pensent \u00e0 tort que\" \/>\r\n<meta property=\"og:url\" content=\"https:\/\/www.metodomontorsi.it\/terapia-miofunzionale-in-ortodonzia\" \/>\r\n<meta property=\"og:site_name\" content=\"M\u00e9thode Montorsi Harmonisateurs cr\u00e2nio-occlusaux\" \/>\r\n<meta property=\"article:modified_time\" content=\"2021-12-27T15:40:18+00:00\" \/>\r\n<meta property=\"og:image\" content=\"http:\/\/www.metodomontorsi.it\/wp-content\/uploads\/2016\/11\/morsoaperto-1-817x340.jpg\" \/>\r\n<meta name=\"twitter:card\" content=\"summary_large_image\" \/>\r\n<meta name=\"twitter:label1\" content=\"Dur\u00e9e de lecture estim\u00e9e\" \/>\n\t<meta name=\"twitter:data1\" content=\"4 minutes\" \/>\r\n<script type=\"application\/ld+json\" class=\"yoast-schema-graph\">{\"@context\":\"https:\\\/\\\/schema.org\",\"@graph\":[{\"@type\":\"WebPage\",\"@id\":\"https:\\\/\\\/www.metodomontorsi.it\\\/terapia-miofunzionale-in-ortodonzia\",\"url\":\"https:\\\/\\\/www.metodomontorsi.it\\\/terapia-miofunzionale-in-ortodonzia\",\"name\":\"Th\u00e9rapie myofonctionnelle en orthodontie &#8226; M\u00e9thode Montorsi Harmonisateurs cr\u00e2nio-occlusaux\",\"isPartOf\":{\"@id\":\"https:\\\/\\\/www.metodomontorsi.it\\\/#website\"},\"primaryImageOfPage\":{\"@id\":\"https:\\\/\\\/www.metodomontorsi.it\\\/terapia-miofunzionale-in-ortodonzia#primaryimage\"},\"image\":{\"@id\":\"https:\\\/\\\/www.metodomontorsi.it\\\/terapia-miofunzionale-in-ortodonzia#primaryimage\"},\"thumbnailUrl\":\"http:\\\/\\\/www.metodomontorsi.it\\\/wp-content\\\/uploads\\\/2016\\\/11\\\/morsoaperto-1-817x340.jpg\",\"datePublished\":\"2016-11-04T17:30:03+00:00\",\"dateModified\":\"2021-12-27T15:40:18+00:00\",\"breadcrumb\":{\"@id\":\"https:\\\/\\\/www.metodomontorsi.it\\\/terapia-miofunzionale-in-ortodonzia#breadcrumb\"},\"inLanguage\":\"fr-FR\",\"potentialAction\":[{\"@type\":\"ReadAction\",\"target\":[\"https:\\\/\\\/www.metodomontorsi.it\\\/terapia-miofunzionale-in-ortodonzia\"]}]},{\"@type\":\"ImageObject\",\"inLanguage\":\"fr-FR\",\"@id\":\"https:\\\/\\\/www.metodomontorsi.it\\\/terapia-miofunzionale-in-ortodonzia#primaryimage\",\"url\":\"http:\\\/\\\/www.metodomontorsi.it\\\/wp-content\\\/uploads\\\/2016\\\/11\\\/morsoaperto-1-817x340.jpg\",\"contentUrl\":\"http:\\\/\\\/www.metodomontorsi.it\\\/wp-content\\\/uploads\\\/2016\\\/11\\\/morsoaperto-1-817x340.jpg\"},{\"@type\":\"BreadcrumbList\",\"@id\":\"https:\\\/\\\/www.metodomontorsi.it\\\/terapia-miofunzionale-in-ortodonzia#breadcrumb\",\"itemListElement\":[{\"@type\":\"ListItem\",\"position\":1,\"name\":\"Home\",\"item\":\"https:\\\/\\\/www.metodomontorsi.it\\\/\"},{\"@type\":\"ListItem\",\"position\":2,\"name\":\"Terapia miofunzionale in ortodonzia\"}]},{\"@type\":\"WebSite\",\"@id\":\"https:\\\/\\\/www.metodomontorsi.it\\\/#website\",\"url\":\"https:\\\/\\\/www.metodomontorsi.it\\\/\",\"name\":\"M\u00e9thode Montorsi Harmonisateurs cr\u00e2nio-occlusaux\",\"description\":\"ACOM\u00ae harmonisateurs cr\u00e2nio-occlusaux montorsi\",\"publisher\":{\"@id\":\"https:\\\/\\\/www.metodomontorsi.it\\\/#organization\"},\"potentialAction\":[{\"@type\":\"SearchAction\",\"target\":{\"@type\":\"EntryPoint\",\"urlTemplate\":\"https:\\\/\\\/www.metodomontorsi.it\\\/?s={search_term_string}\"},\"query-input\":{\"@type\":\"PropertyValueSpecification\",\"valueRequired\":true,\"valueName\":\"search_term_string\"}}],\"inLanguage\":\"fr-FR\"},{\"@type\":\"Organization\",\"@id\":\"https:\\\/\\\/www.metodomontorsi.it\\\/#organization\",\"name\":\"ACOM - Metodo Montorsi\",\"url\":\"https:\\\/\\\/www.metodomontorsi.it\\\/\",\"logo\":{\"@type\":\"ImageObject\",\"inLanguage\":\"fr-FR\",\"@id\":\"https:\\\/\\\/www.metodomontorsi.it\\\/#\\\/schema\\\/logo\\\/image\\\/\",\"url\":\"http:\\\/\\\/www.metodomontorsi.it\\\/wp-content\\\/uploads\\\/2018\\\/02\\\/acom-metodo-montorsi-logo.png\",\"contentUrl\":\"http:\\\/\\\/www.metodomontorsi.it\\\/wp-content\\\/uploads\\\/2018\\\/02\\\/acom-metodo-montorsi-logo.png\",\"width\":160,\"height\":72,\"caption\":\"ACOM - Metodo Montorsi\"},\"image\":{\"@id\":\"https:\\\/\\\/www.metodomontorsi.it\\\/#\\\/schema\\\/logo\\\/image\\\/\"}}]}<\/script>\r\n<!-- \/ Yoast SEO plugin. -->","yoast_head_json":{"title":"Th\u00e9rapie myofonctionnelle en orthodontie &#8226; M\u00e9thode Montorsi Harmonisateurs cr\u00e2nio-occlusaux","robots":{"index":"index","follow":"follow","max-snippet":"max-snippet:-1","max-image-preview":"max-image-preview:large","max-video-preview":"max-video-preview:-1"},"canonical":"https:\/\/www.metodomontorsi.it\/terapia-miofunzionale-in-ortodonzia","og_locale":"fr_FR","og_type":"article","og_title":"Th\u00e9rapie myofonctionnelle en orthodontie &#8226; M\u00e9thode Montorsi Harmonisateurs cr\u00e2nio-occlusaux","og_description":"La langue joue un r\u00f4le pr\u00e9dominant par rapport aux dents. Tenter de corriger certaines structures dentaires sans corriger au pr\u00e9alable la posture fonctionnelle et de repos de la langue, c&rsquo;est avoir perdu d\u00e8s le d\u00e9part, notamment face \u00e0 certains types de morsure. Prenons par exemple la \u00ab\u00a0morsure ouverte\u00a0\u00bb\u00a0: de nombreux parents pensent \u00e0 tort que","og_url":"https:\/\/www.metodomontorsi.it\/terapia-miofunzionale-in-ortodonzia","og_site_name":"M\u00e9thode Montorsi Harmonisateurs cr\u00e2nio-occlusaux","article_modified_time":"2021-12-27T15:40:18+00:00","og_image":[{"url":"http:\/\/www.metodomontorsi.it\/wp-content\/uploads\/2016\/11\/morsoaperto-1-817x340.jpg","type":"","width":"","height":""}],"twitter_card":"summary_large_image","twitter_misc":{"Dur\u00e9e de lecture estim\u00e9e":"4 minutes"},"schema":{"@context":"https:\/\/schema.org","@graph":[{"@type":"WebPage","@id":"https:\/\/www.metodomontorsi.it\/terapia-miofunzionale-in-ortodonzia","url":"https:\/\/www.metodomontorsi.it\/terapia-miofunzionale-in-ortodonzia","name":"Th\u00e9rapie myofonctionnelle en orthodontie &#8226; M\u00e9thode Montorsi Harmonisateurs cr\u00e2nio-occlusaux","isPartOf":{"@id":"https:\/\/www.metodomontorsi.it\/#website"},"primaryImageOfPage":{"@id":"https:\/\/www.metodomontorsi.it\/terapia-miofunzionale-in-ortodonzia#primaryimage"},"image":{"@id":"https:\/\/www.metodomontorsi.it\/terapia-miofunzionale-in-ortodonzia#primaryimage"},"thumbnailUrl":"http:\/\/www.metodomontorsi.it\/wp-content\/uploads\/2016\/11\/morsoaperto-1-817x340.jpg","datePublished":"2016-11-04T17:30:03+00:00","dateModified":"2021-12-27T15:40:18+00:00","breadcrumb":{"@id":"https:\/\/www.metodomontorsi.it\/terapia-miofunzionale-in-ortodonzia#breadcrumb"},"inLanguage":"fr-FR","potentialAction":[{"@type":"ReadAction","target":["https:\/\/www.metodomontorsi.it\/terapia-miofunzionale-in-ortodonzia"]}]},{"@type":"ImageObject","inLanguage":"fr-FR","@id":"https:\/\/www.metodomontorsi.it\/terapia-miofunzionale-in-ortodonzia#primaryimage","url":"http:\/\/www.metodomontorsi.it\/wp-content\/uploads\/2016\/11\/morsoaperto-1-817x340.jpg","contentUrl":"http:\/\/www.metodomontorsi.it\/wp-content\/uploads\/2016\/11\/morsoaperto-1-817x340.jpg"},{"@type":"BreadcrumbList","@id":"https:\/\/www.metodomontorsi.it\/terapia-miofunzionale-in-ortodonzia#breadcrumb","itemListElement":[{"@type":"ListItem","position":1,"name":"Home","item":"https:\/\/www.metodomontorsi.it\/"},{"@type":"ListItem","position":2,"name":"Terapia miofunzionale in ortodonzia"}]},{"@type":"WebSite","@id":"https:\/\/www.metodomontorsi.it\/#website","url":"https:\/\/www.metodomontorsi.it\/","name":"M\u00e9thode Montorsi Harmonisateurs cr\u00e2nio-occlusaux","description":"ACOM\u00ae harmonisateurs cr\u00e2nio-occlusaux montorsi","publisher":{"@id":"https:\/\/www.metodomontorsi.it\/#organization"},"potentialAction":[{"@type":"SearchAction","target":{"@type":"EntryPoint","urlTemplate":"https:\/\/www.metodomontorsi.it\/?s={search_term_string}"},"query-input":{"@type":"PropertyValueSpecification","valueRequired":true,"valueName":"search_term_string"}}],"inLanguage":"fr-FR"},{"@type":"Organization","@id":"https:\/\/www.metodomontorsi.it\/#organization","name":"ACOM - Metodo Montorsi","url":"https:\/\/www.metodomontorsi.it\/","logo":{"@type":"ImageObject","inLanguage":"fr-FR","@id":"https:\/\/www.metodomontorsi.it\/#\/schema\/logo\/image\/","url":"http:\/\/www.metodomontorsi.it\/wp-content\/uploads\/2018\/02\/acom-metodo-montorsi-logo.png","contentUrl":"http:\/\/www.metodomontorsi.it\/wp-content\/uploads\/2018\/02\/acom-metodo-montorsi-logo.png","width":160,"height":72,"caption":"ACOM - Metodo Montorsi"},"image":{"@id":"https:\/\/www.metodomontorsi.it\/#\/schema\/logo\/image\/"}}]}},"_links":{"self":[{"href":"https:\/\/www.metodomontorsi.it\/fr\/wp-json\/wp\/v2\/pages\/831","targetHints":{"allow":["GET"]}}],"collection":[{"href":"https:\/\/www.metodomontorsi.it\/fr\/wp-json\/wp\/v2\/pages"}],"about":[{"href":"https:\/\/www.metodomontorsi.it\/fr\/wp-json\/wp\/v2\/types\/page"}],"author":[{"embeddable":true,"href":"https:\/\/www.metodomontorsi.it\/fr\/wp-json\/wp\/v2\/users\/2"}],"replies":[{"embeddable":true,"href":"https:\/\/www.metodomontorsi.it\/fr\/wp-json\/wp\/v2\/comments?post=831"}],"version-history":[{"count":7,"href":"https:\/\/www.metodomontorsi.it\/fr\/wp-json\/wp\/v2\/pages\/831\/revisions"}],"predecessor-version":[{"id":1786,"href":"https:\/\/www.metodomontorsi.it\/fr\/wp-json\/wp\/v2\/pages\/831\/revisions\/1786"}],"wp:attachment":[{"href":"https:\/\/www.metodomontorsi.it\/fr\/wp-json\/wp\/v2\/media?parent=831"}],"curies":[{"name":"wp","href":"https:\/\/api.w.org\/{rel}","templated":true}]}}