{"id":1919,"date":"2024-01-20T18:11:13","date_gmt":"2024-01-20T17:11:13","guid":{"rendered":"http:\/\/www.metodomontorsi.it\/?post_type=product&#038;p=1919"},"modified":"2024-09-17T12:02:30","modified_gmt":"2024-09-17T10:02:30","slug":"corso-formazione-medici-acom","status":"publish","type":"product","link":"https:\/\/www.metodomontorsi.it\/fr\/shop\/corso-formazione-medici-acom","title":{"rendered":"Inscription au stage \u00e0 Rome r\u00e9serv\u00e9 aux m\u00e9decins"},"content":{"rendered":"<p>Les m\u00e9decins, chirurgiens et dentistes sont admis au cours pour obtenir le dipl\u00f4me de qualification, afin d&rsquo;\u00eatre inscrit sur une liste d&rsquo;experts de la m\u00e9thode Montorsi auxquels les m\u00e9decins et les patients peuvent se r\u00e9f\u00e9rer.<\/p>\n<p>&nbsp;<\/p>\n<p>L&rsquo;objectif du cours est de fournir, \u00e0 travers des connaissances holistiques, une formation th\u00e9orique et pratique compl\u00e8te \u00e0 l&rsquo;utilisation du dispositif fonctionnel ACOM.<br \/>\nLes principes de l&rsquo;ost\u00e9opathie cr\u00e2nienne, les concepts fonctionnels de malocclusion seront transmis et des tests et \u00e9valuations posturaux seront r\u00e9alis\u00e9s aupr\u00e8s des participants au cours.<br \/>\nLe cours visera \u00e9galement \u00e0 mettre en \u00e9vidence comment la collaboration entre les dentistes et d&rsquo;autres personnalit\u00e9s professionnelles (telles que les ost\u00e9opathes, les physioth\u00e9rapeutes, les orthophonistes, les podoposturologues et les m\u00e9decins) peut am\u00e9liorer l&rsquo;apport de l&rsquo;intervention r\u00e9alis\u00e9e sur le patient, visant \u00e0 activer un juste \u00e9quilibre entre cr\u00e2ne, arcades dentaires et support de si\u00e8ge.<\/p>\n<p><a href=\"https:\/\/www.metodomontorsi.it\/fr\/corsi-di-formazione-acom\"><strong>Voir les d\u00e9tails de la formation<\/strong><\/a><\/p>","protected":false},"excerpt":{"rendered":"<p>Les m\u00e9decins, chirurgiens et dentistes sont admis au cours.<br \/>\nLe prix comprend uniquement les frais d&rsquo;inscription, pour le co\u00fbt total du cours <a href=\"https:\/\/www.metodomontorsi.it\/fr\/corsi-di-formazione-acom\">visitez la page d\u00e9di\u00e9e au cours<\/a>.<\/p>\n","protected":false},"featured_media":1920,"template":"","meta":[],"class_list":["post-1919","product","type-product","status-publish","has-post-thumbnail","hentry","product_cat-corsi"],"yoast_head":"<!-- This site is optimized with the Yoast SEO plugin v27.4 - https:\/\/yoast.com\/product\/yoast-seo-wordpress\/ -->\r\n<title>Acquista il corso di formazione ACOM\u00ae %<\/title>\r\n<meta name=\"description\" content=\"Lo scopo del corso \u00e8 quello di dare, attraverso una conoscenza olistica, una formazione completa sia teorica che pratica, per l\u2019utilizzo dell\u2019apparecchio funzionale ACOM.\u00ae\" \/>\r\n<meta name=\"robots\" content=\"index, follow, max-snippet:-1, max-image-preview:large, max-video-preview:-1\" \/>\r\n<link rel=\"canonical\" href=\"https:\/\/www.metodomontorsi.it\/shop\/corso-formazione-medici-acom\" \/>\r\n<meta property=\"og:locale\" content=\"fr_FR\" \/>\r\n<meta property=\"og:type\" content=\"article\" \/>\r\n<meta property=\"og:title\" content=\"Acquista il corso di formazione ACOM\u00ae %\" \/>\r\n<meta property=\"og:description\" content=\"Lo scopo del corso \u00e8 quello di dare, attraverso una conoscenza olistica, una formazione completa sia teorica che pratica, per l\u2019utilizzo dell\u2019apparecchio funzionale ACOM.\u00ae\" \/>\r\n<meta property=\"og:url\" content=\"https:\/\/www.metodomontorsi.it\/shop\/corso-formazione-medici-acom\" \/>\r\n<meta property=\"og:site_name\" content=\"M\u00e9thode Montorsi Harmonisateurs cr\u00e2nio-occlusaux\" \/>\r\n<meta property=\"article:modified_time\" content=\"2024-09-17T10:02:30+00:00\" \/>\r\n<meta property=\"og:image\" content=\"https:\/\/www.metodomontorsi.it\/wp-content\/uploads\/2024\/01\/corso-formazione-acom.png\" \/>\r\n\t<meta property=\"og:image:width\" content=\"1280\" \/>\r\n\t<meta property=\"og:image:height\" content=\"917\" \/>\r\n\t<meta property=\"og:image:type\" content=\"image\/png\" \/>\r\n<meta name=\"twitter:card\" content=\"summary_large_image\" \/>\r\n<meta name=\"twitter:label1\" content=\"Dur\u00e9e de lecture estim\u00e9e\" \/>\n\t<meta name=\"twitter:data1\" content=\"2 minutes\" \/>\r\n<script type=\"application\/ld+json\" class=\"yoast-schema-graph\">{\"@context\":\"https:\\\/\\\/schema.org\",\"@graph\":[{\"@type\":\"WebPage\",\"@id\":\"https:\\\/\\\/www.metodomontorsi.it\\\/shop\\\/corso-formazione-medici-acom\",\"url\":\"https:\\\/\\\/www.metodomontorsi.it\\\/shop\\\/corso-formazione-medici-acom\",\"name\":\"Acquista il corso di formazione ACOM\u00ae %\",\"isPartOf\":{\"@id\":\"https:\\\/\\\/www.metodomontorsi.it\\\/#website\"},\"primaryImageOfPage\":{\"@id\":\"https:\\\/\\\/www.metodomontorsi.it\\\/shop\\\/corso-formazione-medici-acom#primaryimage\"},\"image\":{\"@id\":\"https:\\\/\\\/www.metodomontorsi.it\\\/shop\\\/corso-formazione-medici-acom#primaryimage\"},\"thumbnailUrl\":\"https:\\\/\\\/www.metodomontorsi.it\\\/wp-content\\\/uploads\\\/2024\\\/01\\\/corso-formazione-acom.png\",\"datePublished\":\"2024-01-20T17:11:13+00:00\",\"dateModified\":\"2024-09-17T10:02:30+00:00\",\"description\":\"Lo scopo del corso \u00e8 quello di dare, attraverso una conoscenza olistica, una formazione completa sia teorica che pratica, per l\u2019utilizzo dell\u2019apparecchio funzionale ACOM.\u00ae\",\"breadcrumb\":{\"@id\":\"https:\\\/\\\/www.metodomontorsi.it\\\/shop\\\/corso-formazione-medici-acom#breadcrumb\"},\"inLanguage\":\"fr-FR\",\"potentialAction\":[{\"@type\":\"ReadAction\",\"target\":[\"https:\\\/\\\/www.metodomontorsi.it\\\/shop\\\/corso-formazione-medici-acom\"]}]},{\"@type\":\"ImageObject\",\"inLanguage\":\"fr-FR\",\"@id\":\"https:\\\/\\\/www.metodomontorsi.it\\\/shop\\\/corso-formazione-medici-acom#primaryimage\",\"url\":\"https:\\\/\\\/www.metodomontorsi.it\\\/wp-content\\\/uploads\\\/2024\\\/01\\\/corso-formazione-acom.png\",\"contentUrl\":\"https:\\\/\\\/www.metodomontorsi.it\\\/wp-content\\\/uploads\\\/2024\\\/01\\\/corso-formazione-acom.png\",\"width\":1280,\"height\":917},{\"@type\":\"BreadcrumbList\",\"@id\":\"https:\\\/\\\/www.metodomontorsi.it\\\/shop\\\/corso-formazione-medici-acom#breadcrumb\",\"itemListElement\":[{\"@type\":\"ListItem\",\"position\":1,\"name\":\"Home\",\"item\":\"https:\\\/\\\/www.metodomontorsi.it\\\/\"},{\"@type\":\"ListItem\",\"position\":2,\"name\":\"Shop\",\"item\":\"https:\\\/\\\/www.metodomontorsi.it\\\/shop\"},{\"@type\":\"ListItem\",\"position\":3,\"name\":\"Iscrizione corso di formazione a Roma riservato ai Medici\"}]},{\"@type\":\"WebSite\",\"@id\":\"https:\\\/\\\/www.metodomontorsi.it\\\/#website\",\"url\":\"https:\\\/\\\/www.metodomontorsi.it\\\/\",\"name\":\"M\u00e9thode Montorsi Harmonisateurs cr\u00e2nio-occlusaux\",\"description\":\"ACOM\u00ae harmonisateurs cr\u00e2nio-occlusaux montorsi\",\"publisher\":{\"@id\":\"https:\\\/\\\/www.metodomontorsi.it\\\/#organization\"},\"potentialAction\":[{\"@type\":\"SearchAction\",\"target\":{\"@type\":\"EntryPoint\",\"urlTemplate\":\"https:\\\/\\\/www.metodomontorsi.it\\\/?s={search_term_string}\"},\"query-input\":{\"@type\":\"PropertyValueSpecification\",\"valueRequired\":true,\"valueName\":\"search_term_string\"}}],\"inLanguage\":\"fr-FR\"},{\"@type\":\"Organization\",\"@id\":\"https:\\\/\\\/www.metodomontorsi.it\\\/#organization\",\"name\":\"ACOM - Metodo Montorsi\",\"url\":\"https:\\\/\\\/www.metodomontorsi.it\\\/\",\"logo\":{\"@type\":\"ImageObject\",\"inLanguage\":\"fr-FR\",\"@id\":\"https:\\\/\\\/www.metodomontorsi.it\\\/#\\\/schema\\\/logo\\\/image\\\/\",\"url\":\"http:\\\/\\\/www.metodomontorsi.it\\\/wp-content\\\/uploads\\\/2018\\\/02\\\/acom-metodo-montorsi-logo.png\",\"contentUrl\":\"http:\\\/\\\/www.metodomontorsi.it\\\/wp-content\\\/uploads\\\/2018\\\/02\\\/acom-metodo-montorsi-logo.png\",\"width\":160,\"height\":72,\"caption\":\"ACOM - Metodo Montorsi\"},\"image\":{\"@id\":\"https:\\\/\\\/www.metodomontorsi.it\\\/#\\\/schema\\\/logo\\\/image\\\/\"}}]}<\/script>\r\n<!-- \/ Yoast SEO plugin. -->","yoast_head_json":{"title":"Acquista il corso di formazione ACOM\u00ae %","description":"Lo scopo del corso \u00e8 quello di dare, attraverso una conoscenza olistica, una formazione completa sia teorica che pratica, per l\u2019utilizzo dell\u2019apparecchio funzionale ACOM.\u00ae","robots":{"index":"index","follow":"follow","max-snippet":"max-snippet:-1","max-image-preview":"max-image-preview:large","max-video-preview":"max-video-preview:-1"},"canonical":"https:\/\/www.metodomontorsi.it\/shop\/corso-formazione-medici-acom","og_locale":"fr_FR","og_type":"article","og_title":"Acquista il corso di formazione ACOM\u00ae %","og_description":"Lo scopo del corso \u00e8 quello di dare, attraverso una conoscenza olistica, una formazione completa sia teorica che pratica, per l\u2019utilizzo dell\u2019apparecchio funzionale ACOM.\u00ae","og_url":"https:\/\/www.metodomontorsi.it\/shop\/corso-formazione-medici-acom","og_site_name":"M\u00e9thode Montorsi Harmonisateurs cr\u00e2nio-occlusaux","article_modified_time":"2024-09-17T10:02:30+00:00","og_image":[{"width":1280,"height":917,"url":"https:\/\/www.metodomontorsi.it\/wp-content\/uploads\/2024\/01\/corso-formazione-acom.png","type":"image\/png"}],"twitter_card":"summary_large_image","twitter_misc":{"Dur\u00e9e de lecture estim\u00e9e":"2 minutes"},"schema":{"@context":"https:\/\/schema.org","@graph":[{"@type":"WebPage","@id":"https:\/\/www.metodomontorsi.it\/shop\/corso-formazione-medici-acom","url":"https:\/\/www.metodomontorsi.it\/shop\/corso-formazione-medici-acom","name":"Acquista il corso di formazione ACOM\u00ae %","isPartOf":{"@id":"https:\/\/www.metodomontorsi.it\/#website"},"primaryImageOfPage":{"@id":"https:\/\/www.metodomontorsi.it\/shop\/corso-formazione-medici-acom#primaryimage"},"image":{"@id":"https:\/\/www.metodomontorsi.it\/shop\/corso-formazione-medici-acom#primaryimage"},"thumbnailUrl":"https:\/\/www.metodomontorsi.it\/wp-content\/uploads\/2024\/01\/corso-formazione-acom.png","datePublished":"2024-01-20T17:11:13+00:00","dateModified":"2024-09-17T10:02:30+00:00","description":"Lo scopo del corso \u00e8 quello di dare, attraverso una conoscenza olistica, una formazione completa sia teorica che pratica, per l\u2019utilizzo dell\u2019apparecchio funzionale ACOM.\u00ae","breadcrumb":{"@id":"https:\/\/www.metodomontorsi.it\/shop\/corso-formazione-medici-acom#breadcrumb"},"inLanguage":"fr-FR","potentialAction":[{"@type":"ReadAction","target":["https:\/\/www.metodomontorsi.it\/shop\/corso-formazione-medici-acom"]}]},{"@type":"ImageObject","inLanguage":"fr-FR","@id":"https:\/\/www.metodomontorsi.it\/shop\/corso-formazione-medici-acom#primaryimage","url":"https:\/\/www.metodomontorsi.it\/wp-content\/uploads\/2024\/01\/corso-formazione-acom.png","contentUrl":"https:\/\/www.metodomontorsi.it\/wp-content\/uploads\/2024\/01\/corso-formazione-acom.png","width":1280,"height":917},{"@type":"BreadcrumbList","@id":"https:\/\/www.metodomontorsi.it\/shop\/corso-formazione-medici-acom#breadcrumb","itemListElement":[{"@type":"ListItem","position":1,"name":"Home","item":"https:\/\/www.metodomontorsi.it\/"},{"@type":"ListItem","position":2,"name":"Shop","item":"https:\/\/www.metodomontorsi.it\/shop"},{"@type":"ListItem","position":3,"name":"Iscrizione corso di formazione a Roma riservato ai Medici"}]},{"@type":"WebSite","@id":"https:\/\/www.metodomontorsi.it\/#website","url":"https:\/\/www.metodomontorsi.it\/","name":"M\u00e9thode Montorsi Harmonisateurs cr\u00e2nio-occlusaux","description":"ACOM\u00ae harmonisateurs cr\u00e2nio-occlusaux montorsi","publisher":{"@id":"https:\/\/www.metodomontorsi.it\/#organization"},"potentialAction":[{"@type":"SearchAction","target":{"@type":"EntryPoint","urlTemplate":"https:\/\/www.metodomontorsi.it\/?s={search_term_string}"},"query-input":{"@type":"PropertyValueSpecification","valueRequired":true,"valueName":"search_term_string"}}],"inLanguage":"fr-FR"},{"@type":"Organization","@id":"https:\/\/www.metodomontorsi.it\/#organization","name":"ACOM - Metodo Montorsi","url":"https:\/\/www.metodomontorsi.it\/","logo":{"@type":"ImageObject","inLanguage":"fr-FR","@id":"https:\/\/www.metodomontorsi.it\/#\/schema\/logo\/image\/","url":"http:\/\/www.metodomontorsi.it\/wp-content\/uploads\/2018\/02\/acom-metodo-montorsi-logo.png","contentUrl":"http:\/\/www.metodomontorsi.it\/wp-content\/uploads\/2018\/02\/acom-metodo-montorsi-logo.png","width":160,"height":72,"caption":"ACOM - Metodo Montorsi"},"image":{"@id":"https:\/\/www.metodomontorsi.it\/#\/schema\/logo\/image\/"}}]}},"_links":{"self":[{"href":"https:\/\/www.metodomontorsi.it\/fr\/wp-json\/wp\/v2\/product\/1919","targetHints":{"allow":["GET"]}}],"collection":[{"href":"https:\/\/www.metodomontorsi.it\/fr\/wp-json\/wp\/v2\/product"}],"about":[{"href":"https:\/\/www.metodomontorsi.it\/fr\/wp-json\/wp\/v2\/types\/product"}],"wp:featuredmedia":[{"embeddable":true,"href":"https:\/\/www.metodomontorsi.it\/fr\/wp-json\/wp\/v2\/media\/1920"}],"wp:attachment":[{"href":"https:\/\/www.metodomontorsi.it\/fr\/wp-json\/wp\/v2\/media?parent=1919"}],"curies":[{"name":"wp","href":"https:\/\/api.w.org\/{rel}","templated":true}]}}